{"id":8716,"date":"2024-10-02T11:46:13","date_gmt":"2024-10-02T14:46:13","guid":{"rendered":"https:\/\/fundacoesufpel.com.br\/fdms\/?page_id=8716"},"modified":"2025-02-18T09:35:48","modified_gmt":"2025-02-18T12:35:48","slug":"projetos-culturais","status":"publish","type":"page","link":"https:\/\/fundacoesufpel.com.br\/fdms\/projetos-culturais\/","title":{"rendered":"Projetos Culturais"},"content":{"rendered":"\n<p><mark style=\"background-color:rgba(0, 0, 0, 0)\" class=\"has-inline-color has-black-color\">A FDMS apoia a execu\u00e7\u00e3o dos projetos desde a sua concep\u00e7\u00e3o at\u00e9 a finaliza\u00e7\u00e3o, disponibilizando o suporte necess\u00e1rio ao desenvolvimento de iniciativas que requerem rela\u00e7\u00f5es com o ambiente externo por meio de conv\u00eanios, contratos e acordos.<\/mark><\/p>\n\n\n\n<p><em><strong>Dentre as \u00e1reas de atua\u00e7\u00e3o da Funda\u00e7\u00e3o est\u00e3o registrados os seguintes CNAES:<\/strong><\/em><\/p>\n\n\n\n<p>85.92-9-99 \u2013 Ensino de Arte e Cultura n\u00e3o especificado anteriormente;<\/p>\n\n\n\n<p>94.93-6-00 \u2013 Atividades de organiza\u00e7\u00f5es associativas ligadas \u00e0 cultura e \u00e0 arte.<\/p>\n\n\n\n<p>No Estatuto Social da Funda\u00e7\u00e3o est\u00e3o compreendidas entre suas finalidades e objetivos as seguintes atividades:<\/p>\n\n\n\n<p>Promover a presta\u00e7\u00e3o de servi\u00e7os em ordem t\u00e9cnica, cient\u00edfica, cultural, de pesquisa e assist\u00eancia para entidades p\u00fablicas e privadas;<\/p>\n\n\n\n<p>Cooperar com outras institui\u00e7\u00f5es da sociedade, inclusive IFES e ICTs, na \u00e1rea espec\u00edfica de sua compet\u00eancia, em especial nos campos de ci\u00eancia, pesquisa, cultura, tecnologia e inova\u00e7\u00e3o.<\/p>\n\n\n\n<p>Nos \u00faltimos anos, a Proponente vem atuando em projetos ligados a \u00e1rea cultural, como m\u00fasica e restauro, destacando-se os seguintes:<\/p>\n\n\n\n<p class=\"has-text-align-center\">Importante destacar tamb\u00e9m que a FDMS possui, habilitado e ativo, o CEPC: 11018 \u2013 Cadastro Estadual de Produtor Cultural junto \u00e0 Secretaria de Cultura do Estado RS<\/p>\n\n\n\n<p><strong>Para saber mais sobre os projetos culturais acesse o portf\u00f3lio abaixo:<\/strong><\/p>\n\n\n\n<div data-wp-interactive=\"core\/file\" class=\"wp-block-file\"><object data-wp-bind--hidden=\"!state.hasPdfPreview\" hidden class=\"wp-block-file__embed\" data=\"https:\/\/fundacoesufpel.com.br\/fdms\/wp-content\/uploads\/sites\/3\/2025\/02\/Portfolio-de-Projetos-Culturais-FDMS.pdf\" type=\"application\/pdf\" style=\"width:100%;height:600px\" aria-label=\"Incorporado de Portf\u00f3lio de  Projetos Culturais - FDMS.\"><\/object><a id=\"wp-block-file--media-01daf553-4c2a-4bc2-8be3-4d538607e4d2\" href=\"https:\/\/fundacoesufpel.com.br\/fdms\/wp-content\/uploads\/sites\/3\/2025\/02\/Portfolio-de-Projetos-Culturais-FDMS.pdf\">Portf\u00f3lio de  Projetos Culturais &#8211; FDMS<\/a><a href=\"https:\/\/fundacoesufpel.com.br\/fdms\/wp-content\/uploads\/sites\/3\/2025\/02\/Portfolio-de-Projetos-Culturais-FDMS.pdf\" class=\"wp-block-file__button wp-element-button\" download aria-describedby=\"wp-block-file--media-01daf553-4c2a-4bc2-8be3-4d538607e4d2\">Baixar<\/a><\/div>\n\n\n<div class=\"wp-block-image\">\n<figure class=\"aligncenter size-full is-resized\"><img data-recalc-dims=\"1\" fetchpriority=\"high\" decoding=\"async\" width=\"780\" height=\"301\" data-attachment-id=\"9140\" data-permalink=\"https:\/\/fundacoesufpel.com.br\/fdms\/projetos-culturais\/pro-cultura_governo-do-estado_positiva_v\/\" data-orig-file=\"https:\/\/i0.wp.com\/fundacoesufpel.com.br\/fdms\/wp-content\/uploads\/sites\/3\/2025\/02\/Pro-cultura_Governo-do-Estado_POSITIVA_V.png?fit=8309%2C3208&amp;ssl=1\" data-orig-size=\"8309,3208\" data-comments-opened=\"0\" data-image-meta=\"{&quot;aperture&quot;:&quot;0&quot;,&quot;credit&quot;:&quot;&quot;,&quot;camera&quot;:&quot;&quot;,&quot;caption&quot;:&quot;&quot;,&quot;created_timestamp&quot;:&quot;0&quot;,&quot;copyright&quot;:&quot;&quot;,&quot;focal_length&quot;:&quot;0&quot;,&quot;iso&quot;:&quot;0&quot;,&quot;shutter_speed&quot;:&quot;0&quot;,&quot;title&quot;:&quot;&quot;,&quot;orientation&quot;:&quot;0&quot;}\" data-image-title=\"Pr\u00f3-cultura_Governo do Estado_POSITIVA_V\" data-image-description=\"\" data-image-caption=\"\" data-medium-file=\"https:\/\/i0.wp.com\/fundacoesufpel.com.br\/fdms\/wp-content\/uploads\/sites\/3\/2025\/02\/Pro-cultura_Governo-do-Estado_POSITIVA_V.png?fit=300%2C116&amp;ssl=1\" data-large-file=\"https:\/\/i0.wp.com\/fundacoesufpel.com.br\/fdms\/wp-content\/uploads\/sites\/3\/2025\/02\/Pro-cultura_Governo-do-Estado_POSITIVA_V.png?fit=780%2C301&amp;ssl=1\" src=\"https:\/\/i0.wp.com\/fundacoesufpel.com.br\/fdms\/wp-content\/uploads\/sites\/3\/2025\/02\/Pro-cultura_Governo-do-Estado_POSITIVA_V.png?resize=780%2C301&#038;ssl=1\" alt=\"\" class=\"wp-image-9140\" style=\"width:569px;height:auto\" srcset=\"https:\/\/i0.wp.com\/fundacoesufpel.com.br\/fdms\/wp-content\/uploads\/sites\/3\/2025\/02\/Pro-cultura_Governo-do-Estado_POSITIVA_V.png?w=8309&amp;ssl=1 8309w, https:\/\/i0.wp.com\/fundacoesufpel.com.br\/fdms\/wp-content\/uploads\/sites\/3\/2025\/02\/Pro-cultura_Governo-do-Estado_POSITIVA_V.png?resize=300%2C116&amp;ssl=1 300w, https:\/\/i0.wp.com\/fundacoesufpel.com.br\/fdms\/wp-content\/uploads\/sites\/3\/2025\/02\/Pro-cultura_Governo-do-Estado_POSITIVA_V.png?resize=1024%2C395&amp;ssl=1 1024w, https:\/\/i0.wp.com\/fundacoesufpel.com.br\/fdms\/wp-content\/uploads\/sites\/3\/2025\/02\/Pro-cultura_Governo-do-Estado_POSITIVA_V.png?resize=768%2C297&amp;ssl=1 768w, https:\/\/i0.wp.com\/fundacoesufpel.com.br\/fdms\/wp-content\/uploads\/sites\/3\/2025\/02\/Pro-cultura_Governo-do-Estado_POSITIVA_V.png?resize=1536%2C593&amp;ssl=1 1536w, https:\/\/i0.wp.com\/fundacoesufpel.com.br\/fdms\/wp-content\/uploads\/sites\/3\/2025\/02\/Pro-cultura_Governo-do-Estado_POSITIVA_V.png?resize=2048%2C791&amp;ssl=1 2048w, https:\/\/i0.wp.com\/fundacoesufpel.com.br\/fdms\/wp-content\/uploads\/sites\/3\/2025\/02\/Pro-cultura_Governo-do-Estado_POSITIVA_V.png?w=2340&amp;ssl=1 2340w\" sizes=\"(max-width: 780px) 100vw, 780px\" \/><\/figure>\n<\/div>\n\n\n<p class=\"has-text-align-center\"><strong>Como podemos auxiliar no seu projeto Cultural? <\/strong><\/p>\n\n\n\n<p class=\"has-text-align-center\">Entre em contato conosco.<\/p>\n\n\n<div class=\"wp-block-image\">\n<figure class=\"aligncenter size-full is-resized\"><img data-recalc-dims=\"1\" decoding=\"async\" width=\"175\" height=\"171\" data-attachment-id=\"8755\" data-permalink=\"https:\/\/fundacoesufpel.com.br\/fdms\/projetos-culturais\/qr-code\/\" data-orig-file=\"https:\/\/i0.wp.com\/fundacoesufpel.com.br\/fdms\/wp-content\/uploads\/sites\/3\/2024\/10\/QR-Code.png?fit=175%2C171&amp;ssl=1\" data-orig-size=\"175,171\" data-comments-opened=\"0\" data-image-meta=\"{&quot;aperture&quot;:&quot;0&quot;,&quot;credit&quot;:&quot;&quot;,&quot;camera&quot;:&quot;&quot;,&quot;caption&quot;:&quot;&quot;,&quot;created_timestamp&quot;:&quot;0&quot;,&quot;copyright&quot;:&quot;&quot;,&quot;focal_length&quot;:&quot;0&quot;,&quot;iso&quot;:&quot;0&quot;,&quot;shutter_speed&quot;:&quot;0&quot;,&quot;title&quot;:&quot;&quot;,&quot;orientation&quot;:&quot;0&quot;}\" data-image-title=\"QR Code\" data-image-description=\"\" data-image-caption=\"\" data-medium-file=\"https:\/\/i0.wp.com\/fundacoesufpel.com.br\/fdms\/wp-content\/uploads\/sites\/3\/2024\/10\/QR-Code.png?fit=175%2C171&amp;ssl=1\" data-large-file=\"https:\/\/i0.wp.com\/fundacoesufpel.com.br\/fdms\/wp-content\/uploads\/sites\/3\/2024\/10\/QR-Code.png?fit=175%2C171&amp;ssl=1\" src=\"https:\/\/i0.wp.com\/fundacoesufpel.com.br\/fdms\/wp-content\/uploads\/sites\/3\/2024\/10\/QR-Code.png?resize=175%2C171&#038;ssl=1\" alt=\"\" class=\"wp-image-8755\" style=\"width:220px;height:auto\" srcset=\"https:\/\/i0.wp.com\/fundacoesufpel.com.br\/fdms\/wp-content\/uploads\/sites\/3\/2024\/10\/QR-Code.png?w=175&amp;ssl=1 175w, https:\/\/i0.wp.com\/fundacoesufpel.com.br\/fdms\/wp-content\/uploads\/sites\/3\/2024\/10\/QR-Code.png?resize=50%2C50&amp;ssl=1 50w\" sizes=\"(max-width: 175px) 100vw, 175px\" \/><\/figure>\n<\/div>","protected":false},"excerpt":{"rendered":"<p>A FDMS apoia a execu\u00e7\u00e3o dos projetos desde a sua concep\u00e7\u00e3o at\u00e9 a finaliza\u00e7\u00e3o, disponibilizando o suporte necess\u00e1rio ao desenvolvimento [&hellip;]<\/p>\n","protected":false},"author":19,"featured_media":0,"parent":0,"menu_order":0,"comment_status":"closed","ping_status":"closed","template":"","meta":{"jetpack_post_was_ever_published":false,"footnotes":""},"class_list":["post-8716","page","type-page","status-publish","hentry"],"jetpack_sharing_enabled":true,"jetpack_likes_enabled":true,"jetpack-related-posts":[{"id":4587,"url":"https:\/\/fundacoesufpel.com.br\/fdms\/projetos-de-extensao\/","url_meta":{"origin":8716,"position":0},"title":"Projetos de Extens\u00e3o &#8211; Conhecimento e Servi\u00e7os para a Comunidade.","author":"admin","date":"25\/08\/2021","format":false,"excerpt":"Portf\u00f3lio - Acesse clicando aqui. Durante os primeiros meses de gest\u00e3o realizamos uma an\u00e1lise de cen\u00e1rio e identificamos que os desafios postos para o enfrentamento do atual momento pol\u00edtico, econ\u00f4mico e social s\u00e3o abissais. \u00c9 imperativo que estrat\u00e9gias para tal enfrentamento sejam implementadas. A unidade de apoio \u00e0 Universidade Federal\u2026","rel":"","context":"Post similar","block_context":{"text":"Post similar","link":""},"img":{"alt_text":"","src":"","width":0,"height":0},"classes":[]},{"id":1822,"url":"https:\/\/fundacoesufpel.com.br\/fdms\/primeiros-passos\/","url_meta":{"origin":8716,"position":1},"title":"Primeiros Passos","author":"admin","date":"18\/09\/2020","format":false,"excerpt":"Os instrumentos firmados pela UFPel com as Funda\u00e7\u00f5es de Apoio s\u00e3o provenientes de projetos de ensino, pesquisa, extens\u00e3o, desenvolvimento institucional, cient\u00edfico e tecnol\u00f3gico e est\u00edmulo \u00e0 inova\u00e7\u00e3o coordenados por professores e\/ou t\u00e9cnicos administrativo da Universidade em favor da comunidade interna e\/ou externa da institui\u00e7\u00e3o. \u00a0 1\u00ba - Projeto aprovado pela\u2026","rel":"","context":"Post similar","block_context":{"text":"Post similar","link":""},"img":{"alt_text":"","src":"","width":0,"height":0},"classes":[]},{"id":2319,"url":"https:\/\/fundacoesufpel.com.br\/fdms\/programa-de-integridade\/","url_meta":{"origin":8716,"position":2},"title":"Programa de Integridade","author":"admin","date":"06\/11\/2020","format":false,"excerpt":"Na data de\u00a001\/10\/2020\u00a0foi criado o Comit\u00ea de \u00c9tica e Compliance pela\u00a0Funda\u00e7\u00e3o Delfim Mendes Silveira\u00a0com o objetivo de implementar um\u00a0Programa Integridade para ado\u00e7\u00e3o de medidas e a\u00e7\u00f5es institucionais destinadas \u00e0 preven\u00e7\u00e3o, \u00e0 detec\u00e7\u00e3o, \u00e0 puni\u00e7\u00e3o e \u00e0 remedia\u00e7\u00e3o de fraudes e atos de corrup\u00e7\u00e3o em apoio \u00e0 boa governan\u00e7a. A Diretoria\u2026","rel":"","context":"Post similar","block_context":{"text":"Post similar","link":""},"img":{"alt_text":"","src":"https:\/\/i0.wp.com\/fundacoesufpel.com.br\/fdms\/wp-content\/uploads\/sites\/3\/2022\/07\/Imagem-para-o-site.png?resize=350%2C200&ssl=1","width":350,"height":200},"classes":[]},{"id":1815,"url":"https:\/\/fundacoesufpel.com.br\/fdms\/financiadores\/","url_meta":{"origin":8716,"position":3},"title":"Financiadores","author":"admin","date":"18\/09\/2020","format":false,"excerpt":"Os financiadores s\u00e3o parte imprescind\u00edvel para a realiza\u00e7\u00e3o de muitos projetos. Desta forma, importante elencar aqueles que fazem e j\u00e1 fizeram parte dos projetos da Funda\u00e7\u00e3o, s\u00e3o eles: PARCEIROS P\u00daBLICOSBANCO NACIONAL DE DESENVOLVIMENTO ECON\u00d4MICO - BNDESEMENDAS PARLAMENTARESEMPRESA BRASILEIRA DE PESQUISA E INOVA\u00c7\u00c3O INDUSTRIAL (EMBRAPII)FINEP - FINANCIADORA DE ESTUDOS E PROJETOSINSTITUTO\u2026","rel":"","context":"Post similar","block_context":{"text":"Post similar","link":""},"img":{"alt_text":"","src":"","width":0,"height":0},"classes":[]},{"id":1814,"url":"https:\/\/fundacoesufpel.com.br\/fdms\/instituicao-apoiada\/","url_meta":{"origin":8716,"position":4},"title":"Institui\u00e7\u00f5es apoiadas","author":"admin","date":"18\/09\/2020","format":false,"excerpt":"Credenciada e autorizada como Funda\u00e7\u00e3o de Apoio \u00e0 Universidades, a FDMS visa dar suporte ao desenvolvimento da inova\u00e7\u00e3o e da pesquisa cient\u00edfica e tecnol\u00f3gica, criando condi\u00e7\u00f5es mais prop\u00edcias para que as Universidades estabele\u00e7am rela\u00e7\u00f5es com o ambiente externo atrav\u00e9s de conv\u00eanios, contratos e acordos. Universidade Federal de Pelotas A UFPel\u2026","rel":"","context":"Post similar","block_context":{"text":"Post similar","link":""},"img":{"alt_text":"","src":"https:\/\/i0.wp.com\/fundacoesufpel.com.br\/fdms\/wp-content\/uploads\/sites\/3\/2025\/04\/Marca-IFFar-vertical-1-scaled.png?resize=350%2C200&ssl=1","width":350,"height":200,"srcset":"https:\/\/i0.wp.com\/fundacoesufpel.com.br\/fdms\/wp-content\/uploads\/sites\/3\/2025\/04\/Marca-IFFar-vertical-1-scaled.png?resize=350%2C200&ssl=1 1x, https:\/\/i0.wp.com\/fundacoesufpel.com.br\/fdms\/wp-content\/uploads\/sites\/3\/2025\/04\/Marca-IFFar-vertical-1-scaled.png?resize=525%2C300&ssl=1 1.5x, https:\/\/i0.wp.com\/fundacoesufpel.com.br\/fdms\/wp-content\/uploads\/sites\/3\/2025\/04\/Marca-IFFar-vertical-1-scaled.png?resize=700%2C400&ssl=1 2x, https:\/\/i0.wp.com\/fundacoesufpel.com.br\/fdms\/wp-content\/uploads\/sites\/3\/2025\/04\/Marca-IFFar-vertical-1-scaled.png?resize=1050%2C600&ssl=1 3x, https:\/\/i0.wp.com\/fundacoesufpel.com.br\/fdms\/wp-content\/uploads\/sites\/3\/2025\/04\/Marca-IFFar-vertical-1-scaled.png?resize=1400%2C800&ssl=1 4x"},"classes":[]},{"id":3614,"url":"https:\/\/fundacoesufpel.com.br\/fdms\/ordens-internas-pareceres\/","url_meta":{"origin":8716,"position":5},"title":"Ordens Internas e Pareceres","author":"admin","date":"11\/12\/2020","format":false,"excerpt":"Com intuito de aprimorar e normatizar os procedimentos e fluxos internos\/externos, vimos informar as ordens internas que regulamentam algumas a\u00e7\u00f5es: Ordem Interna n\u00ba 01\u00a0- Regulamenta o funcionamento das assinaturas dos diretores para realiza\u00e7\u00e3o de pagamentos Ordem Interna n\u00b0 02\u00a0- Regulamenta o funcionamento da publica\u00e7\u00e3o de editais de sele\u00e7\u00e3o de bolsistas\u2026","rel":"","context":"Post similar","block_context":{"text":"Post similar","link":""},"img":{"alt_text":"","src":"","width":0,"height":0},"classes":[]}],"jetpack_shortlink":"https:\/\/wp.me\/PcrDaD-2gA","_links":{"self":[{"href":"https:\/\/fundacoesufpel.com.br\/fdms\/wp-json\/wp\/v2\/pages\/8716","targetHints":{"allow":["GET"]}}],"collection":[{"href":"https:\/\/fundacoesufpel.com.br\/fdms\/wp-json\/wp\/v2\/pages"}],"about":[{"href":"https:\/\/fundacoesufpel.com.br\/fdms\/wp-json\/wp\/v2\/types\/page"}],"author":[{"embeddable":true,"href":"https:\/\/fundacoesufpel.com.br\/fdms\/wp-json\/wp\/v2\/users\/19"}],"replies":[{"embeddable":true,"href":"https:\/\/fundacoesufpel.com.br\/fdms\/wp-json\/wp\/v2\/comments?post=8716"}],"version-history":[{"count":31,"href":"https:\/\/fundacoesufpel.com.br\/fdms\/wp-json\/wp\/v2\/pages\/8716\/revisions"}],"predecessor-version":[{"id":9142,"href":"https:\/\/fundacoesufpel.com.br\/fdms\/wp-json\/wp\/v2\/pages\/8716\/revisions\/9142"}],"wp:attachment":[{"href":"https:\/\/fundacoesufpel.com.br\/fdms\/wp-json\/wp\/v2\/media?parent=8716"}],"curies":[{"name":"wp","href":"https:\/\/api.w.org\/{rel}","templated":true}]}}