{"id":849,"date":"2020-08-10T23:46:49","date_gmt":"2020-08-11T02:46:49","guid":{"rendered":"http:\/\/www2.fundacoesufpel.com.br\/fau-1\/?page_id=849"},"modified":"2020-10-19T01:14:24","modified_gmt":"2020-10-19T04:14:24","slug":"perguntas-frequentes","status":"publish","type":"page","link":"https:\/\/fundacoesufpel.com.br\/fdms\/perguntas-frequentes\/","title":{"rendered":"Perguntas Frequentes"},"content":{"rendered":"\t\t\t\t\t\t\t<h3 style=\"margin-bottom:20px;display:block;width:100%;margin-top:10px\"> <\/h3>\r\n\t\t\t\t\t\t<style>\r\n\t\t\t\t<style>\r\n#wpsm_accordion_2229 .wpsm_panel-heading{\r\n\tpadding:0px !important;\r\n}\r\n#wpsm_accordion_2229 .wpsm_panel-title {\r\n\tmargin:0px !important; \r\n\ttext-transform:none !important;\r\n\tline-height: 1 !important;\r\n}\r\n#wpsm_accordion_2229 .wpsm_panel-title a{\r\n\ttext-decoration:none;\r\n\toverflow:hidden;\r\n\tdisplay:block;\r\n\tpadding:0px;\r\n\tfont-size: 18px !important;\r\n\tfont-family: Open Sans !important;\r\n\tcolor:#000000 !important;\r\n\tborder-bottom:0px !important;\r\n}\r\n\r\n#wpsm_accordion_2229 .wpsm_panel-title a:focus {\r\noutline: 0px !important;\r\n}\r\n\r\n#wpsm_accordion_2229 .wpsm_panel-title a:hover, #wpsm_accordion_2229 .wpsm_panel-title a:focus {\r\n\tcolor:#000000 !important;\r\n}\r\n#wpsm_accordion_2229 .acc-a{\r\n\tcolor: #000000 !important;\r\n\tbackground-color:#e8e8e8 !important;\r\n\tborder-color: #ddd;\r\n}\r\n#wpsm_accordion_2229 .wpsm_panel-default > .wpsm_panel-heading{\r\n\tcolor: #000000 !important;\r\n\tbackground-color: #e8e8e8 !important;\r\n\tborder-color: #e8e8e8 !important;\r\n\tborder-top-left-radius: 0px;\r\n\tborder-top-right-radius: 0px;\r\n}\r\n#wpsm_accordion_2229 .wpsm_panel-default {\r\n\t\tborder:1px solid transparent !important;\r\n\t}\r\n#wpsm_accordion_2229 {\r\n\tmargin-bottom: 20px;\r\n\toverflow: hidden;\r\n\tfloat: none;\r\n\twidth: 100%;\r\n\tdisplay: block;\r\n}\r\n#wpsm_accordion_2229 .ac_title_class{\r\n\tdisplay: block;\r\n\tpadding-top: 12px;\r\n\tpadding-bottom: 12px;\r\n\tpadding-left: 15px;\r\n\tpadding-right: 15px;\r\n}\r\n#wpsm_accordion_2229  .wpsm_panel {\r\n\toverflow:hidden;\r\n\t-webkit-box-shadow: 0 0px 0px rgba(0, 0, 0, .05);\r\n\tbox-shadow: 0 0px 0px rgba(0, 0, 0, .05);\r\n\t\tborder-radius: 4px;\r\n\t}\r\n#wpsm_accordion_2229  .wpsm_panel + .wpsm_panel {\r\n\t\tmargin-top: 5px;\r\n\t}\r\n#wpsm_accordion_2229  .wpsm_panel-body{\r\n\tbackground-color:#ffffff !important;\r\n\tcolor:#000000 !important;\r\n\tborder-top-color: #e8e8e8 !important;\r\n\tfont-size:16px !important;\r\n\tfont-family: Open Sans !important;\r\n\toverflow: hidden;\r\n\t\tborder: 2px solid #e8e8e8 !important;\r\n\t}\r\n\r\n#wpsm_accordion_2229 .ac_open_cl_icon{\r\n\tbackground-color:#e8e8e8 !important;\r\n\tcolor: #000000 !important;\r\n\tfloat:right !important;\r\n\tpadding-top: 12px !important;\r\n\tpadding-bottom: 12px !important;\r\n\tline-height: 1.0 !important;\r\n\tpadding-left: 15px !important;\r\n\tpadding-right: 15px !important;\r\n\tdisplay: inline-block !important;\r\n}\r\n\r\n\t\t\t\r\n\t\t\t<\/style>\t\r\n\t\t\t<\/style>\r\n\t\t\t<div class=\"wpsm_panel-group\" id=\"wpsm_accordion_2229\" >\r\n\t\t\t\t\t\t\t\t\r\n\t\t\t\t\t<!-- Inner panel Start -->\r\n\t\t\t\t\t<div class=\"wpsm_panel wpsm_panel-default\">\r\n\t\t\t\t\t\t<div class=\"wpsm_panel-heading\" role=\"tab\" >\r\n\t\t\t\t\t\t  <h4 class=\"wpsm_panel-title\">\r\n\t\t\t\t\t\t\t<a  class=\"\"  data-toggle=\"collapse\" data-parent=\"\" href=\"javascript:void(0)\" data-target=\"#ac_2229_collapse1\" onclick=\"do_resize()\">\r\n\t\t\t\t\t\t\t\t\t\t\t\t\t\t\t\t\t<span class=\"ac_open_cl_icon fa fa-minus\"><\/span>\r\n\t\t\t\t\t\t\t\t\t\r\n\t\t\t\t\t\t\t\t \r\n\t\t\t\t\t\t\t\t<span class=\"ac_title_class\">\r\n\t\t\t\t\t\t\t\t\t\t\t\t\t\t\t\t\t\t\t\t<span style=\"margin-right:6px;\" class=\"fa fa-angle-right\"><\/span>\r\n\t\t\t\t\t\t\t\t\tO que \u00e9 uma Funda\u00e7\u00e3o de Apoio?\t\t\t\t\t\t\t\t<\/span>\r\n\t\t\t\t\t\t\t<\/a>\r\n\t\t\t\t\t\t  <\/h4>\r\n\t\t\t\t\t\t<\/div>\r\n\t\t\t\t\t\t<div id=\"ac_2229_collapse1\" class=\"wpsm_panel-collapse collapse in\"  >\r\n\t\t\t\t\t\t  <div class=\"wpsm_panel-body\">\r\n\t\t\t\t\t\t\t\u00c9 uma Funda\u00e7\u00e3o, de natureza jur\u00eddica privada e sem fins lucrativos, que possui o credenciamento pr\u00e9vio submetido ao crivo do Minist\u00e9rio da Educa\u00e7\u00e3o e Minist\u00e9rio da Ci\u00eancia, Tecnologia e Inova\u00e7\u00e3o, de acordo com a Lei n\u00ba 8.958\/94, Dec. n\u00ba 7.423\/10 e Portaria Interministerial n\u00ba 191\/12 MEC\/MCTI.\t\t\t\t\t\t  <\/div>\r\n\t\t\t\t\t\t<\/div>\r\n\t\t\t\t\t<\/div>\r\n\t\t\t\t\t<!-- Inner panel End -->\r\n\t\t\t\t\t\r\n\t\t\t\t\t\t\t\t\r\n\t\t\t\t\t<!-- Inner panel Start -->\r\n\t\t\t\t\t<div class=\"wpsm_panel wpsm_panel-default\">\r\n\t\t\t\t\t\t<div class=\"wpsm_panel-heading\" role=\"tab\" >\r\n\t\t\t\t\t\t  <h4 class=\"wpsm_panel-title\">\r\n\t\t\t\t\t\t\t<a  class=\"collapsed\"  data-toggle=\"collapse\" data-parent=\"\" href=\"javascript:void(0)\" data-target=\"#ac_2229_collapse2\" onclick=\"do_resize()\">\r\n\t\t\t\t\t\t\t\t\t\t\t\t\t\t\t\t\t<span class=\"ac_open_cl_icon fa fa-plus\"><\/span>\r\n\t\t\t\t\t\t\t\t\t\r\n\t\t\t\t\t\t\t\t \r\n\t\t\t\t\t\t\t\t<span class=\"ac_title_class\">\r\n\t\t\t\t\t\t\t\t\t\t\t\t\t\t\t\t\t\t\t\t<span style=\"margin-right:6px;\" class=\"fa fa-angle-right\"><\/span>\r\n\t\t\t\t\t\t\t\t\tComo s\u00e3o formalizadas as rela\u00e7\u00f5es entre as Funda\u00e7\u00f5es de Apoio e as Entidades Apoiadas?\t\t\t\t\t\t\t\t<\/span>\r\n\t\t\t\t\t\t\t<\/a>\r\n\t\t\t\t\t\t  <\/h4>\r\n\t\t\t\t\t\t<\/div>\r\n\t\t\t\t\t\t<div id=\"ac_2229_collapse2\" class=\"wpsm_panel-collapse collapse \"  >\r\n\t\t\t\t\t\t  <div class=\"wpsm_panel-body\">\r\n\t\t\t\t\t\t\tAs rela\u00e7\u00f5es podem ser formalizadas por meio de contratos, conv\u00eanios, acordos ou ajustes individualizados com objetos espec\u00edficos e prazos determinados (art. 1\u00ba da Lei n\u00ba 8.958\/94 e art. 8\u00ba do Dec. n\u00ba 7.423\/10).\t\t\t\t\t\t  <\/div>\r\n\t\t\t\t\t\t<\/div>\r\n\t\t\t\t\t<\/div>\r\n\t\t\t\t\t<!-- Inner panel End -->\r\n\t\t\t\t\t\r\n\t\t\t\t\t\t\t\t\r\n\t\t\t\t\t<!-- Inner panel Start -->\r\n\t\t\t\t\t<div class=\"wpsm_panel wpsm_panel-default\">\r\n\t\t\t\t\t\t<div class=\"wpsm_panel-heading\" role=\"tab\" >\r\n\t\t\t\t\t\t  <h4 class=\"wpsm_panel-title\">\r\n\t\t\t\t\t\t\t<a  class=\"collapsed\"  data-toggle=\"collapse\" data-parent=\"\" href=\"javascript:void(0)\" data-target=\"#ac_2229_collapse3\" onclick=\"do_resize()\">\r\n\t\t\t\t\t\t\t\t\t\t\t\t\t\t\t\t\t<span class=\"ac_open_cl_icon fa fa-plus\"><\/span>\r\n\t\t\t\t\t\t\t\t\t\r\n\t\t\t\t\t\t\t\t \r\n\t\t\t\t\t\t\t\t<span class=\"ac_title_class\">\r\n\t\t\t\t\t\t\t\t\t\t\t\t\t\t\t\t\t\t\t\t<span style=\"margin-right:6px;\" class=\"fa fa-angle-right\"><\/span>\r\n\t\t\t\t\t\t\t\t\tO que \u00e9 Convenente, Concedente, Interveniente e outros termos de acordo com a Portaria Interministerial N\u00ba 424?\t\t\t\t\t\t\t\t<\/span>\r\n\t\t\t\t\t\t\t<\/a>\r\n\t\t\t\t\t\t  <\/h4>\r\n\t\t\t\t\t\t<\/div>\r\n\t\t\t\t\t\t<div id=\"ac_2229_collapse3\" class=\"wpsm_panel-collapse collapse \"  >\r\n\t\t\t\t\t\t  <div class=\"wpsm_panel-body\">\r\n\t\t\t\t\t\t\tPara os efeitos da Portaria Interministerial N\u00ba 424, de 30 de dezembro de 2016, considera-se:\r\n<br>\r\n<br>\r\n<strong>Concedente<\/strong>: \u00f3rg\u00e3o ou entidade da Administra\u00e7\u00e3o P\u00fablica Federal, direta ou indireta, respons\u00e1vel pela transfer\u00eancia dos recursos, verifica\u00e7\u00e3o da conformidade financeira, acompanhamento da execu\u00e7\u00e3o e avalia\u00e7\u00e3o do cumprimento do objeto do instrumento;\r\n<br>\r\n<br>\r\n<strong>Contrato de repasse<\/strong>: instrumento administrativo, de interesse rec\u00edproco, por meio do qual a transfer\u00eancia dos recursos financeiros se processa por interm\u00e9dio de institui\u00e7\u00e3o ou agente financeiro p\u00fablico federal, que atua como mandat\u00e1rio da Uni\u00e3o;\r\n<br>\r\n<br>\r\n<strong>Convenente<\/strong>: \u00f3rg\u00e3o ou entidade da Administra\u00e7\u00e3o P\u00fablica direta ou indireta, de qualquer esfera de governo, cons\u00f3rcio p\u00fablico ou entidade privada sem fins lucrativos, com a qual a Administra\u00e7\u00e3o P\u00fablica Federal pactua a execu\u00e7\u00e3o de programas, projetos e atividades de interesse rec\u00edproco por meio de conv\u00eanios ou contratos de repasse;\r\n<br>\r\n<br>\r\n<strong>Conv\u00eanio<\/strong>: instrumento que disciplina a transfer\u00eancia de recursos financeiros de \u00f3rg\u00e3os ou entidades da Administra\u00e7\u00e3o P\u00fablica Federal, direta ou indireta, para \u00f3rg\u00e3os ou entidades da Administra\u00e7\u00e3o P\u00fablica Estadual, Distrital ou Municipal, direta ou indireta, cons\u00f3rcios p\u00fablicos, ou ainda, entidades privadas sem fins lucrativos, visando \u00e0 execu\u00e7\u00e3o de projeto ou atividade de interesse rec\u00edproco, em regime de m\u00fatua coopera\u00e7\u00e3o;\r\n<br>\r\n<br>\r\n<strong>Interveniente<\/strong>: \u00f3rg\u00e3o ou entidade da Administra\u00e7\u00e3o P\u00fablica direta ou indireta de qualquer esfera de governo, ou entidade privada que participa do instrumento para manifestar consentimento ou assumir obriga\u00e7\u00f5es em nome pr\u00f3prio;\r\n<br>\r\n<br>\r\n<strong>Instrumentos<\/strong>: conv\u00eanios e contratos de repasse;\r\n<br>\r\n<br>\r\nMandat\u00e1rias institui\u00e7\u00f5es financeiras oficiais federais, que celebram e operacionalizam, em nome da Uni\u00e3o, os instrumentos regulados por esta Portaria;\r\n<br>\r\n<br>\r\n<strong>Meta<\/strong>: parcela quantific\u00e1vel do objeto descrita no plano de trabalho;\r\n<br>\r\n<br>\r\n<strong>Objeto<\/strong>: produto do instrumento, observados o programa de trabalho e as suas finalidades;\r\n<br>\r\n<br>\r\nOrdem banc\u00e1ria de transfer\u00eancias volunt\u00e1rias - OBTV: minuta da ordem banc\u00e1ria de pagamento de despesa dos instrumentos, encaminhada virtualmente pelo SICONV ao Sistema Integrado de Administra\u00e7\u00e3o Financeira do Governo Federal - SIAFI, mediante autoriza\u00e7\u00e3o do Gestor Financeiro e do Ordenador de Despesa do convenente, ambos previamente cadastrados no SICONV, para posterior envio, pelo pr\u00f3prio SIAFI, \u00e0 institui\u00e7\u00e3o banc\u00e1ria que efetuar\u00e1 o cr\u00e9- dito na conta corrente do benefici\u00e1rio final da despesa;\r\n<br>\r\n<br>\r\n<strong>Plano de trabalho<\/strong>: pe\u00e7a processual integrante dos instrumentos, que evidencia o detalhamento do objeto, da justificativa, dos cronogramas f\u00edsico e financeiro, do plano de aplica\u00e7\u00e3o das despesas, bem como das informa\u00e7\u00f5es da conta corrente espec\u00edfica, dos part\u00edcipes e dos seus representantes;\r\n<br>\r\n<br>\r\n<strong>Presta\u00e7\u00e3o de contas financeira<\/strong>: procedimento de acompanhamento sistem\u00e1tico da conformidade financeira, considerando o in\u00edcio e o fim da vig\u00eancia dos instrumentos;\r\n<br>\r\n<br>\r\n<strong>Presta\u00e7\u00e3o de contas t\u00e9cnica<\/strong>: procedimento de an\u00e1lise dos elementos que comprovam, sob os aspectos t\u00e9cnicos, a execu\u00e7\u00e3o integral do objeto e o alcance dos resultados previstos nos instrumentos;\r\n<br>\r\n<br>\r\n<strong>Proponente<\/strong>: \u00f3rg\u00e3o ou entidade p\u00fablica ou entidade privada sem fins lucrativos que manifeste, por meio de proposta ou plano de trabalho, interesse em celebrar instrumento regulado por esta Portaria;\r\n<br>\r\n<br>\r\n<strong>Proposta de trabalho<\/strong>: pe\u00e7a processual inicial utilizada para manifesta\u00e7\u00e3o formal dos \u00f3rg\u00e3os ou entidades p\u00fablicas ou privadas sem fins lucrativos, interessadas em celebrar os instrumentos regulamentados por esta Portaria, cujo conte\u00fado contempla a descri\u00e7\u00e3o do objeto; a justificativa; a indica\u00e7\u00e3o do p\u00fablico alvo; a estimativa dos recursos do concedente e contrapartida e as informa\u00e7\u00f5es relativas \u00e0 capacidade t\u00e9cnica e gerencial do proponente;\r\n<br>\r\n<br>\r\n<strong>Termo de refer\u00eancia<\/strong>: documento apresentado quando o objeto do instrumento envolver aquisi\u00e7\u00e3o de bens ou presta\u00e7\u00e3o de servi\u00e7os, que dever\u00e1 conter elementos capazes de propiciar a avalia\u00e7\u00e3o do custo pela Administra\u00e7\u00e3o, diante de or\u00e7amento detalhado, considerando os pre\u00e7os praticados no mercado da regi\u00e3o onde ser\u00e1 executado o objeto, a defini\u00e7\u00e3o dos m\u00e9todos e o prazo de execu\u00e7\u00e3o do objeto; e Unidade executora: \u00f3rg\u00e3o ou entidade da Administra\u00e7\u00e3o P\u00fablica, das esferas Estadual, Distrital ou Municipal, sobre o qual pode recair a responsabilidade pela execu\u00e7\u00e3o dos objetos definidos nos instrumentos de que trata esta Portaria, a crit\u00e9rio do convenente, desde que aprovado previamente pelo concedente, devendo ser considerado como part\u00edcipe no instrumento.\t\t\t\t\t\t  <\/div>\r\n\t\t\t\t\t\t<\/div>\r\n\t\t\t\t\t<\/div>\r\n\t\t\t\t\t<!-- Inner panel End -->\r\n\t\t\t\t\t\r\n\t\t\t\t\t\t\t<\/div>\r\n\t\t\t\r\n<script type=\"text\/javascript\">\r\n\t\r\n\t\tfunction do_resize(){\r\n\r\n\t\t\tvar width=jQuery( '.wpsm_panel .wpsm_panel-body iframe' ).width();\r\n\t\t\tvar height=jQuery( '.wpsm_panel .wpsm_panel-body iframe' ).height();\r\n\r\n\t\t\tvar toggleSize = true;\r\n\t\t\tjQuery('iframe').animate({\r\n\t\t\t    width: toggleSize ? width : 640,\r\n\t\t\t    height: toggleSize ? height : 360\r\n\t\t\t  }, 250);\r\n\r\n\t\t\t  toggleSize = !toggleSize;\r\n\t\t}\r\n\t\t\r\n<\/script>\t\n\n\n\n<p><\/p>\n","protected":false},"excerpt":{"rendered":"","protected":false},"author":1,"featured_media":0,"parent":0,"menu_order":0,"comment_status":"closed","ping_status":"closed","template":"page-templates\/full-width.php","meta":{"jetpack_post_was_ever_published":false,"footnotes":""},"class_list":["post-849","page","type-page","status-publish","hentry"],"jetpack_sharing_enabled":true,"jetpack_likes_enabled":true,"jetpack-related-posts":[{"id":2345,"url":"https:\/\/fundacoesufpel.com.br\/fdms\/projetos-em-andamento\/","url_meta":{"origin":849,"position":0},"title":"Projetos em Andamento","author":"admin","date":"10\/11\/2020","format":false,"excerpt":"CONV\u00caNIOS EM ANDAMENTO FDMS CONTRATOS EM ANDAMENTO FDMS ACORDOS EM ANDAMENTO FDMS","rel":"","context":"Post similar","block_context":{"text":"Post similar","link":""},"img":{"alt_text":"","src":"","width":0,"height":0},"classes":[]},{"id":2347,"url":"https:\/\/fundacoesufpel.com.br\/fdms\/projetos-encerrados\/","url_meta":{"origin":849,"position":1},"title":"Projetos Encerrados","author":"admin","date":"10\/11\/2020","format":false,"excerpt":"CONV\u00caNIOS ENCERRADOS FDMS CONTRATOS ENCERRADOS FDMS ACORDOS ENCERRADOS FDMS","rel":"","context":"Post similar","block_context":{"text":"Post similar","link":""},"img":{"alt_text":"","src":"","width":0,"height":0},"classes":[]}],"jetpack_shortlink":"https:\/\/wp.me\/PcrDaD-dH","_links":{"self":[{"href":"https:\/\/fundacoesufpel.com.br\/fdms\/wp-json\/wp\/v2\/pages\/849","targetHints":{"allow":["GET"]}}],"collection":[{"href":"https:\/\/fundacoesufpel.com.br\/fdms\/wp-json\/wp\/v2\/pages"}],"about":[{"href":"https:\/\/fundacoesufpel.com.br\/fdms\/wp-json\/wp\/v2\/types\/page"}],"author":[{"embeddable":true,"href":"https:\/\/fundacoesufpel.com.br\/fdms\/wp-json\/wp\/v2\/users\/1"}],"replies":[{"embeddable":true,"href":"https:\/\/fundacoesufpel.com.br\/fdms\/wp-json\/wp\/v2\/comments?post=849"}],"version-history":[{"count":5,"href":"https:\/\/fundacoesufpel.com.br\/fdms\/wp-json\/wp\/v2\/pages\/849\/revisions"}],"predecessor-version":[{"id":2231,"href":"https:\/\/fundacoesufpel.com.br\/fdms\/wp-json\/wp\/v2\/pages\/849\/revisions\/2231"}],"wp:attachment":[{"href":"https:\/\/fundacoesufpel.com.br\/fdms\/wp-json\/wp\/v2\/media?parent=849"}],"curies":[{"name":"wp","href":"https:\/\/api.w.org\/{rel}","templated":true}]}}