{"id":7395,"date":"2023-05-22T14:15:15","date_gmt":"2023-05-22T17:15:15","guid":{"rendered":"https:\/\/fundacoesufpel.com.br\/fdms\/?page_id=7395"},"modified":"2025-06-10T10:13:17","modified_gmt":"2025-06-10T13:13:17","slug":"comissao-de-selecao-publica-de-fornecedores","status":"publish","type":"page","link":"https:\/\/fundacoesufpel.com.br\/fdms\/comissao-de-selecao-publica-de-fornecedores\/","title":{"rendered":"Comiss\u00e3o de Sele\u00e7\u00e3o P\u00fablica de Fornecedores"},"content":{"rendered":"\n<p style=\"font-size:21px\"><strong>Comiss\u00e3o Permanente de Sele\u00e7\u00e3o P\u00fablica de Fornecedores<\/strong><\/p>\n\n\n\n<p style=\"font-size:16px\"><strong>Autoridade Competente<br><\/strong>1 &#8211; C\u00c9SAR DALMOLIN BERGOLI<\/p>\n\n\n\n<p style=\"font-size:16px\"><br><strong>Pregoeiro<\/strong><br>1 &#8211; GABRIELA SCHMALFUSS MARTINS<br>2 &#8211; LUCAS DA SILVA LEDEBUHR<br>3 &#8211; MATHEUS DIAS RIBEIRO KONDO<\/p>\n\n\n\n<p style=\"font-size:16px\"><br><strong>Equipe de Apoio<br><\/strong>1 &#8211; RENATA TAJES CARDOZO<br>2 &#8211;\u00a0LUCAS DA SILVA LEDEBUHR<br>3 &#8211; MATHEUS DIAS RIBEIRO KONDO<\/p>\n\n\n\n<p style=\"font-size:16px\"><\/p>\n\n\n\n<div data-wp-interactive=\"core\/file\" class=\"wp-block-file\"><object data-wp-bind--hidden=\"!state.hasPdfPreview\" hidden class=\"wp-block-file__embed\" data=\"https:\/\/fundacoesufpel.com.br\/fdms\/wp-content\/uploads\/sites\/3\/2025\/06\/COMISSAO-DE-SELECAO-Clicksign.pdf\" type=\"application\/pdf\" style=\"width:100%;height:600px\" aria-label=\"Incorporado de COMISS\u00c3O DE SELE\u00c7\u00c3O - Clicksign.\"><\/object><a id=\"wp-block-file--media-4fb695e9-9bfb-4ebf-83a2-ab356d12a5bb\" href=\"https:\/\/fundacoesufpel.com.br\/fdms\/wp-content\/uploads\/sites\/3\/2025\/06\/COMISSAO-DE-SELECAO-Clicksign.pdf\">COMISS\u00c3O DE SELE\u00c7\u00c3O &#8211; Clicksign<\/a><a href=\"https:\/\/fundacoesufpel.com.br\/fdms\/wp-content\/uploads\/sites\/3\/2025\/06\/COMISSAO-DE-SELECAO-Clicksign.pdf\" class=\"wp-block-file__button wp-element-button\" download aria-describedby=\"wp-block-file--media-4fb695e9-9bfb-4ebf-83a2-ab356d12a5bb\">Baixar<\/a><\/div>\n","protected":false},"excerpt":{"rendered":"<p>Comiss\u00e3o Permanente de Sele\u00e7\u00e3o P\u00fablica de Fornecedores Autoridade Competente1 &#8211; C\u00c9SAR DALMOLIN BERGOLI Pregoeiro1 &#8211; GABRIELA SCHMALFUSS MARTINS2 &#8211; LUCAS [&hellip;]<\/p>\n","protected":false},"author":10,"featured_media":0,"parent":0,"menu_order":0,"comment_status":"closed","ping_status":"closed","template":"","meta":{"jetpack_post_was_ever_published":false,"footnotes":""},"class_list":["post-7395","page","type-page","status-publish","hentry"],"jetpack_sharing_enabled":true,"jetpack_likes_enabled":true,"jetpack-related-posts":[{"id":35,"url":"https:\/\/fundacoesufpel.com.br\/fdms\/estrutura-equipe\/","url_meta":{"origin":7395,"position":0},"title":"Estrutura \/ Equipe","author":"admin","date":"04\/08\/2020","format":false,"excerpt":"C\u00e9sar Dalmolin BergoliDiretor Presidente Carlos Ant\u00f4nio da Costa TillmannDiretor Executivo Sergio da Silva CavaDiretor Financeiro Ger\u00eancia Executiva Cristiane ZandonottoGerente Executiva \u00a0 Secret\u00e1ria Executiva Gisele PiedrasSecret\u00e1ria Executiva \u00a0 Supervis\u00e3o Escrit\u00f3rio de Projetos Fernanda PetrySupervisora Administrativa Escrit\u00f3rio de Projetos Elisa MoraesAuxiliar de Projetos Ana Carolina SoaresAuxiliar de Projetos Pedro Henrique MonteiroAuxiliar de\u2026","rel":"","context":"Post similar","block_context":{"text":"Post similar","link":""},"img":{"alt_text":"","src":"https:\/\/i0.wp.com\/fundacoesufpel.com.br\/fdms\/wp-content\/uploads\/sites\/3\/2021\/01\/Cesar_fundo_branco-150x150.png?resize=350%2C200&ssl=1","width":350,"height":200},"classes":[]},{"id":1822,"url":"https:\/\/fundacoesufpel.com.br\/fdms\/primeiros-passos\/","url_meta":{"origin":7395,"position":1},"title":"Primeiros Passos","author":"admin","date":"18\/09\/2020","format":false,"excerpt":"Os instrumentos firmados pela UFPel com as Funda\u00e7\u00f5es de Apoio s\u00e3o provenientes de projetos de ensino, pesquisa, extens\u00e3o, desenvolvimento institucional, cient\u00edfico e tecnol\u00f3gico e est\u00edmulo \u00e0 inova\u00e7\u00e3o coordenados por professores e\/ou t\u00e9cnicos administrativo da Universidade em favor da comunidade interna e\/ou externa da institui\u00e7\u00e3o. \u00a0 1\u00ba - Projeto aprovado pela\u2026","rel":"","context":"Post similar","block_context":{"text":"Post similar","link":""},"img":{"alt_text":"","src":"","width":0,"height":0},"classes":[]},{"id":3614,"url":"https:\/\/fundacoesufpel.com.br\/fdms\/ordens-internas-pareceres\/","url_meta":{"origin":7395,"position":2},"title":"Ordens Internas e Pareceres","author":"admin","date":"11\/12\/2020","format":false,"excerpt":"Com intuito de aprimorar e normatizar os procedimentos e fluxos internos\/externos, vimos informar as ordens internas que regulamentam algumas a\u00e7\u00f5es: Ordem Interna n\u00ba 01\u00a0- Regulamenta o funcionamento das assinaturas dos diretores para realiza\u00e7\u00e3o de pagamentos Ordem Interna n\u00b0 02\u00a0- Regulamenta o funcionamento da publica\u00e7\u00e3o de editais de sele\u00e7\u00e3o de bolsistas\u2026","rel":"","context":"Post similar","block_context":{"text":"Post similar","link":""},"img":{"alt_text":"","src":"","width":0,"height":0},"classes":[]},{"id":1104,"url":"https:\/\/fundacoesufpel.com.br\/fdms\/portal-do-fornecedor\/","url_meta":{"origin":7395,"position":3},"title":"Portal do Fornecedor","author":"admin","date":"11\/08\/2020","format":false,"excerpt":"O Portal do Fornecedor d\u00e1 acesso aos fornecedores que desejam participar de processos de compras e contrata\u00e7\u00f5es de servi\u00e7os da institui\u00e7\u00e3o. Atrav\u00e9s das funcionalidades do mesmo, um fornecedor poder\u00e1 acompanhar os processos de compra da institui\u00e7\u00e3o direcionados para as suas \u00e1reas de atua\u00e7\u00e3o, permitindo que o mesmo possa cadastrar suas\u2026","rel":"","context":"Post similar","block_context":{"text":"Post similar","link":""},"img":{"alt_text":"","src":"","width":0,"height":0},"classes":[]},{"id":4041,"url":"https:\/\/fundacoesufpel.com.br\/fdms\/relacao-dos-dirigentes\/","url_meta":{"origin":7395,"position":4},"title":"Rela\u00e7\u00e3o dos dirigentes 2023-2025","author":"admin","date":"10\/03\/2021","format":false,"excerpt":"Diretor Presidente:\u00a0\u00a0 Cesar Dalmolin Bergoli Diretor Executivo:\u00a0 Carlos Ant\u00f4nio da Costa Tillmann Diretor Financeiro:\u00a0\u00a0 Sergio da Silva Cava","rel":"","context":"Post similar","block_context":{"text":"Post similar","link":""},"img":{"alt_text":"","src":"","width":0,"height":0},"classes":[]},{"id":4705,"url":"https:\/\/fundacoesufpel.com.br\/fdms\/politica-de-privacidade-e-protecao-de-dados\/","url_meta":{"origin":7395,"position":5},"title":"Pol\u00edtica de Privacidade e Prote\u00e7\u00e3o de Dados","author":"admin","date":"07\/10\/2021","format":false,"excerpt":"Como parte das nossas opera\u00e7\u00f5es di\u00e1rias, necessitamos coletar dados pessoais de nossos parceiros e potenciais parceiros com o intuito de fornecer os nossos servi\u00e7os alinhados aos valores, interesses e perfil de cada interessado. A privacidade de suas informa\u00e7\u00f5es \u00e9 de grande import\u00e2ncia para n\u00f3s, e temos como pol\u00edtica respeitar a\u2026","rel":"","context":"Post similar","block_context":{"text":"Post similar","link":""},"img":{"alt_text":"","src":"","width":0,"height":0},"classes":[]}],"jetpack_shortlink":"https:\/\/wp.me\/PcrDaD-1Vh","_links":{"self":[{"href":"https:\/\/fundacoesufpel.com.br\/fdms\/wp-json\/wp\/v2\/pages\/7395","targetHints":{"allow":["GET"]}}],"collection":[{"href":"https:\/\/fundacoesufpel.com.br\/fdms\/wp-json\/wp\/v2\/pages"}],"about":[{"href":"https:\/\/fundacoesufpel.com.br\/fdms\/wp-json\/wp\/v2\/types\/page"}],"author":[{"embeddable":true,"href":"https:\/\/fundacoesufpel.com.br\/fdms\/wp-json\/wp\/v2\/users\/10"}],"replies":[{"embeddable":true,"href":"https:\/\/fundacoesufpel.com.br\/fdms\/wp-json\/wp\/v2\/comments?post=7395"}],"version-history":[{"count":4,"href":"https:\/\/fundacoesufpel.com.br\/fdms\/wp-json\/wp\/v2\/pages\/7395\/revisions"}],"predecessor-version":[{"id":9670,"href":"https:\/\/fundacoesufpel.com.br\/fdms\/wp-json\/wp\/v2\/pages\/7395\/revisions\/9670"}],"wp:attachment":[{"href":"https:\/\/fundacoesufpel.com.br\/fdms\/wp-json\/wp\/v2\/media?parent=7395"}],"curies":[{"name":"wp","href":"https:\/\/api.w.org\/{rel}","templated":true}]}}