{"id":645,"date":"2017-01-02T08:30:09","date_gmt":"2017-01-02T08:30:09","guid":{"rendered":"https:\/\/demo.themegrill.com\/flash-default-2\/?page_id=12"},"modified":"2026-01-12T11:38:06","modified_gmt":"2026-01-12T14:38:06","slug":"contato","status":"publish","type":"page","link":"https:\/\/fundacoesufpel.com.br\/fdms\/contato\/","title":{"rendered":"Contato"},"content":{"rendered":"<div id=\"pl-645\"  class=\"panel-layout\" ><div id=\"pg-645-0\"  class=\"panel-grid panel-no-style\" ><div id=\"pgc-645-0-0\"  class=\"panel-grid-cell panel-grid-cell-empty\" ><\/div><\/div><div id=\"pg-645-1\"  class=\"panel-grid panel-no-style\" ><div id=\"pgc-645-1-0\"  class=\"panel-grid-cell\" ><div id=\"panel-645-1-0-0\" class=\"so-panel widget widget_widget_contact_info widget_contact_info panel-first-child\" data-index=\"0\" ><div class=\"esconder-endereco panel-widget-style panel-widget-style-for-645-1-0-0\" ><div itemscope itemtype=\"http:\/\/schema.org\/LocalBusiness\"><iframe width=\"600\"  height=\"216\" frameborder=\"0\" src=\"https:\/\/www.google.com\/maps\/embed\/v1\/place?q=R.+L%C3%B4bo+da+Costa%2C+447+CEP+96010-150+-+Centro%2C+Pelotas+-+RS%2C+96010-150&#038;key=AIzaSyA-z6QglaJAsmLQ32Zo50RS7aTrwA6OhJw\" title=\"Google Maps incorporado\" class=\"contact-map\"><\/iframe><div class=\"confit-address\" itemscope itemtype=\"http:\/\/schema.org\/PostalAddress\" itemprop=\"address\"><a href=\"https:\/\/maps.google.com\/maps?z=16&#038;q=r.%2Bl%C3%B4bo%2Bda%2Bcosta%2C%2B447%2Bcep%2B96010-150%2B-%2Bcentro%2C%2Bpelotas%2B-%2Brs%2C%2B96010-150\" target=\"_blank\" rel=\"noopener noreferrer\">R. L\u00f4bo da Costa, 447 CEP 96010-150 - Centro, Pelotas - RS, 96010-150<\/a><\/div><\/div><\/div><\/div><div id=\"panel-645-1-0-1\" class=\"so-panel widget widget_themegrill_flash_heading tg-widget section-title-wrapper\" data-index=\"1\" ><div class=\"titulo-h3-reduzido panel-widget-style panel-widget-style-for-645-1-0-1\" >\t<h3 class=\"section-title\">Formul\u00e1rio de contato<\/h3>\n<\/div><\/div><div id=\"panel-645-1-0-2\" class=\"so-panel widget widget_text panel-last-child\" data-index=\"2\" >\t\t\t<div class=\"textwidget\">\n<div class=\"wpcf7 no-js\" id=\"wpcf7-f853-o1\" lang=\"pt-BR\" dir=\"ltr\" data-wpcf7-id=\"853\">\n<div class=\"screen-reader-response\"><p role=\"status\" aria-live=\"polite\" aria-atomic=\"true\"><\/p> <ul><\/ul><\/div>\n<form action=\"\/fdms\/wp-json\/wp\/v2\/pages\/645#wpcf7-f853-o1\" method=\"post\" class=\"wpcf7-form init\" aria-label=\"Formul\u00e1rios de contato\" novalidate=\"novalidate\" data-status=\"init\">\n<fieldset class=\"hidden-fields-container\"><input type=\"hidden\" name=\"_wpcf7\" value=\"853\" \/><input type=\"hidden\" name=\"_wpcf7_version\" value=\"6.1.5\" \/><input type=\"hidden\" name=\"_wpcf7_locale\" value=\"pt_BR\" \/><input type=\"hidden\" name=\"_wpcf7_unit_tag\" value=\"wpcf7-f853-o1\" \/><input type=\"hidden\" name=\"_wpcf7_container_post\" value=\"0\" \/><input type=\"hidden\" name=\"_wpcf7_posted_data_hash\" value=\"\" \/><input type=\"hidden\" name=\"_wpcf7_recaptcha_response\" value=\"\" \/>\n<\/fieldset>\n<p><label> Seu nome (obrigat\u00f3rio)<br \/>\n<span class=\"wpcf7-form-control-wrap\" data-name=\"your-name\"><input size=\"40\" maxlength=\"400\" class=\"wpcf7-form-control wpcf7-text wpcf7-validates-as-required\" aria-required=\"true\" aria-invalid=\"false\" value=\"\" type=\"text\" name=\"your-name\" \/><\/span> <\/label>\n<\/p>\n<p><label> Seu e-mail (obrigat\u00f3rio)<br \/>\n<span class=\"wpcf7-form-control-wrap\" data-name=\"your-email\"><input size=\"40\" maxlength=\"400\" class=\"wpcf7-form-control wpcf7-email wpcf7-validates-as-required wpcf7-text wpcf7-validates-as-email\" aria-required=\"true\" aria-invalid=\"false\" value=\"\" type=\"email\" name=\"your-email\" \/><\/span> <\/label>\n<\/p>\n<p><label> Com quem deseja falar?<br \/>\n<span class=\"wpcf7-form-control-wrap\" data-name=\"email_to\"><select class=\"wpcf7-form-control wpcf7-select wpcf7-validates-as-required\" aria-required=\"true\" aria-invalid=\"false\" name=\"email_to\"><option value=\"Ouvidoria\">Ouvidoria<\/option><\/select><\/span><br \/>\n<\/label><label> Assunto<br \/>\n<span class=\"wpcf7-form-control-wrap\" data-name=\"your-subject\"><input size=\"40\" maxlength=\"400\" class=\"wpcf7-form-control wpcf7-text\" aria-invalid=\"false\" value=\"\" type=\"text\" name=\"your-subject\" \/><\/span> <\/label>\n<\/p>\n<p><label> Sua mensagem<br \/>\n<span class=\"wpcf7-form-control-wrap\" data-name=\"your-message\"><textarea cols=\"40\" rows=\"10\" maxlength=\"2000\" class=\"wpcf7-form-control wpcf7-textarea\" aria-invalid=\"false\" name=\"your-message\"><\/textarea><\/span> <\/label>\n<\/p>\n<p><input class=\"wpcf7-form-control wpcf7-submit has-spinner\" type=\"submit\" value=\"Enviar\" \/>\n<\/p><p style=\"display: none !important;\" class=\"akismet-fields-container\" data-prefix=\"_wpcf7_ak_\"><label>&#916;<textarea name=\"_wpcf7_ak_hp_textarea\" cols=\"45\" rows=\"8\" maxlength=\"100\"><\/textarea><\/label><input type=\"hidden\" id=\"ak_js_1\" name=\"_wpcf7_ak_js\" value=\"22\"\/><script>document.getElementById( \"ak_js_1\" ).setAttribute( \"value\", ( new Date() ).getTime() );<\/script><\/p><div class=\"wpcf7-response-output\" aria-hidden=\"true\"><\/div>\n<\/form>\n<\/div>\n\n<\/div>\n\t\t<\/div><\/div><div id=\"pgc-645-1-1\"  class=\"panel-grid-cell\" ><div id=\"panel-645-1-1-0\" class=\"widget_text so-panel widget widget_custom_html panel-first-child panel-last-child\" data-index=\"3\" ><div class=\"textwidget custom-html-widget\"><p>\n<b>Rua<\/b>: Lobo da Costa, 447 - Centro<br>\n<b>CEP<\/b>: 96010-150 | Pelotas\/ RS<br>\n<b>Email<\/b>: ouvidoria@fundacoesufpel.com.br<br>\n<b>Telefone<\/b>: +55 (53) 3026-6900<br><br>\n\n<b>Hor\u00e1rio de funcionamento<\/b>: De segunda a sexta das 08h \u00e0s 12h e das 13h30 \u00e0s 18h\n\n\n<h4>Precisa de informa\u00e7\u00f5es?<\/h4>\n\n<p>Estamos \u00e0 disposi\u00e7\u00e3o para esclarecer d\u00favidas e fornecer os esclarecimentos necess\u00e1rios.<\/p>\n<p>Entre em contato pelo telefone (53) 3026 6900<br>ou pelo e-mail ouvidoria@fundacoesufpel.com.br<\/p>\n\n\n<h5>Escrit\u00f3rio de Projetos<\/h5>\n<p>(53) 3026 6915<br>projetos@fundacoesufpel.com.br<\/p>\n\n<h5>Departamento de Compras<\/h5>\n<p>(53)3026 6945<br>compras@fundacoesufpel.com.br<\/p>\n\n<h5>Departamento de Licita\u00e7\u00f5es<\/h5>\n<p>(53) 3026 6913<br>licitacoes@fundacoesufpel.com.br<\/p>\n\n<h5>Departamento Financeiro e Presta\u00e7\u00e3o de Contas<\/h5>\n<p>(53) 3026 6914<br>financeiro@fundacoesufpel.com.br<\/p>\n\n<h5>Departamento de Capta\u00e7\u00e3o de Recursos<\/h5>\n<p>(53) 3026 6920<br>captacao.recursos@fundacoesufpel.com.br<\/p>\n\n<h5>Departamento Pessoal<\/h5>\n<p>(53) 3026 6909<br>dep.pessoal@fundacoesufpel.com.br<\/p>\n\n\n<\/p><\/div><\/div><\/div><\/div><\/div>","protected":false},"excerpt":{"rendered":"<p>R. L\u00f4bo da Costa, 447 CEP 96010-150 &#8211; Centro, Pelotas &#8211; RS, 96010-150 Formul\u00e1rio de contato Seu nome (obrigat\u00f3rio) Seu [&hellip;]<\/p>\n","protected":false},"author":1,"featured_media":0,"parent":0,"menu_order":0,"comment_status":"closed","ping_status":"closed","template":"page-templates\/full-width.php","meta":{"jetpack_post_was_ever_published":false,"footnotes":""},"class_list":["post-645","page","type-page","status-publish","hentry"],"jetpack_sharing_enabled":true,"jetpack_likes_enabled":true,"jetpack-related-posts":[{"id":1091,"url":"https:\/\/fundacoesufpel.com.br\/fdms\/pagamento-bolsistas-ufpel\/","url_meta":{"origin":645,"position":0},"title":"Pagamento Bolsistas &#8211; UFPel","author":"admin","date":"11\/08\/2020","format":false,"excerpt":"","rel":"","context":"Post similar","block_context":{"text":"Post similar","link":""},"img":{"alt_text":"","src":"","width":0,"height":0},"classes":[]},{"id":7082,"url":"https:\/\/fundacoesufpel.com.br\/fdms\/pagamento-bolsistas-ufsm\/","url_meta":{"origin":645,"position":1},"title":"Pagamento Bolsistas &#8211; UFSM","author":"admin","date":"06\/03\/2023","format":false,"excerpt":"","rel":"","context":"Post similar","block_context":{"text":"Post similar","link":""},"img":{"alt_text":"","src":"","width":0,"height":0},"classes":[]},{"id":642,"url":"https:\/\/fundacoesufpel.com.br\/fdms\/","url_meta":{"origin":645,"position":2},"title":"Home","author":"admin","date":"02\/01\/2017","format":false,"excerpt":"","rel":"","context":"Post similar","block_context":{"text":"Post similar","link":""},"img":{"alt_text":"","src":"","width":0,"height":0},"classes":[]},{"id":8067,"url":"https:\/\/fundacoesufpel.com.br\/fdms\/pagamento-bolsistas-unipampa\/","url_meta":{"origin":645,"position":3},"title":"Pagamento Bolsistas &#8211; UNIPAMPA","author":"admin","date":"16\/01\/2024","format":false,"excerpt":"","rel":"","context":"Post similar","block_context":{"text":"Post similar","link":""},"img":{"alt_text":"","src":"","width":0,"height":0},"classes":[]},{"id":2022,"url":"https:\/\/fundacoesufpel.com.br\/fdms\/sobre-a-fau\/","url_meta":{"origin":645,"position":4},"title":"Sobre a FAU","author":"admin","date":"04\/08\/2020","format":false,"excerpt":"","rel":"","context":"Post similar","block_context":{"text":"Post similar","link":""},"img":{"alt_text":"","src":"","width":0,"height":0},"classes":[]},{"id":1279,"url":"https:\/\/fundacoesufpel.com.br\/fdms\/sobre-a-fdms\/","url_meta":{"origin":645,"position":5},"title":"Sobre a FDMS","author":"admin","date":"04\/08\/2020","format":false,"excerpt":"","rel":"","context":"Post similar","block_context":{"text":"Post similar","link":""},"img":{"alt_text":"","src":"","width":0,"height":0},"classes":[]}],"jetpack_shortlink":"https:\/\/wp.me\/PcrDaD-ap","_links":{"self":[{"href":"https:\/\/fundacoesufpel.com.br\/fdms\/wp-json\/wp\/v2\/pages\/645","targetHints":{"allow":["GET"]}}],"collection":[{"href":"https:\/\/fundacoesufpel.com.br\/fdms\/wp-json\/wp\/v2\/pages"}],"about":[{"href":"https:\/\/fundacoesufpel.com.br\/fdms\/wp-json\/wp\/v2\/types\/page"}],"author":[{"embeddable":true,"href":"https:\/\/fundacoesufpel.com.br\/fdms\/wp-json\/wp\/v2\/users\/1"}],"replies":[{"embeddable":true,"href":"https:\/\/fundacoesufpel.com.br\/fdms\/wp-json\/wp\/v2\/comments?post=645"}],"version-history":[{"count":18,"href":"https:\/\/fundacoesufpel.com.br\/fdms\/wp-json\/wp\/v2\/pages\/645\/revisions"}],"predecessor-version":[{"id":10722,"href":"https:\/\/fundacoesufpel.com.br\/fdms\/wp-json\/wp\/v2\/pages\/645\/revisions\/10722"}],"wp:attachment":[{"href":"https:\/\/fundacoesufpel.com.br\/fdms\/wp-json\/wp\/v2\/media?parent=645"}],"curies":[{"name":"wp","href":"https:\/\/api.w.org\/{rel}","templated":true}]}}