{"id":55,"date":"2020-08-04T16:30:00","date_gmt":"2020-08-04T19:30:00","guid":{"rendered":"http:\/\/www2.fundacoesufpel.com.br\/fau-1\/?page_id=55"},"modified":"2025-03-13T12:03:49","modified_gmt":"2025-03-13T15:03:49","slug":"ordens-internas-documentos-orientacao","status":"publish","type":"page","link":"https:\/\/fundacoesufpel.com.br\/fdms\/ordens-internas-documentos-orientacao\/","title":{"rendered":"Documentos \/ Orienta\u00e7\u00f5es"},"content":{"rendered":"<div id=\"pl-55\"  class=\"panel-layout\" ><div id=\"pg-55-0\"  class=\"panel-grid panel-no-style\" ><div id=\"pgc-55-0-0\"  class=\"panel-grid-cell\" ><div id=\"panel-55-0-0-0\" class=\"so-panel widget widget_themegrill_flash_heading tg-widget section-title-wrapper panel-first-child\" data-index=\"0\" ><div class=\"titulo-h3-reduzido-documentos panel-widget-style panel-widget-style-for-55-0-0-0\" >\t<h3 class=\"section-title\">Coordena\u00e7\u00e3o de Conv\u00eanios e Contratos \u2013 CCONC\/UFPel:<\/h3>\n<\/div><\/div><div id=\"panel-55-0-0-1\" class=\"widget_text so-panel widget widget_custom_html\" data-index=\"1\" ><div class=\"textwidget custom-html-widget\"><div style=\"color:#7c7c7c;font-size:16px\"><a href=\"https:\/\/wp.ufpel.edu.br\/convenios\/orientacoes\/novos-instrumentos-primeiros-passos\/\" target=\"_blank\" rel=\"noopener noreferrer\">Novos Instrumentos \u2013 Passo a passo<\/a> \u2013 Disponibiliza informa\u00e7\u00f5es sobre os procedimentos referentes \u00e0 celebra\u00e7\u00e3o de novos instrumentos firmados pela UFPel com institui\u00e7\u00f5es parceiras (conv\u00eanios e contratos), com o passo a passo para tramita\u00e7\u00e3o.<\/div><\/div><\/div><div id=\"panel-55-0-0-2\" class=\"so-panel widget widget_themegrill_flash_heading tg-widget section-title-wrapper\" data-index=\"2\" ><div class=\"titulo-h3-reduzido-documentos panel-widget-style panel-widget-style-for-55-0-0-2\" >\t<h3 class=\"section-title\">Refer\u00eancias para a elabora\u00e7\u00e3o do Plano de Trabalho:<\/h3>\n<\/div><\/div><div id=\"panel-55-0-0-3\" class=\"widget_text so-panel widget widget_custom_html\" data-index=\"3\" ><div class=\"textwidget custom-html-widget\"><div style=\"color:#7c7c7c;font-size:16px\">\n\t<a href=\"https:\/\/fundacoesufpel.com.br\/fdms\/wp-content\/uploads\/sites\/3\/2024\/01\/SIAFI-ELEMETOS-DE-DESPESA-2015_Versao-2018.pdf\" target=\"_blank\" rel=\"noopener noreferrer\">Classifica\u00e7\u00f5es Or\u00e7ament\u00e1rias \u2013 SIAFI \u2013 Sistema Integrado de Administra\u00e7\u00e3o Financeira do Governo Federal<\/a> \u2013 Orienta\u00e7\u00e3o quanto \u00e0 correta classifica\u00e7\u00e3o or\u00e7ament\u00e1ria das naturezas despesa.<br><br>\n\t<a href=\"https:\/\/fundacoesufpel.com.br\/wp-content\/uploads\/2020\/08\/Port_448_2002-Disciminacao-subelementos-30-36-39-52.pdf\" target=\"_blank\" rel=\"noopener noreferrer\">Portaria n\u00b0 448, de 13 de setembro de 2002<\/a> \u2013 Orienta\u00e7\u00e3o referente o detalhamento das naturezas de despesas 339030, 339036, 339039 e 449052.<br><br>\n\t<a href=\"https:\/\/fundacoesufpel.com.br\/fdms\/wp-content\/uploads\/sites\/3\/2020\/11\/PORTARIA-No-1100-DE-30-DE-JUNHO-DE-2020_Celebracao.pdf\" target=\"_blank\" rel=\"noopener noreferrer\">Portaria n\u00ba 1100, de 30 de junho de 2020<\/a> \u2013 Aprova as normas para formalizar os tr\u00e2mites de celebra\u00e7\u00e3o de instrumentos com Funda\u00e7\u00f5es de Apoio ou outras institui\u00e7\u00f5es p\u00fablicas ou privadas, com ou sem fins lucrativos.<br><br>\n\t<a href=\"https:\/\/fundacoesufpel.com.br\/wp-content\/uploads\/2024\/01\/Resolucao-108-de-05-de-dezembro-de-2023-Bolsas.pdf\" target=\"_blank\" rel=\"noopener noreferrer\">Resolu\u00e7\u00e3o n\u00b0 108, de 05 de dezembro de 2023<\/a> \u2013 Estabelece Normas Regulamentadoras da Rela\u00e7\u00e3o entre a Universidade Federal de Pelotas (UFPel) e as Funda\u00e7\u00f5es de Apoio, formaliza\u00e7\u00e3o e execu\u00e7\u00e3o de instrumentos jur\u00eddicos, bem como disciplinar a concess\u00e3o de bolsas.<br><br>\n\t<a href=\"https:\/\/fundacoesufpel.com.br\/fdms\/wp-content\/uploads\/sites\/3\/2025\/03\/Portaria-138-2024-valores.pdf\" target=\"_blank\" rel=\"noopener noreferrer\">Portaria n\u00ba 138, de 14 de novembro de 2024<\/a> \u2013  Estabelece o valor do teto de bolsas a serem pagas pela Funda\u00e7\u00e3o Delfim Mendes Silveira nos projetos da UFPel.<br><br>\n\t<a href=\"https:\/\/fundacoesufpel.com.br\/fdms\/wp-content\/uploads\/sites\/3\/2020\/11\/Apendice-I-PORTARIA-1100-2020_PLANO-DE-TRABALHO-CONVENIO.docx\" target=\"_blank\" rel=\"noopener noreferrer\">Ap\u00eandice I<\/a> - Modelo Plano de Trabalho para Conv\u00eanios<br><br>\n\t<a href=\"https:\/\/fundacoesufpel.com.br\/fdms\/wp-content\/uploads\/sites\/3\/2020\/11\/Apendice-II-PORTARIA-1100-2020_PLANO-DE-TRABALHO-CONTRATOS.docx\" target=\"_blank\" rel=\"noopener noreferrer\">Ap\u00eandice II<\/a> -  Modelo Plano de Trabalho para Contratos<br><br>\n\t<a href=\"https:\/\/fundacoesufpel.com.br\/fdms\/wp-content\/uploads\/sites\/3\/2020\/11\/Apendice-III-PORTARIA-1100-2020_PLANO-DE-TRABALHO-ACORDOS.docx\" target=\"_blank\" rel=\"noopener noreferrer\">Ap\u00eandice III<\/a> -  Modelo Plano de Trabalho para Acordos<br><br>\n\t<a href=\"https:\/\/fundacoesufpel.com.br\/fdms\/wp-content\/uploads\/sites\/3\/2020\/11\/MODELO-TERMOS-DE-REFERENCIA_CONVENIOS.docx\" target=\"_blank\" rel=\"noopener noreferrer\">Modelo Termos de Refer\u00eancia para Conv\u00eanios<\/a><br><br>\n<\/div><\/div><\/div><div id=\"panel-55-0-0-4\" class=\"so-panel widget widget_themegrill_flash_heading tg-widget section-title-wrapper\" data-index=\"4\" ><div class=\"titulo-h3-reduzido-documentos panel-widget-style panel-widget-style-for-55-0-0-4\" >\t<h3 class=\"section-title\">Orienta\u00e7\u00e3o sobre Processos de Compra \u2013 Perguntas e Respostas:<\/h3>\n<\/div><\/div><div id=\"panel-55-0-0-5\" class=\"widget_text so-panel widget widget_custom_html\" data-index=\"5\" ><div class=\"textwidget custom-html-widget\"><div style=\"color:#7c7c7c;font-size:16px\">O material cont\u00e9m orienta\u00e7\u00f5es sobre os processos para evitar o \u201cvai e vem\u201d de informa\u00e7\u00f5es e tornar assim os procedimentos mais \u00e1geis e eficientes. O arquivo em anexo trata de quest\u00f5es relacionadas aos <a href=\"https:\/\/fundacoesufpel.com.br\/fdms\/wp-content\/uploads\/sites\/3\/2021\/03\/Processos-de-Compra-Contratacao.pdf\" target=\"_blank\" rel=\"noopener noreferrer\">PROCESSOS DE COMPRA\/CONTRATA\u00c7\u00c3O<\/a> com as seguintes perguntas:<br><br>\n\t<p style=\"font-style: italic\">\n\t\t1) Qual \u00e9 o procedimento a ser seguido para a compra de produtos e contrata\u00e7\u00e3o de servi\u00e7os?<br>\n\t\t2) Qual \u00e9 o prazo para o envio dos pedidos de compra\/contrata\u00e7\u00e3o de servi\u00e7os \u00e0 Funda\u00e7\u00e3o?<br>\n\t\t3) \u00c9 poss\u00edvel indicar marca nos pedidos realizados para compra de materiais\/equipamentos?<br>\n\t\t4) E quando existir apenas um fornecedor e houver inviabilidade de competi\u00e7\u00e3o?\n\t<\/p>\n<\/div><\/div><\/div><div id=\"panel-55-0-0-6\" class=\"so-panel widget widget_themegrill_flash_heading tg-widget section-title-wrapper\" data-index=\"6\" ><div class=\"titulo-h3-reduzido-documentos panel-widget-style panel-widget-style-for-55-0-0-6\" >\t<h3 class=\"section-title\">Manual de Orienta\u00e7\u00f5es sobre abertura de CNPJ Filial<\/h3>\n<\/div><\/div><div id=\"panel-55-0-0-7\" class=\"widget_text so-panel widget widget_custom_html panel-last-child\" data-index=\"7\" ><div class=\"textwidget custom-html-widget\"><div style=\"color:#7c7c7c;font-size:16px\"> O  seguinte material visa esclarecer procedimentos e tramita\u00e7\u00f5es necess\u00e1rias para a abertura de novos CNPJs Filiais da Funda\u00e7\u00e3o, no modelo de perguntas e respostas, a modo de facilitar a compreens\u00e3o. <a href=\"https:\/\/fundacoesufpel.com.br\/fdms\/wp-content\/uploads\/sites\/3\/2023\/06\/Manual-de-Procedimentos.pdf\" target=\"_blank\" rel=\"noopener noreferrer\">Manual de Orienta\u00e7\u00f5es sobre abertura de CNPJ Filial<\/a><br><br>\n<\/div><\/div><\/div><\/div><div id=\"pgc-55-0-1\"  class=\"panel-grid-cell\" ><div id=\"panel-55-0-1-0\" class=\"so-panel widget widget_themegrill_flash_service tg-widget tg-single-service panel-first-child panel-last-child\" data-index=\"8\" ><div class=\"itens-fau panel-widget-style panel-widget-style-for-55-0-1-0\" >\n<div class=\"tg-service-widget tg-service-layout-1\">\n\t<div class=\"service-wrapper\">\n\t\t<div class=\"service-icon-title-wrapper clearfix\">\n\t\t\t\t\t\t<div class=\"service-icon-wrap\"><i class=\"fa fa-balance-scale\"><\/i><\/div>\n\t\t\t\t\t\t\t\t\t\t\t\t<h3 class=\"service-title-wrap\">\n\t\t\t\t\t\t\t\t<a href=\"https:\/\/fundacoesufpel.com.br\/fdms\/legislacao\/\">\n\t\t\t\tLegisla\u00e7\u00e3o\t\t\t\t\t\t\t\t<\/a>\n\t\t\t\t\t\t\t<\/h3>\n\t\t\t\t\t<\/div>\n\t\t\t\t\t\t<a class=\"service-more\" href=\"https:\/\/fundacoesufpel.com.br\/fdms\/legislacao\/\"><\/a>\n\t\t\t<\/div>\n<\/div>\n<\/div><\/div><\/div><\/div><\/div>","protected":false},"excerpt":{"rendered":"<p>Coordena\u00e7\u00e3o de Conv\u00eanios e Contratos \u2013 CCONC\/UFPel: Novos Instrumentos \u2013 Passo a passo \u2013 Disponibiliza informa\u00e7\u00f5es sobre os procedimentos referentes [&hellip;]<\/p>\n","protected":false},"author":1,"featured_media":0,"parent":0,"menu_order":0,"comment_status":"closed","ping_status":"closed","template":"page-templates\/full-width.php","meta":{"jetpack_post_was_ever_published":false,"footnotes":""},"class_list":["post-55","page","type-page","status-publish","hentry"],"jetpack_sharing_enabled":true,"jetpack_likes_enabled":true,"jetpack-related-posts":[{"id":2022,"url":"https:\/\/fundacoesufpel.com.br\/fdms\/sobre-a-fau\/","url_meta":{"origin":55,"position":0},"title":"Sobre a FAU","author":"admin","date":"04\/08\/2020","format":false,"excerpt":"","rel":"","context":"Post similar","block_context":{"text":"Post similar","link":""},"img":{"alt_text":"","src":"","width":0,"height":0},"classes":[]},{"id":68,"url":"https:\/\/fundacoesufpel.com.br\/fdms\/legislacao\/","url_meta":{"origin":55,"position":1},"title":"Legisla\u00e7\u00e3o","author":"admin","date":"04\/08\/2020","format":false,"excerpt":"","rel":"","context":"Post similar","block_context":{"text":"Post similar","link":""},"img":{"alt_text":"","src":"","width":0,"height":0},"classes":[]},{"id":1279,"url":"https:\/\/fundacoesufpel.com.br\/fdms\/sobre-a-fdms\/","url_meta":{"origin":55,"position":2},"title":"Sobre a FDMS","author":"admin","date":"04\/08\/2020","format":false,"excerpt":"","rel":"","context":"Post similar","block_context":{"text":"Post similar","link":""},"img":{"alt_text":"","src":"","width":0,"height":0},"classes":[]},{"id":642,"url":"https:\/\/fundacoesufpel.com.br\/fdms\/","url_meta":{"origin":55,"position":3},"title":"Home","author":"admin","date":"02\/01\/2017","format":false,"excerpt":"","rel":"","context":"Post similar","block_context":{"text":"Post similar","link":""},"img":{"alt_text":"","src":"","width":0,"height":0},"classes":[]},{"id":1091,"url":"https:\/\/fundacoesufpel.com.br\/fdms\/pagamento-bolsistas-ufpel\/","url_meta":{"origin":55,"position":4},"title":"Pagamento Bolsistas &#8211; UFPel","author":"admin","date":"11\/08\/2020","format":false,"excerpt":"","rel":"","context":"Post similar","block_context":{"text":"Post similar","link":""},"img":{"alt_text":"","src":"","width":0,"height":0},"classes":[]},{"id":8067,"url":"https:\/\/fundacoesufpel.com.br\/fdms\/pagamento-bolsistas-unipampa\/","url_meta":{"origin":55,"position":5},"title":"Pagamento Bolsistas &#8211; UNIPAMPA","author":"admin","date":"16\/01\/2024","format":false,"excerpt":"","rel":"","context":"Post similar","block_context":{"text":"Post similar","link":""},"img":{"alt_text":"","src":"","width":0,"height":0},"classes":[]}],"jetpack_shortlink":"https:\/\/wp.me\/PcrDaD-T","_links":{"self":[{"href":"https:\/\/fundacoesufpel.com.br\/fdms\/wp-json\/wp\/v2\/pages\/55","targetHints":{"allow":["GET"]}}],"collection":[{"href":"https:\/\/fundacoesufpel.com.br\/fdms\/wp-json\/wp\/v2\/pages"}],"about":[{"href":"https:\/\/fundacoesufpel.com.br\/fdms\/wp-json\/wp\/v2\/types\/page"}],"author":[{"embeddable":true,"href":"https:\/\/fundacoesufpel.com.br\/fdms\/wp-json\/wp\/v2\/users\/1"}],"replies":[{"embeddable":true,"href":"https:\/\/fundacoesufpel.com.br\/fdms\/wp-json\/wp\/v2\/comments?post=55"}],"version-history":[{"count":32,"href":"https:\/\/fundacoesufpel.com.br\/fdms\/wp-json\/wp\/v2\/pages\/55\/revisions"}],"predecessor-version":[{"id":9259,"href":"https:\/\/fundacoesufpel.com.br\/fdms\/wp-json\/wp\/v2\/pages\/55\/revisions\/9259"}],"wp:attachment":[{"href":"https:\/\/fundacoesufpel.com.br\/fdms\/wp-json\/wp\/v2\/media?parent=55"}],"curies":[{"name":"wp","href":"https:\/\/api.w.org\/{rel}","templated":true}]}}