{"id":4705,"date":"2021-10-07T09:20:42","date_gmt":"2021-10-07T12:20:42","guid":{"rendered":"https:\/\/fundacoesufpel.com.br\/fdms\/?page_id=4705"},"modified":"2021-10-07T09:20:43","modified_gmt":"2021-10-07T12:20:43","slug":"politica-de-privacidade-e-protecao-de-dados","status":"publish","type":"page","link":"https:\/\/fundacoesufpel.com.br\/fdms\/politica-de-privacidade-e-protecao-de-dados\/","title":{"rendered":"Pol\u00edtica de Privacidade e Prote\u00e7\u00e3o de Dados"},"content":{"rendered":"\n<p>Como parte das nossas opera\u00e7\u00f5es di\u00e1rias, necessitamos coletar dados pessoais de nossos parceiros e potenciais parceiros com o intuito de fornecer os nossos servi\u00e7os alinhados aos valores, interesses e perfil de cada interessado.<\/p>\n\n\n\n<p>A privacidade de suas informa\u00e7\u00f5es \u00e9 de grande import\u00e2ncia para n\u00f3s, e temos como pol\u00edtica respeitar a confidencialidade da informa\u00e7\u00e3o e a privacidade das pessoas. Esta Pol\u00edtica estipula como ocorrem as opera\u00e7\u00f5es de tratamento de dados pessoais das Funda\u00e7\u00f5es de Apoio \u00e0 UFPEL, em conformidade com as leis e regulamenta\u00e7\u00f5es vigentes.<\/p>\n\n\n\n<p>A nossa Pol\u00edtica de Privacidade \u00e9 regularmente revisada para assegurar a conformidade com leis, regulamenta\u00e7\u00f5es e novas tecnologias, refletindo poss\u00edveis mudan\u00e7as nas nossas opera\u00e7\u00f5es e pr\u00e1ticas. \u00c9 importante que voc\u00ea acesse regularmente esta pol\u00edtica, e que observe a data de atualiza\u00e7\u00e3o informada abaixo.<\/p>\n\n\n\n<p>Esta Pol\u00edtica de Privacidade aplica-se \u00e0s atividades de tratamento de dados pessoais dos parceiros e potenciais parceiros, fornecedores, Coordenadores, colaboradores e etc.<\/p>\n\n\n\n<h4 class=\"wp-block-heading\">1.\u00a0\u00a0\u00a0 Considera\u00e7\u00f5es Gerais<\/h4>\n\n\n\n<p><\/p>\n\n\n\n<p>As Funda\u00e7\u00f5es de Apoio \u00e0 UFPEL respeitam a privacidade de todos os titulares de dados pessoais, estando, desta forma, comprometida a tomar todas as medidas poss\u00edveis para assegurar de maneira razo\u00e1vel a prote\u00e7\u00e3o dos dados pessoais coletados.<\/p>\n\n\n\n<p>Todas as informa\u00e7\u00f5es s\u00e3o tratadas de acordo com as leis e regulamenta\u00e7\u00f5es de prote\u00e7\u00e3o de dados aplic\u00e1veis.<\/p>\n\n\n\n<p>Procedimentos t\u00e9cnicos e organizacionais est\u00e3o em vigor para garantir que a sua informa\u00e7\u00e3o esteja sempre segura. Como parte destes procedimentos, regularmente treinamos e conscientizamos todos os nossos colaboradores sobre a import\u00e2ncia da manuten\u00e7\u00e3o, salvaguarda e respeito da sua informa\u00e7\u00e3o pessoal e consideramos a viola\u00e7\u00e3o da privacidade dos dados pessoais algo muito s\u00e9rio, por isso monitoramos constantemente e prevemos medidas disciplinares apropriadas para eventuais descumprimentos.<\/p>\n\n\n\n<p>As Funda\u00e7\u00f5es de Apoio \u00e0 UFPEL podem utilizar diferentes formas para coletar dados pessoais, tais como:<\/p>\n\n\n\n<p>Quando s\u00e3o fornecidos por meio do preenchimento de formul\u00e1rios, question\u00e1rios, e- mail, sites, correio, aplicativos, telefone, contratos, por meio da entrega de documentos pessoais, em situa\u00e7\u00f5es que incluem, por exemplo, voc\u00ea:<\/p>\n\n\n\n<ul class=\"wp-block-list\"><li>ter ou pretender ter rela\u00e7\u00e3o de trabalho com as Funda\u00e7\u00f5es ou bolsa de pesquisa\/estudo;<\/li><li>fornecer ou pretender nos fornecer produtos e\/ou servi\u00e7os;<\/li><li>solicitar produtos ou servi\u00e7os das Funda\u00e7\u00f5es;<\/li><li>criar uma conta no nosso Portal;<\/li><li>contratar servi\u00e7os das Funda\u00e7\u00f5es de Apoio \u00e0 UFPEL;<\/li><li>solicitar o envio de materiais de marketing ou institucionais;<\/li><li>Por meio de dados de acesso aos nossos Portais;<\/li><li>Por meio de fontes publicamente dispon\u00edveis.<\/li><\/ul>\n\n\n\n<p><\/p>\n\n\n\n<h4 class=\"wp-block-heading\">2.\u00a0\u00a0\u00a0 Quais dados de acesso s\u00e3o coletados pelos \u00a0Portais?<\/h4>\n\n\n\n<p><\/p>\n\n\n\n<p>Informa\u00e7\u00f5es coletadas de usu\u00e1rios ao utilizar os Sites incluem, entre outros, o navegador de acesso do usu\u00e1rio; endere\u00e7o do protocolo de Internet (IP); data e hora do acesso; a localiza\u00e7\u00e3o do usu\u00e1rio; e as a\u00e7\u00f5es do usu\u00e1rio no site.<\/p>\n\n\n\n<p>Esses dados coletados s\u00e3o utilizados para as finalidades apresentadas no t\u00f3pico 5 deste documento.<\/p>\n\n\n\n<p><\/p>\n\n\n\n<h4 class=\"wp-block-heading\">3.\u00a0\u00a0\u00a0 Quais informa\u00e7\u00f5es s\u00e3o coletadas para cria\u00e7\u00e3o de conta?<\/h4>\n\n\n\n<p><\/p>\n\n\n\n<p>Para cadastro em nosso Portal, e posterior cria\u00e7\u00e3o de uma conta, os seguintes dados devem ser informados:<\/p>\n\n\n\n<ul class=\"wp-block-list\"><li>Nome completo, E-mail, CPF, Data de Nascimento, Telefones para contato;<\/li><li>CEP, Logradouro, N\u00famero e Complemento;<\/li><li>Bairro, Estado e Cidade;<\/li><li>CNPJ, Raz\u00e3o Social e Nome Fantasia;<\/li><li>Endere\u00e7o Comercial: CEP, Logradouro, N\u00famero, Complemento, Bairro, Estado e Cidade<\/li><\/ul>\n\n\n\n<p><\/p>\n\n\n\n<h4 class=\"wp-block-heading\">4.\u00a0\u00a0\u00a0 Por que as Funda\u00e7\u00f5es de Apoio \u00e0 UFPEL coletam e utilizam os seus dados pessoais?\u00a0<\/h4>\n\n\n\n<p><\/p>\n\n\n\n<p class=\"has-normal-font-size\">Podemos utilizar a sua informa\u00e7\u00e3o pessoal para as seguintes finalidades:<\/p>\n\n\n\n<h6 class=\"wp-block-heading\">I.\u00a0  Para cria\u00e7\u00e3o da conta em nossa plataforma<\/h6>\n\n\n\n<p>Necessitamos verificar a sua identidade de forma a valid\u00e1-lo como parceiro\/fornecedor. O uso da sua informa\u00e7\u00e3o pessoal \u00e9 necess\u00e1rio para identificarmos quem \u00e9 voc\u00ea, j\u00e1 que temos a obriga\u00e7\u00e3o legal de estar em concord\u00e2ncia com o <em>&#8220;Know your costumer &#8211; Conhe\u00e7a o seu Cliente<\/em>&#8220;, que no Brasil&nbsp;est\u00e1 regulamentado pela Lei 9.613\/98,&nbsp; que disp\u00f5e sobre a preven\u00e7\u00e3o da utiliza\u00e7\u00e3o do sistema financeiro para fins il\u00edcitos, mais especificamente em seu Art. 10\u00ba; bem como tamb\u00e9m h\u00e1 regulamenta\u00e7\u00e3o pelo Normativo SARB 011\/2013 da Federa\u00e7\u00e3o Brasileira de Bancos (Febraban), em seu artigo 13 e seguintes<em>. <\/em>e com as demais obriga\u00e7\u00f5es regulamentares.<\/p>\n\n\n\n<h6 class=\"wp-block-heading\">II.   Para execu\u00e7\u00e3o dos servi\u00e7os contratados<\/h6>\n\n\n\n<p>Ap\u00f3s abertura de conta em nossa plataforma, ser\u00e1 necess\u00e1rio utilizar os seus dados pessoais para desempenhar os nossos servi\u00e7os e cumprir com as nossas obriga\u00e7\u00f5es. Utilizaremos as informa\u00e7\u00f5es para executar o processamento de ordens e compra &nbsp;de produtos de acordo com o que for solicitado e com base no relacionamento contratual com nossos clientes, cumprindo assim com as nossas obriga\u00e7\u00f5es contratuais.<\/p>\n\n\n\n<h6 class=\"wp-block-heading\">III.   Para cumprimento de uma obriga\u00e7\u00e3o legal<\/h6>\n\n\n\n<p>Existe uma variedade de obriga\u00e7\u00f5es legais provenientes das legisla\u00e7\u00f5es aplic\u00e1veis \u00e0s quais estamos sujeitos (ex: legisla\u00e7\u00e3o de servi\u00e7os financeiros, leis tribut\u00e1rias, etc). Tamb\u00e9m existem v\u00e1rias autoridades supervisoras a cujas leis e regulamenta\u00e7\u00f5es estamos sujeitos. Tais obriga\u00e7\u00f5es e normas obrigam-nos a executar atividades de processamento de dados pessoais para verifica\u00e7\u00f5es de cr\u00e9dito, verifica\u00e7\u00e3o de identidade, cumprimento de ordens judiciais, leis tribut\u00e1rias e outras obriga\u00e7\u00f5es.<\/p>\n\n\n\n<h6 class=\"wp-block-heading\">IV.   Para publicidade<\/h6>\n\n\n\n<p>Podemos utilizar os seus dados pessoais para enviar comunica\u00e7\u00f5es de processos de compra e pedidos de or\u00e7amentopor e- mail, telefone, ou outras formas previamente concordadas para assegurar que est\u00e1 sempre atualizado sobre os nossos processos e procedimentos.<\/p>\n\n\n\n<h6 class=\"wp-block-heading\">V.   Para proporcionar garantia de preven\u00e7\u00e3o a fraudes e seguran\u00e7a dos titulares<\/h6>\n\n\n\n<p>Necessitamos tratar dados pessoais com objetivo de an\u00e1lise e preven\u00e7\u00e3o contra fraudes, em diversos cen\u00e1rios. Al\u00e9m disso, podemos tratar informa\u00e7\u00f5es pessoais com a finalidade de seguran\u00e7a dos titulares de dados, prevenindo contra potenciais crimes, medidas contra invas\u00e3o, e seguran\u00e7a de ativos.<\/p>\n\n\n\n<h6 class=\"wp-block-heading\">VI.   Para salvaguarda dos leg\u00edtimos interesses<\/h6>\n\n\n\n<p>Processamos dados pessoais para salvaguardar nossos leg\u00edtimos interesses. Alguns exemplos de tais atividades incluem:<\/p>\n\n\n\n<ul class=\"wp-block-list\"><li>Dar in\u00edcio a reivindica\u00e7\u00f5es legais e prepara\u00e7\u00e3o da nossa defesa em casos de lit\u00edgio;<\/li><li>Realizar an\u00e1lise de movimenta\u00e7\u00f5es financeiras para elabora\u00e7\u00e3o de relat\u00f3rios estrat\u00e9gicos;<\/li><li>Estabelecer sistemas de monitoramento das nossas instala\u00e7\u00f5es, por raz\u00f5es de seguran\u00e7a;<\/li><li>Medidas de gest\u00e3o de neg\u00f3cio, otimiza\u00e7\u00e3o de desempenho da plataforma, e desenvolvimento de produtos e servi\u00e7os;<\/li><li>Partilhar os seus dados pessoais com empresas de auditoria interna ou por for\u00e7a de legisla\u00e7\u00e3o, com \u00f3rg\u00e3os p\u00fablicos como a Universidade Federal de Pelotas, Tribunal de Contas da Uni\u00e3o, SICONV\/Plataforma Mais Brasil, entre outros.<\/li><\/ul>\n\n\n\n<p><\/p>\n\n\n\n<h4 class=\"wp-block-heading\">5.\u00a0\u00a0\u00a0Obtendo o seu Consentimento<\/h4>\n\n\n\n<p><\/p>\n\n\n\n<p>Caso a finalidade da coleta para qualquer tratamento de dados pessoais necessite do seu consentimento, este ser\u00e1 fornecido por meio dos nossos Portais ou por e-mail.<\/p>\n\n\n\n<p>Caso queira revogar o consentimento para que n\u00e3o fa\u00e7amos mais o envio de comunicados e pedidos, assim como demais e-mails, o mesmo poder\u00e1 ser realizado por meio de solicita\u00e7\u00e3o atrav\u00e9s do Portal \u201cLGPD\u201d em nosso site, bem como poder\u00e1 ser enviado uma solicita\u00e7\u00e3o ao e-mail <em><a href=\"mailto:encarregado.lgpd@fundacoesufpel.com.br\">encarregado.lgpd@fundacoesufpel.com.br<\/a>.<\/em><\/p>\n\n\n\n<p><\/p>\n\n\n\n<h4 class=\"wp-block-heading\">6.\u00a0\u00a0\u00a0Compartilhamento de dados pessoais<\/h4>\n\n\n\n<p><\/p>\n\n\n\n<p>Observados os crit\u00e9rios definidos nesta Pol\u00edtica, as Funda\u00e7\u00f5es de Apoio \u00e0 UFPEL n\u00e3o divulgar\u00e3o dados pessoais dos seus clientes e fornecedores a uma terceira parte, exceto:<\/p>\n\n\n\n<ul class=\"wp-block-list\"><li>para atendimento \u00e0 medida necess\u00e1ria dentro dos termos das leis, regras ou regula\u00e7\u00f5es aplic\u00e1veis;<\/li><li>perante a exist\u00eancia de obriga\u00e7\u00e3o de divulga\u00e7\u00e3o;<\/li><li>por leg\u00edtimo interesse que exija a divulga\u00e7\u00e3o; ou<\/li><li>a pedido do cliente, mediante o seu consentimento.<\/li><\/ul>\n\n\n\n<p>As entidades terceiras para as quais s\u00e3o compartilhadas informa\u00e7\u00f5es pessoais de forma a desempenhar os servi\u00e7os contratados, devem executar o processamento de forma a garantir o cumprimento com as obriga\u00e7\u00f5es legais. Ainda assim, exigimos que as organiza\u00e7\u00f5es que manuseiam ou obt\u00eam esses dados pessoais, reconhe\u00e7am a criticidade desta informa\u00e7\u00e3o, assumam respeitar todos os direitos individuais de privacidade e cumpram com todas as leis relevantes de prote\u00e7\u00e3o de dados.<\/p>\n\n\n\n<p>Como parte do uso dos seus dados para os fins acima mencionados, podemos eventualmente divulgar a sua informa\u00e7\u00e3o pessoal a:<\/p>\n\n\n\n<ol class=\"wp-block-list\" type=\"a\"><li>Entidades terceiras tais como prestadores de servi\u00e7os comerciais e consultores especializados contratados para servi\u00e7os administrativos, financeiros, legais, seguran\u00e7a, pesquisa e outros servi\u00e7os;<\/li><li>Entidades terceiras que estejam realizando trabalhos de Auditoria;<\/li><li>Partes empresariais, fornecedores de cr\u00e9dito, tribunais, \u00f3rg\u00e3os controladores e autoridades reguladoras;<\/li><li>Prestadores de servi\u00e7os de pagamento e\/ou institui\u00e7\u00f5es banc\u00e1rias, para gera\u00e7\u00e3o e controle de pagamentos;<\/li><li>Os clientes aceitam e consentem que podemos ocasionalmente analisar os dados recolhidos quando visita os nossos Sites e Aplicativos ou por outros meios, como question\u00e1rios, para fins estat\u00edsticos de forma a melhorar e aprimorar os nossos servi\u00e7os.<\/li><\/ol>\n\n\n\n<p><\/p>\n\n\n\n<h4 class=\"wp-block-heading\">7.   Seguran\u00e7a e privacidade dos dados pessoais<\/h4>\n\n\n\n<p><\/p>\n\n\n\n<p>As Funda\u00e7\u00f5es de Apoio \u00e0 UFPEL t\u00eam como compromisso zelar e tratar as informa\u00e7\u00f5es de nossos clientes e demais titulares e dados utilizando medidas que visam garantir a prote\u00e7\u00e3o, a manuten\u00e7\u00e3o da privacidade, integridade, disponibilidade e confidencialidade dos dados pessoais tratados em nosso ambiente. Al\u00e9m de implementar medidas para prevenir, detectar e reduzir a vulnerabilidade a incidentes em nossos ambientes tecnol\u00f3gicos. Por exemplo, criptografamos ou anonimizamos certas informa\u00e7\u00f5es pessoais confidenciais, tamb\u00e9m exigimos que nossos clientes protejam tais informa\u00e7\u00f5es contra acesso, uso e divulga\u00e7\u00e3o n\u00e3o autorizados.<\/p>\n\n\n\n<p><\/p>\n\n\n\n<h4 class=\"wp-block-heading\">8.\u00a0\u00a0\u00a0Armazenamento de informa\u00e7\u00e3o pessoal e per\u00edodo de reten\u00e7\u00e3o<\/h4>\n\n\n\n<p><\/p>\n\n\n\n<p>As Funda\u00e7\u00f5es de Apoio \u00e0 UFPEL dever\u00e1 manter as suas informa\u00e7\u00f5es pessoais durante o tempo necess\u00e1rio para cumprir com os fins para os quais as informa\u00e7\u00f5es s\u00e3o tratadas ou por outros motivos v\u00e1lidos para reter suas informa\u00e7\u00f5es pessoais, como por exemplo o cumprimento de obriga\u00e7\u00f5es legais.<\/p>\n\n\n\n<p><\/p>\n\n\n\n<h4 class=\"wp-block-heading\">9.   Consultar seus Dados Pessoais<\/h4>\n\n\n\n<p><\/p>\n\n\n\n<p>Se desejar realizar a consulta dos seus dados pessoais que s\u00e3o tratados em nosso ambiente, acesse a \u00e1rea \u201cLGPD\u201d em nosso site. As finalidades para os quais os dados s\u00e3o tratados est\u00e3o descritas neste documento. Em caso de d\u00favidas adicionais, encaminhe um e-mail para <em><a href=\"mailto:encarregado.lgpd@fundacoesufpel.com.br\">encarregado.lgpd@fundacoesufpel.com.br<\/a>.<\/em><\/p>\n\n\n\n<h4 class=\"wp-block-heading\">10.   Alterar seus Dados Pessoais<\/h4>\n\n\n\n<p><\/p>\n\n\n\n<p>Se desejar alterar seus dados pessoais, o mesmo poder\u00e1 ser feito acessando a \u00e1rea \u201cLGPD\u201d do site bem como poder\u00e1 ser enviado uma solicita\u00e7\u00e3o ao e-mail <em><a href=\"mailto:encarregado.lgpd@fundacoesufpel.com.br\">encarregado.lgpd@fundacoesufpel.com.br<\/a><\/em>.<\/p>\n\n\n\n<h4 class=\"wp-block-heading\">11.   Solicitar o cancelamento de tratamento dos seus Dados Pessoais<\/h4>\n\n\n\n<p><\/p>\n\n\n\n<p>Se desejar que n\u00e3o realizemos mais o processamento da sua informa\u00e7\u00e3o pessoal, acesse a \u00e1rea \u201cLGPD\u201d do site e solicite o encerramento de sua conta e exclus\u00e3o dos dados, ou envie uma solicita\u00e7\u00e3o ao e-mail <em><a href=\"mailto:encarregado.lgpd@fundacoesufpel.com.br\">encarregado.lgpd@fundacoesufpel.com.br<\/a><\/em>.<\/p>\n\n\n\n<p><\/p>\n\n\n\n<h4 class=\"wp-block-heading\">12.   Contatos<\/h4>\n\n\n\n<p><\/p>\n\n\n\n<p>Encarregado Pelo Tratamento de Prote\u00e7\u00e3o de Dados: Possu\u00edmos um respons\u00e1vel pela prote\u00e7\u00e3o \u00a0de dados o qual inspeciona quest\u00f5es relacionadas a esta Pol\u00edtica de Privacidade. Caso tenha alguma d\u00favida sobre como consultar seus dados e exercer seus direitos de titular, nos contate pelo e-mail: <em><a href=\"mailto:encarregado.lgpd@fundacoesufpel.com.br\">encarregado.lgpd@fundacoesufpel.com.br<\/a><\/em><\/p>\n\n\n\n<p><\/p>\n\n\n\n<h4 class=\"wp-block-heading\">13.   Aviso Legal<\/h4>\n\n\n\n<p><\/p>\n\n\n\n<p>As Funda\u00e7\u00f5es de Apoio \u00e0 UFPEL n\u00e3o s\u00e3o respons\u00e1veis pelo uso indevido ou perda dos dados pessoais a que n\u00e3o tem acesso ou controle. Ficamos tamb\u00e9m isentos de responsabilidade diante do uso ilegal e n\u00e3o autorizado dessa informa\u00e7\u00e3o como consequ\u00eancia de uso indevido ou desvio das suas credenciais de acesso, conduta negligente ou maliciosa como consequ\u00eancia de atos ou omiss\u00f5es da sua parte ou de algu\u00e9m autorizado em seu nome.<\/p>\n\n\n\n<p><\/p>\n","protected":false},"excerpt":{"rendered":"<p>Como parte das nossas opera\u00e7\u00f5es di\u00e1rias, necessitamos coletar dados pessoais de nossos parceiros e potenciais parceiros com o intuito de [&hellip;]<\/p>\n","protected":false},"author":1,"featured_media":0,"parent":0,"menu_order":0,"comment_status":"closed","ping_status":"closed","template":"","meta":{"jetpack_post_was_ever_published":false,"footnotes":""},"class_list":["post-4705","page","type-page","status-publish","hentry"],"jetpack_sharing_enabled":true,"jetpack_likes_enabled":true,"jetpack-related-posts":[{"id":4587,"url":"https:\/\/fundacoesufpel.com.br\/fdms\/projetos-de-extensao\/","url_meta":{"origin":4705,"position":0},"title":"Projetos de Extens\u00e3o &#8211; Conhecimento e Servi\u00e7os para a Comunidade.","author":"admin","date":"25\/08\/2021","format":false,"excerpt":"Portf\u00f3lio - Acesse clicando aqui. Durante os primeiros meses de gest\u00e3o realizamos uma an\u00e1lise de cen\u00e1rio e identificamos que os desafios postos para o enfrentamento do atual momento pol\u00edtico, econ\u00f4mico e social s\u00e3o abissais. \u00c9 imperativo que estrat\u00e9gias para tal enfrentamento sejam implementadas. A unidade de apoio \u00e0 Universidade Federal\u2026","rel":"","context":"Post similar","block_context":{"text":"Post similar","link":""},"img":{"alt_text":"","src":"","width":0,"height":0},"classes":[]},{"id":3614,"url":"https:\/\/fundacoesufpel.com.br\/fdms\/ordens-internas-pareceres\/","url_meta":{"origin":4705,"position":1},"title":"Ordens Internas e Pareceres","author":"admin","date":"11\/12\/2020","format":false,"excerpt":"Com intuito de aprimorar e normatizar os procedimentos e fluxos internos\/externos, vimos informar as ordens internas que regulamentam algumas a\u00e7\u00f5es: Ordem Interna n\u00ba 01\u00a0- Regulamenta o funcionamento das assinaturas dos diretores para realiza\u00e7\u00e3o de pagamentos Ordem Interna n\u00b0 02\u00a0- Regulamenta o funcionamento da publica\u00e7\u00e3o de editais de sele\u00e7\u00e3o de bolsistas\u2026","rel":"","context":"Post similar","block_context":{"text":"Post similar","link":""},"img":{"alt_text":"","src":"","width":0,"height":0},"classes":[]},{"id":2319,"url":"https:\/\/fundacoesufpel.com.br\/fdms\/programa-de-integridade\/","url_meta":{"origin":4705,"position":2},"title":"Programa de Integridade","author":"admin","date":"06\/11\/2020","format":false,"excerpt":"Na data de\u00a001\/10\/2020\u00a0foi criado o Comit\u00ea de \u00c9tica e Compliance pela\u00a0Funda\u00e7\u00e3o Delfim Mendes Silveira\u00a0com o objetivo de implementar um\u00a0Programa Integridade para ado\u00e7\u00e3o de medidas e a\u00e7\u00f5es institucionais destinadas \u00e0 preven\u00e7\u00e3o, \u00e0 detec\u00e7\u00e3o, \u00e0 puni\u00e7\u00e3o e \u00e0 remedia\u00e7\u00e3o de fraudes e atos de corrup\u00e7\u00e3o em apoio \u00e0 boa governan\u00e7a. A Diretoria\u2026","rel":"","context":"Post similar","block_context":{"text":"Post similar","link":""},"img":{"alt_text":"","src":"https:\/\/i0.wp.com\/fundacoesufpel.com.br\/fdms\/wp-content\/uploads\/sites\/3\/2022\/07\/Imagem-para-o-site.png?resize=350%2C200&ssl=1","width":350,"height":200},"classes":[]},{"id":1822,"url":"https:\/\/fundacoesufpel.com.br\/fdms\/primeiros-passos\/","url_meta":{"origin":4705,"position":3},"title":"Primeiros Passos","author":"admin","date":"18\/09\/2020","format":false,"excerpt":"Os instrumentos firmados pela UFPel com as Funda\u00e7\u00f5es de Apoio s\u00e3o provenientes de projetos de ensino, pesquisa, extens\u00e3o, desenvolvimento institucional, cient\u00edfico e tecnol\u00f3gico e est\u00edmulo \u00e0 inova\u00e7\u00e3o coordenados por professores e\/ou t\u00e9cnicos administrativo da Universidade em favor da comunidade interna e\/ou externa da institui\u00e7\u00e3o. \u00a0 1\u00ba - Projeto aprovado pela\u2026","rel":"","context":"Post similar","block_context":{"text":"Post similar","link":""},"img":{"alt_text":"","src":"","width":0,"height":0},"classes":[]},{"id":1280,"url":"https:\/\/fundacoesufpel.com.br\/fdms\/parceiros\/","url_meta":{"origin":4705,"position":4},"title":"Parceiros","author":"admin","date":"02\/09\/2020","format":false,"excerpt":"","rel":"","context":"Post similar","block_context":{"text":"Post similar","link":""},"img":{"alt_text":"","src":"","width":0,"height":0},"classes":[]},{"id":4350,"url":"https:\/\/fundacoesufpel.com.br\/fdms\/portal-lgpd\/","url_meta":{"origin":4705,"position":5},"title":"Portal LGPD","author":"admin","date":"11\/06\/2021","format":false,"excerpt":"A LGPD ou Lei n\u00ba 13.709 \u00e9 a legisla\u00e7\u00e3o brasileira que estabelece regras e obriga\u00e7\u00f5es sobre a prote\u00e7\u00e3o de dados pessoais em todos os aspectos e para todas as organiza\u00e7\u00f5es. A Lei Geral da Prote\u00e7\u00e3o de Dados foi publicada em 14 de agosto de 2018 tratando-se diferente das legisla\u00e7\u00f5es setoriais\u2026","rel":"","context":"Post similar","block_context":{"text":"Post similar","link":""},"img":{"alt_text":"","src":"https:\/\/i0.wp.com\/fundacoesufpel.com.br\/fdms\/wp-content\/uploads\/sites\/3\/2021\/06\/LGPD-Solicitacao.png?resize=350%2C200&ssl=1","width":350,"height":200,"srcset":"https:\/\/i0.wp.com\/fundacoesufpel.com.br\/fdms\/wp-content\/uploads\/sites\/3\/2021\/06\/LGPD-Solicitacao.png?resize=350%2C200&ssl=1 1x, https:\/\/i0.wp.com\/fundacoesufpel.com.br\/fdms\/wp-content\/uploads\/sites\/3\/2021\/06\/LGPD-Solicitacao.png?resize=525%2C300&ssl=1 1.5x"},"classes":[]}],"jetpack_shortlink":"https:\/\/wp.me\/PcrDaD-1dT","_links":{"self":[{"href":"https:\/\/fundacoesufpel.com.br\/fdms\/wp-json\/wp\/v2\/pages\/4705","targetHints":{"allow":["GET"]}}],"collection":[{"href":"https:\/\/fundacoesufpel.com.br\/fdms\/wp-json\/wp\/v2\/pages"}],"about":[{"href":"https:\/\/fundacoesufpel.com.br\/fdms\/wp-json\/wp\/v2\/types\/page"}],"author":[{"embeddable":true,"href":"https:\/\/fundacoesufpel.com.br\/fdms\/wp-json\/wp\/v2\/users\/1"}],"replies":[{"embeddable":true,"href":"https:\/\/fundacoesufpel.com.br\/fdms\/wp-json\/wp\/v2\/comments?post=4705"}],"version-history":[{"count":19,"href":"https:\/\/fundacoesufpel.com.br\/fdms\/wp-json\/wp\/v2\/pages\/4705\/revisions"}],"predecessor-version":[{"id":4727,"href":"https:\/\/fundacoesufpel.com.br\/fdms\/wp-json\/wp\/v2\/pages\/4705\/revisions\/4727"}],"wp:attachment":[{"href":"https:\/\/fundacoesufpel.com.br\/fdms\/wp-json\/wp\/v2\/media?parent=4705"}],"curies":[{"name":"wp","href":"https:\/\/api.w.org\/{rel}","templated":true}]}}