{"id":4587,"date":"2021-08-25T15:28:06","date_gmt":"2021-08-25T18:28:06","guid":{"rendered":"https:\/\/fundacoesufpel.com.br\/fdms\/?page_id=4587"},"modified":"2021-10-20T15:28:20","modified_gmt":"2021-10-20T18:28:20","slug":"projetos-de-extensao","status":"publish","type":"page","link":"https:\/\/fundacoesufpel.com.br\/fdms\/projetos-de-extensao\/","title":{"rendered":"Projetos de Extens\u00e3o &#8211; Conhecimento e Servi\u00e7os para a Comunidade."},"content":{"rendered":"\n<p><\/p>\n\n\n\n<p class=\"has-medium-font-size\"><strong>Portf\u00f3lio<\/strong> &#8211; Acesse <a href=\"https:\/\/fundacoesufpel.com.br\/fdms\/wp-content\/uploads\/sites\/3\/2021\/10\/LIVRO-PORTFOLIO-UFPEL-Versao-final-com-a-capa-em-20.10.21.pdf\" data-type=\"URL\" data-id=\"https:\/\/fundacoesufpel.com.br\/fdms\/wp-content\/uploads\/sites\/3\/2021\/10\/LIVRO-PORTFOLIO-UFPEL-Versao-final-com-a-capa-em-20.10.21.pdf\" target=\"_blank\" rel=\"noreferrer noopener\"><span style=\"text-decoration: underline\">clicando aqui<\/span>.<\/a><\/p>\n\n\n\n<p>Durante os primeiros meses de gest\u00e3o realizamos uma an\u00e1lise de cen\u00e1rio e identificamos que os desafios postos para o enfrentamento do atual momento pol\u00edtico, econ\u00f4mico e social s\u00e3o abissais. \u00c9 imperativo que estrat\u00e9gias para tal enfrentamento sejam implementadas.<\/p>\n\n\n\n<p>A unidade de apoio \u00e0 Universidade Federal de Pelotas, Funda\u00e7\u00e3o Delfim Mendes Silveira, atenta aos seus preceitos legais e  intencionalidades prec\u00edpuas, est\u00e1 em conson\u00e2ncia com a pol\u00edtica de a\u00e7\u00e3o da Pr\u00f3-Reitoria de Extens\u00e3o e Cultura, que se orienta a partir de quatro pilares: i. a\u00e7\u00f5es de extens\u00e3o e cultura como vari\u00e1veis chave para forma\u00e7\u00e3o dos nossos estudantes; ii. aproxima\u00e7\u00e3o com a comunidade para uma constante troca de saberes; iii. divulga\u00e7\u00e3o dos conhecimentos desenvolvidos com a Universidade; iv. amplia\u00e7\u00e3o das rela\u00e7\u00f5es interinstitucionais.<\/p>\n\n\n\n<p>Dessa forma, apresentamos para comunidade o PORTF\u00d3LIO FDMS_UFPel: Conhecimentos e Servi\u00e7os para a Comunidade. Este Portf\u00f3lio servir\u00e1 como ferramenta para aprimorar, qualificar e ampliar o modo de intera\u00e7\u00e3o entre os projetos desenvolvidos por servidores, gerenciados pela PREC\/UFPel, apoiado pela FDMS, e os gestores de institui\u00e7\u00f5es p\u00fablicas, privadas ou do terceiro setor.<\/p>\n\n\n\n<p>O Portf\u00f3lio \u00e9 composto por projetos de diversas \u00e1reas da UFPel, com destaque para a veterin\u00e1ria, engenharias, letras, odontologia, agronomia, qu\u00edmica, tecnologias. O Portf\u00f3lio apresenta de forma atrativa e did\u00e1tica, dados relevantes das atividades extensionistas como os objetivos dos projetos, os servi\u00e7os prestados, os impactos sociais pretendidos, as vantagens institucionais adquiridas pelos parceiros contratantes e os benef\u00edcios para p\u00fablico alvo do projeto.<\/p>\n\n\n\n<p>Por fim, destaca-se que a UFPel e sua funda\u00e7\u00e3o de apoio transitam pelos caminhos da intera\u00e7\u00e3o com a comunidade e est\u00e3o de portas abertas para a avan\u00e7ar nos diversos modelos para forma\u00e7\u00e3o acad\u00eamica, nos diferentes m\u00e9todos de aproxima\u00e7\u00e3o com o p\u00fablico externo, nas formas contempor\u00e2neas de comunica\u00e7\u00e3o e intera\u00e7\u00e3o e nas estimadas rela\u00e7\u00f5es interinstitucionais. A Universidade transforma a vida das pessoas e as pessoas transformam a Universidade.<\/p>\n\n\n\n<p class=\"has-text-align-center\"><strong>Prof. C\u00e9sar Dalmolin Bergoli<\/strong><br>Diretor-Presidente<br>Funda\u00e7\u00e3o Delfim Mendes Silveira-FDMS<\/p>\n\n\n\n<p class=\"has-text-align-center has-black-color has-text-color\"> <strong>Dr. Eraldo Pinheiro<\/strong><br>Pr\u00f3-Reitor de Extens\u00e3o e Cultura <br>Universidade Federal de Pelotas<\/p>\n\n\n\n<p><\/p>\n","protected":false},"excerpt":{"rendered":"<p>Portf\u00f3lio &#8211; Acesse clicando aqui. Durante os primeiros meses de gest\u00e3o realizamos uma an\u00e1lise de cen\u00e1rio e identificamos que os [&hellip;]<\/p>\n","protected":false},"author":1,"featured_media":0,"parent":0,"menu_order":0,"comment_status":"closed","ping_status":"closed","template":"","meta":{"jetpack_post_was_ever_published":false,"footnotes":""},"class_list":["post-4587","page","type-page","status-publish","hentry"],"jetpack_sharing_enabled":true,"jetpack_likes_enabled":true,"jetpack-related-posts":[],"jetpack_shortlink":"https:\/\/wp.me\/PcrDaD-1bZ","_links":{"self":[{"href":"https:\/\/fundacoesufpel.com.br\/fdms\/wp-json\/wp\/v2\/pages\/4587","targetHints":{"allow":["GET"]}}],"collection":[{"href":"https:\/\/fundacoesufpel.com.br\/fdms\/wp-json\/wp\/v2\/pages"}],"about":[{"href":"https:\/\/fundacoesufpel.com.br\/fdms\/wp-json\/wp\/v2\/types\/page"}],"author":[{"embeddable":true,"href":"https:\/\/fundacoesufpel.com.br\/fdms\/wp-json\/wp\/v2\/users\/1"}],"replies":[{"embeddable":true,"href":"https:\/\/fundacoesufpel.com.br\/fdms\/wp-json\/wp\/v2\/comments?post=4587"}],"version-history":[{"count":6,"href":"https:\/\/fundacoesufpel.com.br\/fdms\/wp-json\/wp\/v2\/pages\/4587\/revisions"}],"predecessor-version":[{"id":4801,"href":"https:\/\/fundacoesufpel.com.br\/fdms\/wp-json\/wp\/v2\/pages\/4587\/revisions\/4801"}],"wp:attachment":[{"href":"https:\/\/fundacoesufpel.com.br\/fdms\/wp-json\/wp\/v2\/media?parent=4587"}],"curies":[{"name":"wp","href":"https:\/\/api.w.org\/{rel}","templated":true}]}}