{"id":4041,"date":"2021-03-10T15:52:41","date_gmt":"2021-03-10T18:52:41","guid":{"rendered":"https:\/\/fundacoesufpel.com.br\/fdms\/?page_id=4041"},"modified":"2025-03-20T10:22:29","modified_gmt":"2025-03-20T13:22:29","slug":"relacao-dos-dirigentes","status":"publish","type":"page","link":"https:\/\/fundacoesufpel.com.br\/fdms\/relacao-dos-dirigentes\/","title":{"rendered":"Rela\u00e7\u00e3o dos dirigentes 2023-2025"},"content":{"rendered":"\n<p class=\"has-medium-font-size\" style=\"font-style:normal;font-weight:900\"><strong>Diretor Presidente:&nbsp;<\/strong>&nbsp;<\/p>\n\n\n\n<blockquote class=\"wp-block-quote is-style-default has-medium-font-size is-layout-flow wp-block-quote-is-layout-flow\">\n<p>Cesar Dalmolin Bergoli<\/p>\n<\/blockquote>\n\n\n\n<p class=\"has-medium-font-size\"><strong>Diretor Executivo:<\/strong>&nbsp;<\/p>\n\n\n\n<blockquote class=\"wp-block-quote has-medium-font-size is-layout-flow wp-block-quote-is-layout-flow\">\n<p><em>Carlos Ant\u00f4nio da Costa Tillmann<\/em><\/p>\n<\/blockquote>\n\n\n\n<p class=\"has-medium-font-size\"><strong>Diretor Financeiro:&nbsp;<\/strong>&nbsp;<\/p>\n\n\n\n<blockquote class=\"wp-block-quote has-medium-font-size is-layout-flow wp-block-quote-is-layout-flow\">\n<p>Sergio da Silva Cava<\/p>\n<\/blockquote>\n","protected":false},"excerpt":{"rendered":"<p>Diretor Presidente:&nbsp;&nbsp; Cesar Dalmolin Bergoli Diretor Executivo:&nbsp; Carlos Ant\u00f4nio da Costa Tillmann Diretor Financeiro:&nbsp;&nbsp; Sergio da Silva Cava<\/p>\n","protected":false},"author":1,"featured_media":0,"parent":0,"menu_order":0,"comment_status":"closed","ping_status":"closed","template":"","meta":{"jetpack_post_was_ever_published":false,"footnotes":""},"class_list":["post-4041","page","type-page","status-publish","hentry"],"jetpack_sharing_enabled":true,"jetpack_likes_enabled":true,"jetpack-related-posts":[{"id":2319,"url":"https:\/\/fundacoesufpel.com.br\/fdms\/programa-de-integridade\/","url_meta":{"origin":4041,"position":0},"title":"Programa de Integridade","author":"admin","date":"06\/11\/2020","format":false,"excerpt":"Na data de\u00a001\/10\/2020\u00a0foi criado o Comit\u00ea de \u00c9tica e Compliance pela\u00a0Funda\u00e7\u00e3o Delfim Mendes Silveira\u00a0com o objetivo de implementar um\u00a0Programa Integridade para ado\u00e7\u00e3o de medidas e a\u00e7\u00f5es institucionais destinadas \u00e0 preven\u00e7\u00e3o, \u00e0 detec\u00e7\u00e3o, \u00e0 puni\u00e7\u00e3o e \u00e0 remedia\u00e7\u00e3o de fraudes e atos de corrup\u00e7\u00e3o em apoio \u00e0 boa governan\u00e7a. A Diretoria\u2026","rel":"","context":"Post similar","block_context":{"text":"Post similar","link":""},"img":{"alt_text":"","src":"https:\/\/i0.wp.com\/fundacoesufpel.com.br\/fdms\/wp-content\/uploads\/sites\/3\/2022\/07\/Imagem-para-o-site.png?resize=350%2C200&ssl=1","width":350,"height":200},"classes":[]},{"id":35,"url":"https:\/\/fundacoesufpel.com.br\/fdms\/estrutura-equipe\/","url_meta":{"origin":4041,"position":1},"title":"Estrutura \/ Equipe","author":"admin","date":"04\/08\/2020","format":false,"excerpt":"C\u00e9sar Dalmolin BergoliDiretor Presidente Carlos Ant\u00f4nio da Costa TillmannDiretor Executivo Sergio da Silva CavaDiretor Financeiro Ger\u00eancia Executiva Cristiane ZandonottoGerente Executiva \u00a0 Secret\u00e1ria Executiva Gisele PiedrasSecret\u00e1ria Executiva \u00a0 Supervis\u00e3o Escrit\u00f3rio de Projetos Fernanda PetrySupervisora Administrativa Escrit\u00f3rio de Projetos Elisa MoraesAuxiliar de Projetos Ana Carolina SoaresAuxiliar de Projetos Pedro Henrique MonteiroAuxiliar de\u2026","rel":"","context":"Post similar","block_context":{"text":"Post similar","link":""},"img":{"alt_text":"","src":"https:\/\/i0.wp.com\/fundacoesufpel.com.br\/fdms\/wp-content\/uploads\/sites\/3\/2021\/01\/Cesar_fundo_branco-150x150.png?resize=350%2C200&ssl=1","width":350,"height":200},"classes":[]},{"id":4587,"url":"https:\/\/fundacoesufpel.com.br\/fdms\/projetos-de-extensao\/","url_meta":{"origin":4041,"position":2},"title":"Projetos de Extens\u00e3o &#8211; Conhecimento e Servi\u00e7os para a Comunidade.","author":"admin","date":"25\/08\/2021","format":false,"excerpt":"Portf\u00f3lio - Acesse clicando aqui. Durante os primeiros meses de gest\u00e3o realizamos uma an\u00e1lise de cen\u00e1rio e identificamos que os desafios postos para o enfrentamento do atual momento pol\u00edtico, econ\u00f4mico e social s\u00e3o abissais. \u00c9 imperativo que estrat\u00e9gias para tal enfrentamento sejam implementadas. A unidade de apoio \u00e0 Universidade Federal\u2026","rel":"","context":"Post similar","block_context":{"text":"Post similar","link":""},"img":{"alt_text":"","src":"","width":0,"height":0},"classes":[]},{"id":3614,"url":"https:\/\/fundacoesufpel.com.br\/fdms\/ordens-internas-pareceres\/","url_meta":{"origin":4041,"position":3},"title":"Ordens Internas e Pareceres","author":"admin","date":"11\/12\/2020","format":false,"excerpt":"Com intuito de aprimorar e normatizar os procedimentos e fluxos internos\/externos, vimos informar as ordens internas que regulamentam algumas a\u00e7\u00f5es: Ordem Interna n\u00ba 01\u00a0- Regulamenta o funcionamento das assinaturas dos diretores para realiza\u00e7\u00e3o de pagamentos Ordem Interna n\u00b0 02\u00a0- Regulamenta o funcionamento da publica\u00e7\u00e3o de editais de sele\u00e7\u00e3o de bolsistas\u2026","rel":"","context":"Post similar","block_context":{"text":"Post similar","link":""},"img":{"alt_text":"","src":"","width":0,"height":0},"classes":[]},{"id":8352,"url":"https:\/\/fundacoesufpel.com.br\/fdms\/fundo-patrimonial\/","url_meta":{"origin":4041,"position":4},"title":"Fundo Patrimonial","author":"leandrojunior","date":"24\/04\/2024","format":false,"excerpt":"FUNDO PATRIMONIAL DA FUNDA\u00c7\u00c3O DELFIM MENDES SILVEIRA HIST\u00d3RIA A idealiza\u00e7\u00e3o do Fundo Patrimonial iniciou no ano de 2022 quando o ent\u00e3o Diretor Presidente da Funda\u00e7\u00e3o Delfim Mendes Silveira trouxe ao Conselho Deliberativo \u00e0 Reitoria da UFPel a possibilidade de cria\u00e7\u00e3o de um Fundo Patrimonial para buscar solu\u00e7\u00f5es de apoio financeiro\u2026","rel":"","context":"Post similar","block_context":{"text":"Post similar","link":""},"img":{"alt_text":"","src":"https:\/\/i0.wp.com\/fundacoesufpel.com.br\/fdms\/wp-content\/uploads\/sites\/3\/2024\/12\/sicredi.png?resize=350%2C200&ssl=1","width":350,"height":200,"srcset":"https:\/\/i0.wp.com\/fundacoesufpel.com.br\/fdms\/wp-content\/uploads\/sites\/3\/2024\/12\/sicredi.png?resize=350%2C200&ssl=1 1x, https:\/\/i0.wp.com\/fundacoesufpel.com.br\/fdms\/wp-content\/uploads\/sites\/3\/2024\/12\/sicredi.png?resize=525%2C300&ssl=1 1.5x, https:\/\/i0.wp.com\/fundacoesufpel.com.br\/fdms\/wp-content\/uploads\/sites\/3\/2024\/12\/sicredi.png?resize=700%2C400&ssl=1 2x"},"classes":[]}],"jetpack_shortlink":"https:\/\/wp.me\/PcrDaD-13b","_links":{"self":[{"href":"https:\/\/fundacoesufpel.com.br\/fdms\/wp-json\/wp\/v2\/pages\/4041","targetHints":{"allow":["GET"]}}],"collection":[{"href":"https:\/\/fundacoesufpel.com.br\/fdms\/wp-json\/wp\/v2\/pages"}],"about":[{"href":"https:\/\/fundacoesufpel.com.br\/fdms\/wp-json\/wp\/v2\/types\/page"}],"author":[{"embeddable":true,"href":"https:\/\/fundacoesufpel.com.br\/fdms\/wp-json\/wp\/v2\/users\/1"}],"replies":[{"embeddable":true,"href":"https:\/\/fundacoesufpel.com.br\/fdms\/wp-json\/wp\/v2\/comments?post=4041"}],"version-history":[{"count":6,"href":"https:\/\/fundacoesufpel.com.br\/fdms\/wp-json\/wp\/v2\/pages\/4041\/revisions"}],"predecessor-version":[{"id":9306,"href":"https:\/\/fundacoesufpel.com.br\/fdms\/wp-json\/wp\/v2\/pages\/4041\/revisions\/9306"}],"wp:attachment":[{"href":"https:\/\/fundacoesufpel.com.br\/fdms\/wp-json\/wp\/v2\/media?parent=4041"}],"curies":[{"name":"wp","href":"https:\/\/api.w.org\/{rel}","templated":true}]}}