{"id":2347,"date":"2020-11-10T07:05:23","date_gmt":"2020-11-10T10:05:23","guid":{"rendered":"https:\/\/fundacoesufpel.com.br\/fdms\/?page_id=2347"},"modified":"2020-11-25T16:48:40","modified_gmt":"2020-11-25T19:48:40","slug":"projetos-encerrados","status":"publish","type":"page","link":"https:\/\/fundacoesufpel.com.br\/fdms\/projetos-encerrados\/","title":{"rendered":"Projetos Encerrados"},"content":{"rendered":"\n<h3 class=\"section-title\">CONV\u00caNIOS ENCERRADOS FDMS<\/h3>\n\n\n<div id=\"footable_parent_3323\"\n         class=\" footable_parent ninja_table_wrapper loading_ninja_table wp_table_data_press_parent semantic_ui \">\n                <table data-ninja_table_instance=\"ninja_table_instance_0\" data-footable_id=\"3323\" data-filter-delay=\"1000\" aria-label=\"CONV\u00caNIOS ENCERRADOS FDMS\"            id=\"footable_3323\"\n           data-unique_identifier=\"ninja_table_unique_id_3153861900_3323\"\n           class=\" foo-table ninja_footable foo_table_3323 ninja_table_unique_id_3153861900_3323 ui table  nt_type_ajax_table selectable striped vertical_centered  footable-paging-right\">\n                <colgroup>\n                            <col class=\"ninja_column_0 \">\n                            <col class=\"ninja_column_1 \">\n                            <col class=\"ninja_column_2 \">\n                            <col class=\"ninja_column_3 \">\n                            <col class=\"ninja_column_4 \">\n                            <col class=\"ninja_column_5 \">\n                            <col class=\"ninja_column_6 \">\n                    <\/colgroup>\n            <\/table>\n    \n    \n    \n<\/div>\n\n\n\n\n<div style=\"height:50px\" aria-hidden=\"true\" class=\"wp-block-spacer\"><\/div>\n\n\n\n<h3 class=\"section-title\">CONTRATOS ENCERRADOS FDMS<\/h3>\n\n\n<div id=\"footable_parent_3326\"\n         class=\" footable_parent ninja_table_wrapper loading_ninja_table wp_table_data_press_parent semantic_ui \">\n                <table data-ninja_table_instance=\"ninja_table_instance_1\" data-footable_id=\"3326\" data-filter-delay=\"1000\" aria-label=\"CONTRATOS ENCERRADOS FDMS\"            id=\"footable_3326\"\n           data-unique_identifier=\"ninja_table_unique_id_990406914_3326\"\n           class=\" foo-table ninja_footable foo_table_3326 ninja_table_unique_id_990406914_3326 ui table  nt_type_ajax_table selectable striped vertical_centered  footable-paging-right\">\n                <colgroup>\n                            <col class=\"ninja_column_0 \">\n                            <col class=\"ninja_column_1 \">\n                            <col class=\"ninja_column_2 \">\n                            <col class=\"ninja_column_3 \">\n                            <col class=\"ninja_column_4 \">\n                            <col class=\"ninja_column_5 \">\n                            <col class=\"ninja_column_6 \">\n                    <\/colgroup>\n            <\/table>\n    \n    \n    \n<\/div>\n\n\n\n\n<div style=\"height:50px\" aria-hidden=\"true\" class=\"wp-block-spacer\"><\/div>\n\n\n\n<h3 class=\"section-title\">ACORDOS ENCERRADOS FDMS<\/h3>\n\n\n<div id=\"footable_parent_3327\"\n         class=\" footable_parent ninja_table_wrapper loading_ninja_table wp_table_data_press_parent semantic_ui \">\n                <table data-ninja_table_instance=\"ninja_table_instance_2\" data-footable_id=\"3327\" data-filter-delay=\"1000\" aria-label=\"ACORDOS ENCERRADOS FDMS\"            id=\"footable_3327\"\n           data-unique_identifier=\"ninja_table_unique_id_3539439235_3327\"\n           class=\" foo-table ninja_footable foo_table_3327 ninja_table_unique_id_3539439235_3327 ui table  ninja_search_right nt_type_ajax_table selectable striped vertical_centered  footable-paging-right\">\n                <colgroup>\n                            <col class=\"ninja_column_0 \">\n                            <col class=\"ninja_column_1 \">\n                            <col class=\"ninja_column_2 \">\n                            <col class=\"ninja_column_3 \">\n                            <col class=\"ninja_column_4 \">\n                            <col class=\"ninja_column_5 \">\n                            <col class=\"ninja_column_6 \">\n                    <\/colgroup>\n            <\/table>\n    \n    \n    \n<\/div>\n\n","protected":false},"excerpt":{"rendered":"<p>CONV\u00caNIOS ENCERRADOS FDMS CONTRATOS ENCERRADOS FDMS ACORDOS ENCERRADOS FDMS<\/p>\n","protected":false},"author":1,"featured_media":0,"parent":0,"menu_order":0,"comment_status":"closed","ping_status":"closed","template":"page-templates\/full-width.php","meta":{"jetpack_post_was_ever_published":false,"footnotes":""},"class_list":["post-2347","page","type-page","status-publish","hentry"],"jetpack_sharing_enabled":true,"jetpack_likes_enabled":true,"jetpack-related-posts":[{"id":1104,"url":"https:\/\/fundacoesufpel.com.br\/fdms\/portal-do-fornecedor\/","url_meta":{"origin":2347,"position":0},"title":"Portal do Fornecedor","author":"admin","date":"11\/08\/2020","format":false,"excerpt":"O Portal do Fornecedor d\u00e1 acesso aos fornecedores que desejam participar de processos de compras e contrata\u00e7\u00f5es de servi\u00e7os da institui\u00e7\u00e3o. Atrav\u00e9s das funcionalidades do mesmo, um fornecedor poder\u00e1 acompanhar os processos de compra da institui\u00e7\u00e3o direcionados para as suas \u00e1reas de atua\u00e7\u00e3o, permitindo que o mesmo possa cadastrar suas\u2026","rel":"","context":"Post similar","block_context":{"text":"Post similar","link":""},"img":{"alt_text":"","src":"","width":0,"height":0},"classes":[]},{"id":2345,"url":"https:\/\/fundacoesufpel.com.br\/fdms\/projetos-em-andamento\/","url_meta":{"origin":2347,"position":1},"title":"Projetos em Andamento","author":"admin","date":"10\/11\/2020","format":false,"excerpt":"CONV\u00caNIOS EM ANDAMENTO FDMS CONTRATOS EM ANDAMENTO FDMS ACORDOS EM ANDAMENTO FDMS","rel":"","context":"Post similar","block_context":{"text":"Post similar","link":""},"img":{"alt_text":"","src":"","width":0,"height":0},"classes":[]},{"id":849,"url":"https:\/\/fundacoesufpel.com.br\/fdms\/perguntas-frequentes\/","url_meta":{"origin":2347,"position":2},"title":"Perguntas Frequentes","author":"admin","date":"10\/08\/2020","format":false,"excerpt":"","rel":"","context":"Post similar","block_context":{"text":"Post similar","link":""},"img":{"alt_text":"","src":"","width":0,"height":0},"classes":[]},{"id":4044,"url":"https:\/\/fundacoesufpel.com.br\/fdms\/estatuto-e-escrituras-publicas\/","url_meta":{"origin":2347,"position":3},"title":"Estatuto e Escrituras P\u00fablicas","author":"admin","date":"10\/03\/2021","format":false,"excerpt":"Escritura de Constitui\u00e7\u00e3o da FDMS -\u00a008\/11\/1999Baixar 1\u00aa Altera\u00e7\u00e3o:\u00a0Escritura de Altera\u00e7\u00e3o do Estatuto Social FDMS -\u00a0 01\/03\/2000Baixar 2\u00b0 Altera\u00e7\u00e3o:\u00a0\u00a0Escritura de Altera\u00e7\u00e3o do Estatuto Social FDMS -\u00a012\/03\/2009Baixar 3\u00b0\u00a0Altera\u00e7\u00e3o: Escritura de Altera\u00e7\u00e3o do Estatuto Social FDMS -\u00a009\/1\/2018Baixar 4\u00b0 Altera\u00e7\u00e3o:\u00a0Escritura de Altera\u00e7\u00e3o do Estatuto Social FDMS -\u00a008\/08\/2019Baixar 5\u00b0 Altera\u00e7\u00e3o: Escritura P\u00fablica de Retifica\u00e7\u00e3o e\u2026","rel":"","context":"Post similar","block_context":{"text":"Post similar","link":""},"img":{"alt_text":"","src":"","width":0,"height":0},"classes":[]},{"id":1279,"url":"https:\/\/fundacoesufpel.com.br\/fdms\/sobre-a-fdms\/","url_meta":{"origin":2347,"position":4},"title":"Sobre a FDMS","author":"admin","date":"04\/08\/2020","format":false,"excerpt":"","rel":"","context":"Post similar","block_context":{"text":"Post similar","link":""},"img":{"alt_text":"","src":"","width":0,"height":0},"classes":[]},{"id":6656,"url":"https:\/\/fundacoesufpel.com.br\/fdms\/nosso-manual-de-marca\/","url_meta":{"origin":2347,"position":5},"title":"Nosso manual de marca","author":"","date":"28\/10\/2022","format":false,"excerpt":"Devido a quantidade de projetos apoiados pela funda\u00e7\u00e3o atualmente e a necessidade de haver um material de qualidade sobre nossa identidade visual para divulga\u00e7\u00e3o, foi criado um pequeno guia de como deve ser usada a logo da FDMS e suas diferentes aplica\u00e7\u00f5es. Como forma de manter a integridade da identidade\u2026","rel":"","context":"Post similar","block_context":{"text":"Post similar","link":""},"img":{"alt_text":"","src":"","width":0,"height":0},"classes":[]}],"jetpack_shortlink":"https:\/\/wp.me\/PcrDaD-BR","_links":{"self":[{"href":"https:\/\/fundacoesufpel.com.br\/fdms\/wp-json\/wp\/v2\/pages\/2347","targetHints":{"allow":["GET"]}}],"collection":[{"href":"https:\/\/fundacoesufpel.com.br\/fdms\/wp-json\/wp\/v2\/pages"}],"about":[{"href":"https:\/\/fundacoesufpel.com.br\/fdms\/wp-json\/wp\/v2\/types\/page"}],"author":[{"embeddable":true,"href":"https:\/\/fundacoesufpel.com.br\/fdms\/wp-json\/wp\/v2\/users\/1"}],"replies":[{"embeddable":true,"href":"https:\/\/fundacoesufpel.com.br\/fdms\/wp-json\/wp\/v2\/comments?post=2347"}],"version-history":[{"count":6,"href":"https:\/\/fundacoesufpel.com.br\/fdms\/wp-json\/wp\/v2\/pages\/2347\/revisions"}],"predecessor-version":[{"id":3360,"href":"https:\/\/fundacoesufpel.com.br\/fdms\/wp-json\/wp\/v2\/pages\/2347\/revisions\/3360"}],"wp:attachment":[{"href":"https:\/\/fundacoesufpel.com.br\/fdms\/wp-json\/wp\/v2\/media?parent=2347"}],"curies":[{"name":"wp","href":"https:\/\/api.w.org\/{rel}","templated":true}]}}