{"id":2345,"date":"2020-11-10T06:38:38","date_gmt":"2020-11-10T09:38:38","guid":{"rendered":"https:\/\/fundacoesufpel.com.br\/fdms\/?page_id=2345"},"modified":"2020-11-25T17:33:58","modified_gmt":"2020-11-25T20:33:58","slug":"projetos-em-andamento","status":"publish","type":"page","link":"https:\/\/fundacoesufpel.com.br\/fdms\/projetos-em-andamento\/","title":{"rendered":"Projetos em Andamento"},"content":{"rendered":"\n<h3 class=\"section-title wp-block-heading\">CONV\u00caNIOS EM ANDAMENTO FDMS<\/h3>\n\n\n<div id=\"footable_parent_3329\"\n         class=\" footable_parent ninja_table_wrapper loading_ninja_table wp_table_data_press_parent semantic_ui \">\n                <table data-ninja_table_instance=\"ninja_table_instance_0\" data-footable_id=\"3329\" data-filter-delay=\"1000\" aria-label=\"CONV\u00caNIOS EM ANDAMENTO FDMS\"            id=\"footable_3329\"\n           data-unique_identifier=\"ninja_table_unique_id_2724745435_3329\"\n           class=\" foo-table ninja_footable foo_table_3329 ninja_table_unique_id_2724745435_3329 ui table  nt_type_ajax_table selectable striped vertical_centered  footable-paging-right\">\n                <colgroup>\n                            <col class=\"ninja_column_0 \">\n                            <col class=\"ninja_column_1 \">\n                            <col class=\"ninja_column_2 \">\n                            <col class=\"ninja_column_3 \">\n                            <col class=\"ninja_column_4 \">\n                            <col class=\"ninja_column_5 \">\n                            <col class=\"ninja_column_6 \">\n                    <\/colgroup>\n            <\/table>\n    \n    \n    \n<\/div>\n\n\n\n\n<div style=\"height:50px\" aria-hidden=\"true\" class=\"wp-block-spacer\"><\/div>\n\n\n\n<h3 class=\"section-title wp-block-heading\">CONTRATOS EM ANDAMENTO FDMS<\/h3>\n\n\n<div id=\"footable_parent_3330\"\n         class=\" footable_parent ninja_table_wrapper loading_ninja_table wp_table_data_press_parent semantic_ui \">\n                <table data-ninja_table_instance=\"ninja_table_instance_1\" data-footable_id=\"3330\" data-filter-delay=\"1000\" aria-label=\"CONTRATOS EM ANDAMENTO FDMS\"            id=\"footable_3330\"\n           data-unique_identifier=\"ninja_table_unique_id_2878025883_3330\"\n           class=\" foo-table ninja_footable foo_table_3330 ninja_table_unique_id_2878025883_3330 ui table  ninja_search_right nt_type_ajax_table selectable striped vertical_centered  footable-paging-right\">\n                <colgroup>\n                            <col class=\"ninja_column_0 \">\n                            <col class=\"ninja_column_1 \">\n                            <col class=\"ninja_column_2 \">\n                            <col class=\"ninja_column_3 \">\n                            <col class=\"ninja_column_4 \">\n                            <col class=\"ninja_column_5 \">\n                            <col class=\"ninja_column_6 \">\n                    <\/colgroup>\n            <\/table>\n    \n    \n    \n<\/div>\n\n\n\n\n<div style=\"height:50px\" aria-hidden=\"true\" class=\"wp-block-spacer\"><\/div>\n\n\n\n<h3 class=\"section-title wp-block-heading\">ACORDOS EM ANDAMENTO FDMS<\/h3>\n\n\n<div id=\"footable_parent_3331\"\n         class=\" footable_parent ninja_table_wrapper loading_ninja_table wp_table_data_press_parent semantic_ui \">\n                <table data-ninja_table_instance=\"ninja_table_instance_2\" data-footable_id=\"3331\" data-filter-delay=\"1000\" aria-label=\"ACORDOS EM ANDAMENTO FDMS\"            id=\"footable_3331\"\n           data-unique_identifier=\"ninja_table_unique_id_2546052611_3331\"\n           class=\" foo-table ninja_footable foo_table_3331 ninja_table_unique_id_2546052611_3331 ui table  ninja_search_right nt_type_ajax_table selectable striped vertical_centered  footable-paging-right\">\n                <colgroup>\n                            <col class=\"ninja_column_0 \">\n                            <col class=\"ninja_column_1 \">\n                            <col class=\"ninja_column_2 \">\n                            <col class=\"ninja_column_3 \">\n                            <col class=\"ninja_column_4 \">\n                            <col class=\"ninja_column_5 \">\n                            <col class=\"ninja_column_6 \">\n                    <\/colgroup>\n            <\/table>\n    \n    \n    \n<\/div>\n\n","protected":false},"excerpt":{"rendered":"<p>CONV\u00caNIOS EM ANDAMENTO FDMS CONTRATOS EM ANDAMENTO FDMS ACORDOS EM ANDAMENTO FDMS<\/p>\n","protected":false},"author":1,"featured_media":0,"parent":0,"menu_order":0,"comment_status":"closed","ping_status":"closed","template":"page-templates\/full-width.php","meta":{"jetpack_post_was_ever_published":false,"footnotes":""},"class_list":["post-2345","page","type-page","status-publish","hentry"],"jetpack_sharing_enabled":true,"jetpack_likes_enabled":true,"jetpack-related-posts":[{"id":2347,"url":"https:\/\/fundacoesufpel.com.br\/fdms\/projetos-encerrados\/","url_meta":{"origin":2345,"position":0},"title":"Projetos Encerrados","author":"admin","date":"10\/11\/2020","format":false,"excerpt":"CONV\u00caNIOS ENCERRADOS FDMS CONTRATOS ENCERRADOS FDMS ACORDOS ENCERRADOS FDMS","rel":"","context":"Post similar","block_context":{"text":"Post similar","link":""},"img":{"alt_text":"","src":"","width":0,"height":0},"classes":[]},{"id":849,"url":"https:\/\/fundacoesufpel.com.br\/fdms\/perguntas-frequentes\/","url_meta":{"origin":2345,"position":1},"title":"Perguntas Frequentes","author":"admin","date":"10\/08\/2020","format":false,"excerpt":"","rel":"","context":"Post similar","block_context":{"text":"Post similar","link":""},"img":{"alt_text":"","src":"","width":0,"height":0},"classes":[]},{"id":4044,"url":"https:\/\/fundacoesufpel.com.br\/fdms\/estatuto-e-escrituras-publicas\/","url_meta":{"origin":2345,"position":2},"title":"Estatuto e Escrituras P\u00fablicas","author":"admin","date":"10\/03\/2021","format":false,"excerpt":"Escritura de Constitui\u00e7\u00e3o da FDMS -\u00a008\/11\/1999Baixar 1\u00aa Altera\u00e7\u00e3o:\u00a0Escritura de Altera\u00e7\u00e3o do Estatuto Social FDMS -\u00a0 01\/03\/2000Baixar 2\u00b0 Altera\u00e7\u00e3o:\u00a0\u00a0Escritura de Altera\u00e7\u00e3o do Estatuto Social FDMS -\u00a012\/03\/2009Baixar 3\u00b0\u00a0Altera\u00e7\u00e3o: Escritura de Altera\u00e7\u00e3o do Estatuto Social FDMS -\u00a009\/1\/2018Baixar 4\u00b0 Altera\u00e7\u00e3o:\u00a0Escritura de Altera\u00e7\u00e3o do Estatuto Social FDMS -\u00a008\/08\/2019Baixar 5\u00b0 Altera\u00e7\u00e3o: Escritura P\u00fablica de Retifica\u00e7\u00e3o e\u2026","rel":"","context":"Post similar","block_context":{"text":"Post similar","link":""},"img":{"alt_text":"","src":"","width":0,"height":0},"classes":[]},{"id":1279,"url":"https:\/\/fundacoesufpel.com.br\/fdms\/sobre-a-fdms\/","url_meta":{"origin":2345,"position":3},"title":"Sobre a FDMS","author":"admin","date":"04\/08\/2020","format":false,"excerpt":"","rel":"","context":"Post similar","block_context":{"text":"Post similar","link":""},"img":{"alt_text":"","src":"","width":0,"height":0},"classes":[]},{"id":6656,"url":"https:\/\/fundacoesufpel.com.br\/fdms\/nosso-manual-de-marca\/","url_meta":{"origin":2345,"position":4},"title":"Nosso manual de marca","author":"","date":"28\/10\/2022","format":false,"excerpt":"Devido a quantidade de projetos apoiados pela funda\u00e7\u00e3o atualmente e a necessidade de haver um material de qualidade sobre nossa identidade visual para divulga\u00e7\u00e3o, foi criado um pequeno guia de como deve ser usada a logo da FDMS e suas diferentes aplica\u00e7\u00f5es. Como forma de manter a integridade da identidade\u2026","rel":"","context":"Post similar","block_context":{"text":"Post similar","link":""},"img":{"alt_text":"","src":"","width":0,"height":0},"classes":[]},{"id":8716,"url":"https:\/\/fundacoesufpel.com.br\/fdms\/projetos-culturais\/","url_meta":{"origin":2345,"position":5},"title":"Projetos Culturais","author":"leandrojunior","date":"02\/10\/2024","format":false,"excerpt":"A FDMS apoia a execu\u00e7\u00e3o dos projetos desde a sua concep\u00e7\u00e3o at\u00e9 a finaliza\u00e7\u00e3o, disponibilizando o suporte necess\u00e1rio ao desenvolvimento de iniciativas que requerem rela\u00e7\u00f5es com o ambiente externo por meio de conv\u00eanios, contratos e acordos. Dentre as \u00e1reas de atua\u00e7\u00e3o da Funda\u00e7\u00e3o est\u00e3o registrados os seguintes CNAES: 85.92-9-99 \u2013\u2026","rel":"","context":"Post similar","block_context":{"text":"Post similar","link":""},"img":{"alt_text":"","src":"https:\/\/i0.wp.com\/fundacoesufpel.com.br\/fdms\/wp-content\/uploads\/sites\/3\/2025\/02\/Pro-cultura_Governo-do-Estado_POSITIVA_V.png?resize=350%2C200&ssl=1","width":350,"height":200,"srcset":"https:\/\/i0.wp.com\/fundacoesufpel.com.br\/fdms\/wp-content\/uploads\/sites\/3\/2025\/02\/Pro-cultura_Governo-do-Estado_POSITIVA_V.png?resize=350%2C200&ssl=1 1x, https:\/\/i0.wp.com\/fundacoesufpel.com.br\/fdms\/wp-content\/uploads\/sites\/3\/2025\/02\/Pro-cultura_Governo-do-Estado_POSITIVA_V.png?resize=525%2C300&ssl=1 1.5x, https:\/\/i0.wp.com\/fundacoesufpel.com.br\/fdms\/wp-content\/uploads\/sites\/3\/2025\/02\/Pro-cultura_Governo-do-Estado_POSITIVA_V.png?resize=700%2C400&ssl=1 2x, https:\/\/i0.wp.com\/fundacoesufpel.com.br\/fdms\/wp-content\/uploads\/sites\/3\/2025\/02\/Pro-cultura_Governo-do-Estado_POSITIVA_V.png?resize=1050%2C600&ssl=1 3x, https:\/\/i0.wp.com\/fundacoesufpel.com.br\/fdms\/wp-content\/uploads\/sites\/3\/2025\/02\/Pro-cultura_Governo-do-Estado_POSITIVA_V.png?resize=1400%2C800&ssl=1 4x"},"classes":[]}],"jetpack_shortlink":"https:\/\/wp.me\/PcrDaD-BP","_links":{"self":[{"href":"https:\/\/fundacoesufpel.com.br\/fdms\/wp-json\/wp\/v2\/pages\/2345","targetHints":{"allow":["GET"]}}],"collection":[{"href":"https:\/\/fundacoesufpel.com.br\/fdms\/wp-json\/wp\/v2\/pages"}],"about":[{"href":"https:\/\/fundacoesufpel.com.br\/fdms\/wp-json\/wp\/v2\/types\/page"}],"author":[{"embeddable":true,"href":"https:\/\/fundacoesufpel.com.br\/fdms\/wp-json\/wp\/v2\/users\/1"}],"replies":[{"embeddable":true,"href":"https:\/\/fundacoesufpel.com.br\/fdms\/wp-json\/wp\/v2\/comments?post=2345"}],"version-history":[{"count":3,"href":"https:\/\/fundacoesufpel.com.br\/fdms\/wp-json\/wp\/v2\/pages\/2345\/revisions"}],"predecessor-version":[{"id":3358,"href":"https:\/\/fundacoesufpel.com.br\/fdms\/wp-json\/wp\/v2\/pages\/2345\/revisions\/3358"}],"wp:attachment":[{"href":"https:\/\/fundacoesufpel.com.br\/fdms\/wp-json\/wp\/v2\/media?parent=2345"}],"curies":[{"name":"wp","href":"https:\/\/api.w.org\/{rel}","templated":true}]}}