{"id":2319,"date":"2020-11-06T11:22:05","date_gmt":"2020-11-06T14:22:05","guid":{"rendered":"https:\/\/fundacoesufpel.com.br\/fdms\/?page_id=2319"},"modified":"2022-07-29T11:29:23","modified_gmt":"2022-07-29T14:29:23","slug":"programa-de-integridade","status":"publish","type":"page","link":"https:\/\/fundacoesufpel.com.br\/fdms\/programa-de-integridade\/","title":{"rendered":"Programa de Integridade"},"content":{"rendered":"\n<p class=\"has-text-align-left\"><img data-recalc-dims=\"1\" fetchpriority=\"high\" decoding=\"async\" width=\"446\" height=\"291\" data-attachment-id=\"6219\" data-permalink=\"https:\/\/fundacoesufpel.com.br\/fdms\/programa-de-integridade\/imagem-para-o-site\/\" data-orig-file=\"https:\/\/i0.wp.com\/fundacoesufpel.com.br\/fdms\/wp-content\/uploads\/sites\/3\/2022\/07\/Imagem-para-o-site.png?fit=446%2C291&amp;ssl=1\" data-orig-size=\"446,291\" data-comments-opened=\"0\" data-image-meta=\"{&quot;aperture&quot;:&quot;0&quot;,&quot;credit&quot;:&quot;&quot;,&quot;camera&quot;:&quot;&quot;,&quot;caption&quot;:&quot;&quot;,&quot;created_timestamp&quot;:&quot;0&quot;,&quot;copyright&quot;:&quot;&quot;,&quot;focal_length&quot;:&quot;0&quot;,&quot;iso&quot;:&quot;0&quot;,&quot;shutter_speed&quot;:&quot;0&quot;,&quot;title&quot;:&quot;&quot;,&quot;orientation&quot;:&quot;0&quot;}\" data-image-title=\"Imagem para o site\" data-image-description=\"\" data-image-caption=\"\" data-medium-file=\"https:\/\/i0.wp.com\/fundacoesufpel.com.br\/fdms\/wp-content\/uploads\/sites\/3\/2022\/07\/Imagem-para-o-site.png?fit=300%2C196&amp;ssl=1\" data-large-file=\"https:\/\/i0.wp.com\/fundacoesufpel.com.br\/fdms\/wp-content\/uploads\/sites\/3\/2022\/07\/Imagem-para-o-site.png?fit=446%2C291&amp;ssl=1\" class=\"wp-image-6219\" style=\"width: 445px\" src=\"https:\/\/i0.wp.com\/fundacoesufpel.com.br\/fdms\/wp-content\/uploads\/sites\/3\/2022\/07\/Imagem-para-o-site.png?resize=446%2C291&#038;ssl=1\" alt=\"\" srcset=\"https:\/\/i0.wp.com\/fundacoesufpel.com.br\/fdms\/wp-content\/uploads\/sites\/3\/2022\/07\/Imagem-para-o-site.png?w=446&amp;ssl=1 446w, https:\/\/i0.wp.com\/fundacoesufpel.com.br\/fdms\/wp-content\/uploads\/sites\/3\/2022\/07\/Imagem-para-o-site.png?resize=300%2C196&amp;ssl=1 300w\" sizes=\"(max-width: 446px) 100vw, 446px\" \/><br><\/p>\n\n\n\n<p class=\"has-text-align-justify has-normal-font-size\">Na data de&nbsp;01\/10\/2020&nbsp;foi criado o Comit\u00ea de \u00c9tica e Compliance pela&nbsp;Funda\u00e7\u00e3o Delfim Mendes Silveira&nbsp;com o objetivo de implementar um&nbsp;Programa Integridade para ado\u00e7\u00e3o de medidas e a\u00e7\u00f5es institucionais destinadas \u00e0 preven\u00e7\u00e3o, \u00e0 detec\u00e7\u00e3o, \u00e0 puni\u00e7\u00e3o e \u00e0 remedia\u00e7\u00e3o de fraudes e atos de corrup\u00e7\u00e3o em apoio \u00e0 boa governan\u00e7a. A Diretoria da Funda\u00e7\u00e3o entende extremamente necess\u00e1rio&nbsp;acompanhar e discutir as estrat\u00e9gias, pol\u00edticas e medidas adotadas para difundir a cultura de conformidade e controles internos, visando a m\u00e1xima transpar\u00eancia a todos que direta ou indiretamente relaciona-se com as Funda\u00e7\u00f5es de Apoio \u00e0 UFPEL.<\/p>\n\n\n\n<p class=\"has-medium-font-size\"><strong><span style=\"text-decoration: underline\"><a rel=\"noreferrer noopener\" href=\"https:\/\/fundacoesufpel.com.br\/fdms\/wp-content\/uploads\/sites\/3\/2022\/07\/Codigo-de-Integridade-FDMS-2022.pdf\" target=\"_blank\">C\u00f3digo de Integridade &#8211; 2022 <em>(vigente)<\/em><\/a><\/span><\/strong><\/p>\n\n\n\n<p class=\"has-text-align-left has-medium-font-size\"> <strong><span style=\"text-decoration: underline\"><a rel=\"noreferrer noopener\" href=\"https:\/\/fundacoesufpel.com.br\/fdms\/wp-content\/uploads\/sites\/3\/2020\/12\/Codigo-de-Integridade-FDMS.pdf\" data-type=\"URL\" data-id=\"https:\/\/fundacoesufpel.com.br\/fdms\/wp-content\/uploads\/sites\/3\/2020\/12\/Codigo-de-Integridade-FDMS.pdf\" target=\"_blank\">C\u00f3digo de Integridade FDMS &#8211; 2020<\/a><\/span><\/strong><\/p>\n\n\n\n<p class=\"has-text-align-left has-text-color has-medium-font-size\" style=\"color:#2d3b1e\"><a rel=\"noreferrer noopener\" href=\"https:\/\/fundacoesufpel.com.br\/fdms\/wp-content\/uploads\/sites\/3\/2020\/11\/Ata-de-reuniao-de-direcao-FDMS-08-2020-criacao-programa-integridade.pdf\" target=\"_blank\"><strong><span style=\"text-decoration: underline\">Ata de Reuni\u00e3o de Diretoria N\u00ba 08-200<\/span><\/strong><\/a><\/p>\n\n\n\n<p class=\"has-text-align-left has-text-color has-medium-font-size\" style=\"color:#2d3b1e\"><a rel=\"noreferrer noopener\" href=\"https:\/\/fundacoesufpel.com.br\/fdms\/wp-content\/uploads\/sites\/3\/2020\/11\/Ata-reuniao-comite-01.pdf\" data-type=\"URL\" data-id=\"https:\/\/fundacoesufpel.com.br\/fdms\/wp-content\/uploads\/sites\/3\/2020\/11\/Ata-reuniao-comite-01.pdf\" target=\"_blank\"><strong><span style=\"text-decoration: underline\">Ata de Reuni\u00e3o para Constru\u00e7\u00e3o do Comit\u00ea do Programa de Integridade<\/span><\/strong><\/a><\/p>\n","protected":false},"excerpt":{"rendered":"<p>Na data de&nbsp;01\/10\/2020&nbsp;foi criado o Comit\u00ea de \u00c9tica e Compliance pela&nbsp;Funda\u00e7\u00e3o Delfim Mendes Silveira&nbsp;com o objetivo de implementar um&nbsp;Programa Integridade [&hellip;]<\/p>\n","protected":false},"author":1,"featured_media":0,"parent":0,"menu_order":0,"comment_status":"closed","ping_status":"closed","template":"","meta":{"jetpack_post_was_ever_published":false,"footnotes":""},"class_list":["post-2319","page","type-page","status-publish","hentry"],"jetpack_sharing_enabled":true,"jetpack_likes_enabled":true,"jetpack-related-posts":[{"id":6656,"url":"https:\/\/fundacoesufpel.com.br\/fdms\/nosso-manual-de-marca\/","url_meta":{"origin":2319,"position":0},"title":"Nosso manual de marca","author":"","date":"28\/10\/2022","format":false,"excerpt":"Devido a quantidade de projetos apoiados pela funda\u00e7\u00e3o atualmente e a necessidade de haver um material de qualidade sobre nossa identidade visual para divulga\u00e7\u00e3o, foi criado um pequeno guia de como deve ser usada a logo da FDMS e suas diferentes aplica\u00e7\u00f5es. Como forma de manter a integridade da identidade\u2026","rel":"","context":"Post similar","block_context":{"text":"Post similar","link":""},"img":{"alt_text":"","src":"","width":0,"height":0},"classes":[]},{"id":1814,"url":"https:\/\/fundacoesufpel.com.br\/fdms\/instituicao-apoiada\/","url_meta":{"origin":2319,"position":1},"title":"Institui\u00e7\u00f5es apoiadas","author":"admin","date":"18\/09\/2020","format":false,"excerpt":"Credenciada e autorizada como Funda\u00e7\u00e3o de Apoio \u00e0 Universidades, a FDMS visa dar suporte ao desenvolvimento da inova\u00e7\u00e3o e da pesquisa cient\u00edfica e tecnol\u00f3gica, criando condi\u00e7\u00f5es mais prop\u00edcias para que as Universidades estabele\u00e7am rela\u00e7\u00f5es com o ambiente externo atrav\u00e9s de conv\u00eanios, contratos e acordos. Universidade Federal de Pelotas A UFPel\u2026","rel":"","context":"Post similar","block_context":{"text":"Post similar","link":""},"img":{"alt_text":"","src":"https:\/\/i0.wp.com\/fundacoesufpel.com.br\/fdms\/wp-content\/uploads\/sites\/3\/2025\/04\/Marca-IFFar-vertical-1-scaled.png?resize=350%2C200&ssl=1","width":350,"height":200,"srcset":"https:\/\/i0.wp.com\/fundacoesufpel.com.br\/fdms\/wp-content\/uploads\/sites\/3\/2025\/04\/Marca-IFFar-vertical-1-scaled.png?resize=350%2C200&ssl=1 1x, https:\/\/i0.wp.com\/fundacoesufpel.com.br\/fdms\/wp-content\/uploads\/sites\/3\/2025\/04\/Marca-IFFar-vertical-1-scaled.png?resize=525%2C300&ssl=1 1.5x, https:\/\/i0.wp.com\/fundacoesufpel.com.br\/fdms\/wp-content\/uploads\/sites\/3\/2025\/04\/Marca-IFFar-vertical-1-scaled.png?resize=700%2C400&ssl=1 2x, https:\/\/i0.wp.com\/fundacoesufpel.com.br\/fdms\/wp-content\/uploads\/sites\/3\/2025\/04\/Marca-IFFar-vertical-1-scaled.png?resize=1050%2C600&ssl=1 3x, https:\/\/i0.wp.com\/fundacoesufpel.com.br\/fdms\/wp-content\/uploads\/sites\/3\/2025\/04\/Marca-IFFar-vertical-1-scaled.png?resize=1400%2C800&ssl=1 4x"},"classes":[]},{"id":1822,"url":"https:\/\/fundacoesufpel.com.br\/fdms\/primeiros-passos\/","url_meta":{"origin":2319,"position":2},"title":"Primeiros Passos","author":"admin","date":"18\/09\/2020","format":false,"excerpt":"Os instrumentos firmados pela UFPel com as Funda\u00e7\u00f5es de Apoio s\u00e3o provenientes de projetos de ensino, pesquisa, extens\u00e3o, desenvolvimento institucional, cient\u00edfico e tecnol\u00f3gico e est\u00edmulo \u00e0 inova\u00e7\u00e3o coordenados por professores e\/ou t\u00e9cnicos administrativo da Universidade em favor da comunidade interna e\/ou externa da institui\u00e7\u00e3o. \u00a0 1\u00ba - Projeto aprovado pela\u2026","rel":"","context":"Post similar","block_context":{"text":"Post similar","link":""},"img":{"alt_text":"","src":"","width":0,"height":0},"classes":[]},{"id":8352,"url":"https:\/\/fundacoesufpel.com.br\/fdms\/fundo-patrimonial\/","url_meta":{"origin":2319,"position":3},"title":"Fundo Patrimonial","author":"leandrojunior","date":"24\/04\/2024","format":false,"excerpt":"FUNDO PATRIMONIAL DA FUNDA\u00c7\u00c3O DELFIM MENDES SILVEIRA HIST\u00d3RIA A idealiza\u00e7\u00e3o do Fundo Patrimonial iniciou no ano de 2022 quando o ent\u00e3o Diretor Presidente da Funda\u00e7\u00e3o Delfim Mendes Silveira trouxe ao Conselho Deliberativo \u00e0 Reitoria da UFPel a possibilidade de cria\u00e7\u00e3o de um Fundo Patrimonial para buscar solu\u00e7\u00f5es de apoio financeiro\u2026","rel":"","context":"Post similar","block_context":{"text":"Post similar","link":""},"img":{"alt_text":"","src":"https:\/\/i0.wp.com\/fundacoesufpel.com.br\/fdms\/wp-content\/uploads\/sites\/3\/2024\/12\/sicredi.png?resize=350%2C200&ssl=1","width":350,"height":200,"srcset":"https:\/\/i0.wp.com\/fundacoesufpel.com.br\/fdms\/wp-content\/uploads\/sites\/3\/2024\/12\/sicredi.png?resize=350%2C200&ssl=1 1x, https:\/\/i0.wp.com\/fundacoesufpel.com.br\/fdms\/wp-content\/uploads\/sites\/3\/2024\/12\/sicredi.png?resize=525%2C300&ssl=1 1.5x, https:\/\/i0.wp.com\/fundacoesufpel.com.br\/fdms\/wp-content\/uploads\/sites\/3\/2024\/12\/sicredi.png?resize=700%2C400&ssl=1 2x"},"classes":[]},{"id":4587,"url":"https:\/\/fundacoesufpel.com.br\/fdms\/projetos-de-extensao\/","url_meta":{"origin":2319,"position":4},"title":"Projetos de Extens\u00e3o &#8211; Conhecimento e Servi\u00e7os para a Comunidade.","author":"admin","date":"25\/08\/2021","format":false,"excerpt":"Portf\u00f3lio - Acesse clicando aqui. Durante os primeiros meses de gest\u00e3o realizamos uma an\u00e1lise de cen\u00e1rio e identificamos que os desafios postos para o enfrentamento do atual momento pol\u00edtico, econ\u00f4mico e social s\u00e3o abissais. \u00c9 imperativo que estrat\u00e9gias para tal enfrentamento sejam implementadas. A unidade de apoio \u00e0 Universidade Federal\u2026","rel":"","context":"Post similar","block_context":{"text":"Post similar","link":""},"img":{"alt_text":"","src":"","width":0,"height":0},"classes":[]},{"id":3614,"url":"https:\/\/fundacoesufpel.com.br\/fdms\/ordens-internas-pareceres\/","url_meta":{"origin":2319,"position":5},"title":"Ordens Internas e Pareceres","author":"admin","date":"11\/12\/2020","format":false,"excerpt":"Com intuito de aprimorar e normatizar os procedimentos e fluxos internos\/externos, vimos informar as ordens internas que regulamentam algumas a\u00e7\u00f5es: Ordem Interna n\u00ba 01\u00a0- Regulamenta o funcionamento das assinaturas dos diretores para realiza\u00e7\u00e3o de pagamentos Ordem Interna n\u00b0 02\u00a0- Regulamenta o funcionamento da publica\u00e7\u00e3o de editais de sele\u00e7\u00e3o de bolsistas\u2026","rel":"","context":"Post similar","block_context":{"text":"Post similar","link":""},"img":{"alt_text":"","src":"","width":0,"height":0},"classes":[]}],"jetpack_shortlink":"https:\/\/wp.me\/PcrDaD-Bp","_links":{"self":[{"href":"https:\/\/fundacoesufpel.com.br\/fdms\/wp-json\/wp\/v2\/pages\/2319","targetHints":{"allow":["GET"]}}],"collection":[{"href":"https:\/\/fundacoesufpel.com.br\/fdms\/wp-json\/wp\/v2\/pages"}],"about":[{"href":"https:\/\/fundacoesufpel.com.br\/fdms\/wp-json\/wp\/v2\/types\/page"}],"author":[{"embeddable":true,"href":"https:\/\/fundacoesufpel.com.br\/fdms\/wp-json\/wp\/v2\/users\/1"}],"replies":[{"embeddable":true,"href":"https:\/\/fundacoesufpel.com.br\/fdms\/wp-json\/wp\/v2\/comments?post=2319"}],"version-history":[{"count":11,"href":"https:\/\/fundacoesufpel.com.br\/fdms\/wp-json\/wp\/v2\/pages\/2319\/revisions"}],"predecessor-version":[{"id":6239,"href":"https:\/\/fundacoesufpel.com.br\/fdms\/wp-json\/wp\/v2\/pages\/2319\/revisions\/6239"}],"wp:attachment":[{"href":"https:\/\/fundacoesufpel.com.br\/fdms\/wp-json\/wp\/v2\/media?parent=2319"}],"curies":[{"name":"wp","href":"https:\/\/api.w.org\/{rel}","templated":true}]}}