{"id":1815,"date":"2020-09-18T11:09:17","date_gmt":"2020-09-18T14:09:17","guid":{"rendered":"http:\/\/15.228.36.87\/fau\/?page_id=1815"},"modified":"2024-01-30T11:49:37","modified_gmt":"2024-01-30T14:49:37","slug":"financiadores","status":"publish","type":"page","link":"https:\/\/fundacoesufpel.com.br\/fdms\/financiadores\/","title":{"rendered":"Financiadores"},"content":{"rendered":"\n<p>Os financiadores s\u00e3o parte imprescind\u00edvel para a realiza\u00e7\u00e3o de muitos projetos. Desta forma, importante elencar aqueles que fazem e j\u00e1 fizeram parte dos projetos da Funda\u00e7\u00e3o, s\u00e3o eles:<\/p>\n\n\n\n<p><\/p>\n\n\n\n<figure class=\"wp-block-table\"><table><tbody><tr><td><strong>PARCEIROS P\u00daBLICOS<\/strong><\/td><\/tr><tr><td>BANCO NACIONAL DE DESENVOLVIMENTO ECON\u00d4MICO &#8211; BNDES<\/td><\/tr><tr><td>EMENDAS PARLAMENTARES<\/td><\/tr><tr><td>EMPRESA BRASILEIRA DE PESQUISA E INOVA\u00c7\u00c3O INDUSTRIAL (EMBRAPII)<\/td><\/tr><tr><td>FINEP &#8211; FINANCIADORA DE ESTUDOS E PROJETOS<\/td><\/tr><tr><td>INSTITUTO DO PATRIM\u00d4NIO HIST\u00d3RICO E ART\u00cdSTICO NACIONAL &#8211; IPHAN<\/td><\/tr><tr><td>INSTITUTO NACIONAL DE COLONIZA\u00c7\u00c3O E REFORMA AGR\u00c1RIA (INCRA)<\/td><\/tr><tr><td>MINIST\u00c9RIO DA AGRICULTURA, PECU\u00c1RIA E ABASTECIMENTO &#8211; MAPA<\/td><\/tr><tr><td>MINIST\u00c9RIO DA CULTURA<\/td><\/tr><tr><td>MINIST\u00c9RIO DA EDUCA\u00c7\u00c3O \u2013 MEC<\/td><\/tr><tr><td>MINIST\u00c9RIO DA SA\u00daDE<\/td><\/tr><tr><td>MINIST\u00c9RIO DO DESENVOLVIMENTO AGR\u00c1RIO E AGRICULTURA FAMILIAR &#8211; MDA<\/td><\/tr><tr><td>MINIST\u00c9RIO DO DESENVOLVIMENTO REGIONAL &#8211; MDR<\/td><\/tr><tr><td>MUNIC\u00cdPIO DE ARROIO GRANDE<\/td><\/tr><tr><td>MUNIC\u00cdPIO DE PELOTAS<\/td><\/tr><tr><td>MUNIC\u00cdPIO DE PIRATINI<\/td><\/tr><tr><td>MUNIC\u00cdPIO DO RIO GRANDE<\/td><\/tr><tr><td>SECRETARIA DA FAZENDO DO ESTADO DO RIO GRANDE DO SUL<\/td><\/tr><tr><td>SECRETARIA DE ESTADO DA CULTURA &#8211; SEDAC<\/td><\/tr><tr><td>SECRETARIA DE MODALIDADES ESPECIALIZADAS DE EDUCA\u00c7\u00c3O<\/td><\/tr><tr><td>SECRETARIA DO MEIO AMBIENTE E INFRAESTRUTURA \u2013 SEMA<\/td><\/tr><\/tbody><\/table><\/figure>\n\n\n\n<figure class=\"wp-block-table\"><table><tbody><tr><td><strong>PARCEIROS INTERNACIONAIS<\/strong><\/td><\/tr><tr><td>ASSOCIA\u00c7\u00c3O LATINO AMERICANA PARA PROMO\u00c7\u00c3O DA SA\u00daDE ORAL E PESQUISA ODONTOL\u00d3GICA &#8211; LAOHA<\/td><\/tr><tr><td>BANCO DE DESENVOLVIMENTO DA AM\u00c9RICA LATINA E CARIBE<\/td><\/tr><tr><td>ECONOMIC &amp; SOCIAL RESEARCH COUNCIL (HERIOT-WATT UNIVERSITY \u2013 REINO UNIDO)<\/td><\/tr><tr><td>FAO (ORGANIZA\u00c7\u00c3O DAS NA\u00c7\u00d5ES UNIDAS PARA ALIMENTA\u00c7\u00c3O E AGRICULTURA)\/ IAEA<\/td><\/tr><tr><td>GLOBAL CONSORTIUM FOR REPRODUCTIVE LONGEVITY AND EQUALITY<\/td><\/tr><tr><td>KINGS COLLEGE<\/td><\/tr><tr><td>KOCH AGRONOMIC SERVICES, LLC<\/td><\/tr><tr><td>OFFICE OF NAVAL RESEARCH GLOBAL<\/td><\/tr><tr><td>UNIVERSIDAD DE MAGALLANES<\/td><\/tr><\/tbody><\/table><\/figure>\n\n\n\n<figure class=\"wp-block-table\"><table><tbody><tr><td><strong>PARCEIROS PRIVADOS<\/strong><\/td><\/tr><tr><td>ABRANGENTE ENGENHARIA LTDA<\/td><\/tr><tr><td>A\u00c9CIO MACHADO RODRIGUES ME<\/td><\/tr><tr><td>AEL SISTEMAS S.A.<\/td><\/tr><tr><td>AGRICHEM DO BRASIL S\/A<\/td><\/tr><tr><td>ANGUS INTERNATIONAL EXPORTA\u00c7\u00c3O DE ANIMAIS LTDA<\/td><\/tr><tr><td>ASSOCIA\u00c7\u00c3O BRASILEIRA DE A\u00c7\u00c3O \u00c0 RESIST\u00caNCIA DE PLANTAS DANINHAS AOS HERBICIDAS (HRAC-BR)<\/td><\/tr><tr><td>ASSOCIA\u00c7\u00c3O DOS USU\u00c1RIOS DO PER\u00cdMETRO DE IRRIGA\u00c7\u00c3O DO ARROIO DURO \u2013 AUD<\/td><\/tr><tr><td>ASSOCIA\u00c7\u00c3O HOSPITALAR MOINHO DE VENTO<\/td><\/tr><tr><td>ASSOCIA\u00c7\u00c3O PARA PROMO\u00c7\u00c3O DA EXCEL\u00caNCIA DO SOFTWARE BRASILEIRO &#8211; SOFTEX<\/td><\/tr><tr><td>BASF S.A.<\/td><\/tr><tr><td>BAYER S.A.<\/td><\/tr><tr><td>BIOATIVOS COM\u00c9RCIO DE FERTILIZANTES LTDA<\/td><\/tr><tr><td>BRASIL BEEF IMPORTADORA E EXPORTADORA LTDA<\/td><\/tr><tr><td>C&amp;P ARQUITETURA LTDA<\/td><\/tr><tr><td>CAN\u00c1RIO SOLU\u00c7\u00d5ES AGR\u00cdCOLAS LTDA<\/td><\/tr><tr><td>CARGIL AGR\u00cdCOLA S.A.<\/td><\/tr><tr><td>CENTRAIS EL\u00c9TRICAS BRASILEIRAS S.A. &#8211; ELETROBRAS<\/td><\/tr><tr><td>CMPC CELULOSE RIOGRANDENSE LTDA<\/td><\/tr><tr><td>COMPANHIA ESTADUAL DE GERA\u00c7\u00c3O E TRANSMISS\u00c3O DE ENERGIA EL\u00c9TRICA &#8211; CEEE-GT<\/td><\/tr><tr><td>CONS\u00d3RCIO RAC, GEPLAN, RICARDO AMARAL ARQUITETOS<\/td><\/tr><tr><td>CONSTRUTORA S\u00c3O VALENTIN LTDA<\/td><\/tr><tr><td>CRVR &#8211; RIOGRANDENSE VALORIZA\u00c7\u00c3O DE RES\u00cdDUO S.A.<\/td><\/tr><tr><td>DOW AGROSCIENCES INDUSTRIAL LTDA<\/td><\/tr><tr><td>DUNNII J E P INDUSTRIA MADEREIRA LTDA<\/td><\/tr><tr><td>EACE \u2013 ENGENHEIROS ASSOCIADOS CONSULTORES EM ENGENHARIA LTDA EPP<\/td><\/tr><tr><td>ECONOMICA ENGENHARIA E OBRAS LTDA<\/td><\/tr><tr><td>EFIC\u00c1CIA PROJETOS E CONSULTORIA LTDA<\/td><\/tr><tr><td>ENGASTE PROJETOS, CONSTRU\u00c7\u00d5ES E INCORPORA\u00c7\u00d5ES LTDA<\/td><\/tr><tr><td>EUCALUMBER COM\u00c9RCIO DE MADEIRAS LTDA<\/td><\/tr><tr><td>FUNDA\u00c7\u00c3O DE APOIO \u00c0 EDUCA\u00c7\u00c3O, PESQUISA E DESENVOLVIMENTO CIENT\u00cdFICO E TECNOL\u00d3GICO DA UTFPR \u2013 FUNTEF-PR<\/td><\/tr><tr><td>FUNDA\u00c7\u00c3O PR\u00d3-SEMENTES DE APOIO \u00c0 PESQUISA<\/td><\/tr><tr><td>GJP ADMINISTRADORA DE HOT\u00c9IS LTDA<\/td><\/tr><tr><td>GRANJAS 4 IRM\u00c3OS AGROPECU\u00c1RIA INDUSTRIA E COM\u00c9RCIO<\/td><\/tr><tr><td>INDUSBELLO IND. E COM. DE PRODUTOS M\u00c9DICOS E ODONTOL\u00d3GICOS LTDA<\/td><\/tr><tr><td>IND\u00daSTRIA E COMERCIO DE CEREAIS BOM DE GOSTO LTDA<\/td><\/tr><tr><td>INOVA SIMPLES (I.S.)<\/td><\/tr><tr><td>INSTITUTO RIO GRANDENSE DO ARROZ \u2013 IRGA<\/td><\/tr><tr><td>INTRAL S.A. IND\u00daSTRIA DE MATERIAIS EL\u00c9TRICOS<\/td><\/tr><tr><td>JTI KANNENBERG COM\u00c9RCIO DE TABACO DO BRASIL LTDA<\/td><\/tr><tr><td>JULIO CARLOS BENJAMIN BAUMGARTEN<\/td><\/tr><tr><td>LABORAT\u00d3RIO BIOVET LTDA<\/td><\/tr><tr><td>LABOVET PRODUTOS VETERIN\u00c1RIOS LTDA<\/td><\/tr><tr><td>LATINA AGRO INDUSTRIA E COMERCIO DE FERTILIZANTES LTDA<\/td><\/tr><tr><td>M2D1 EMPREENDIMENTOS E PARTICIPA\u00c7\u00d5ES LTDA<\/td><\/tr><tr><td>MGM EMPRESA CONSTRUTORA LTDA<\/td><\/tr><tr><td>MIRNA CORTOPASSI LOBO ARQUITETURA LTDA<\/td><\/tr><tr><td>MONSANTO DO BRASIL LTDA<\/td><\/tr><tr><td>MPB COMERCIO DE MAQUINAS E REPRESENTA\u00c7\u00d5ES LTDA<\/td><\/tr><tr><td>NEOENERGIA LAGOA DOS PATOS TRANSMISS\u00c3O DE ENERGIA S.A.<\/td><\/tr><tr><td>OLAVO ROCHA CONSTRUTORA LTDA \u2013 ME<\/td><\/tr><tr><td>OPTIMA ESTRUTURAL LTDA<\/td><\/tr><tr><td>OURO FINO SA\u00daDE ANIMAL LTDA<\/td><\/tr><tr><td>OXIBIOGRAIN IND\u00daSTRIA DE M\u00c1QUINAS E TECNOLOGIA LTDA<\/td><\/tr><tr><td>PROCELYS \u2013 BIO SPRINGER DO BRASIL INDUSTRIA DE ALIMENTOS S\/A<\/td><\/tr><tr><td>RICETEC SEMENTES LTDA<\/td><\/tr><tr><td>ROBERTO FERREIRA COMERCIAL E CONSTRUTORA LTDA<\/td><\/tr><tr><td>RS BIOACTIVES INOVA SIMPLES<\/td><\/tr><tr><td>SLC ALIMENTOS LTDA<\/td><\/tr><tr><td>SPE COSTA DO PELOTAS EMPREENDIMENTOS IMOBILI\u00c1RIOS LTDA<\/td><\/tr><tr><td>STOLLER DO BRASIL LTDA<\/td><\/tr><tr><td>SYNGENTA PROTE\u00c7\u00c3O DE CULTIVOS LTDA<\/td><\/tr><tr><td>TECVERDE ENGENHARIA S.A.<\/td><\/tr><tr><td>TERA LTDA<\/td><\/tr><tr><td>TIMAC AGRO IND\u00daSTRIA E COM\u00c9RCIO DE FERTILIZANTES LTDA<\/td><\/tr><tr><td>ZAGONEL S.A.<\/td><\/tr><\/tbody><\/table><\/figure>\n\n\n\n<figure class=\"wp-block-table\"><table><tbody><tr><td><strong>EMPRESAS INCUBAS<\/strong><\/td><\/tr><tr><td>A AZEITES, AZEITES DE A A Z<\/td><\/tr><tr><td>ALLSPORTS LTDA<\/td><\/tr><tr><td>BIOSEARCH<\/td><\/tr><tr><td>DELIVERY MUCH TECNOLOGIA S.A<\/td><\/tr><tr><td>DONAMAID TECNOLOGIA LTDA<\/td><\/tr><tr><td>I9MAT<\/td><\/tr><tr><td>IGNIS ANIMAL SCIENCE PESQUISA CIENT\u00cdFICA E INOVA\u00c7\u00c3O TECNOL\u00d3GICA LTDA<\/td><\/tr><tr><td>MARCOS ROBERTO ALVES FERREIRA \u2013 EI<\/td><\/tr><tr><td>MRS BIO INOVA\u00c7\u00c3O E TECNOLOGIA EM MIP LTDA<\/td><\/tr><tr><td>NUI INSECT SCIENCE SERVI\u00c7OS EM PESQUISA CIENT\u00cdFICA E INOVA\u00c7\u00c3O TECNOL\u00d3GICA LTDA <\/td><\/tr><tr><td>PLATAFORMA M\u00daSICO<\/td><\/tr><tr><td>REVEMARK BRASIL LTDA<\/td><\/tr><tr><td>SERVI\u00c7OS DE RESERVAS HOSPEDEI LTDA<\/td><\/tr><tr><td>SUPER TRATORES MAQUINAS AGRICOLAS LTDA<\/td><\/tr><tr><td>UNIELOO AGENCIADORA DE SERVICOS NA SAUDE LTDA<\/td><\/tr><tr><td>UQUEONE SERVI\u00c7OS TECNOL\u00d3GICOS E EDUCACIONAIS LTDA<\/td><\/tr><tr><td>VANTUM PLATAFORMA ONLINE DE PROCESSAMENTO DE DADOS LTDA<\/td><\/tr><tr><td>VOUCONSTRUIR.NET INTERMEDIACAO DE SERVICOS DE REFORMAS E REPAROS LTDA<\/td><\/tr><\/tbody><\/table><\/figure>\n\n\n\n<div style=\"height:46px\" aria-hidden=\"true\" class=\"wp-block-spacer\"><\/div>\n","protected":false},"excerpt":{"rendered":"<p>Os financiadores s\u00e3o parte imprescind\u00edvel para a realiza\u00e7\u00e3o de muitos projetos. Desta forma, importante elencar aqueles que fazem e j\u00e1 [&hellip;]<\/p>\n","protected":false},"author":1,"featured_media":0,"parent":0,"menu_order":0,"comment_status":"closed","ping_status":"closed","template":"","meta":{"jetpack_post_was_ever_published":false,"footnotes":""},"class_list":["post-1815","page","type-page","status-publish","hentry"],"jetpack_sharing_enabled":true,"jetpack_likes_enabled":true,"jetpack-related-posts":[{"id":1822,"url":"https:\/\/fundacoesufpel.com.br\/fdms\/primeiros-passos\/","url_meta":{"origin":1815,"position":0},"title":"Primeiros Passos","author":"admin","date":"18\/09\/2020","format":false,"excerpt":"Os instrumentos firmados pela UFPel com as Funda\u00e7\u00f5es de Apoio s\u00e3o provenientes de projetos de ensino, pesquisa, extens\u00e3o, desenvolvimento institucional, cient\u00edfico e tecnol\u00f3gico e est\u00edmulo \u00e0 inova\u00e7\u00e3o coordenados por professores e\/ou t\u00e9cnicos administrativo da Universidade em favor da comunidade interna e\/ou externa da institui\u00e7\u00e3o. \u00a0 1\u00ba - Projeto aprovado pela\u2026","rel":"","context":"Post similar","block_context":{"text":"Post similar","link":""},"img":{"alt_text":"","src":"","width":0,"height":0},"classes":[]},{"id":8352,"url":"https:\/\/fundacoesufpel.com.br\/fdms\/fundo-patrimonial\/","url_meta":{"origin":1815,"position":1},"title":"Fundo Patrimonial","author":"leandrojunior","date":"24\/04\/2024","format":false,"excerpt":"FUNDO PATRIMONIAL DA FUNDA\u00c7\u00c3O DELFIM MENDES SILVEIRA HIST\u00d3RIA A idealiza\u00e7\u00e3o do Fundo Patrimonial iniciou no ano de 2022 quando o ent\u00e3o Diretor Presidente da Funda\u00e7\u00e3o Delfim Mendes Silveira trouxe ao Conselho Deliberativo \u00e0 Reitoria da UFPel a possibilidade de cria\u00e7\u00e3o de um Fundo Patrimonial para buscar solu\u00e7\u00f5es de apoio financeiro\u2026","rel":"","context":"Post similar","block_context":{"text":"Post similar","link":""},"img":{"alt_text":"","src":"https:\/\/i0.wp.com\/fundacoesufpel.com.br\/fdms\/wp-content\/uploads\/sites\/3\/2024\/12\/sicredi.png?resize=350%2C200&ssl=1","width":350,"height":200,"srcset":"https:\/\/i0.wp.com\/fundacoesufpel.com.br\/fdms\/wp-content\/uploads\/sites\/3\/2024\/12\/sicredi.png?resize=350%2C200&ssl=1 1x, https:\/\/i0.wp.com\/fundacoesufpel.com.br\/fdms\/wp-content\/uploads\/sites\/3\/2024\/12\/sicredi.png?resize=525%2C300&ssl=1 1.5x, https:\/\/i0.wp.com\/fundacoesufpel.com.br\/fdms\/wp-content\/uploads\/sites\/3\/2024\/12\/sicredi.png?resize=700%2C400&ssl=1 2x"},"classes":[]},{"id":1814,"url":"https:\/\/fundacoesufpel.com.br\/fdms\/instituicao-apoiada\/","url_meta":{"origin":1815,"position":2},"title":"Institui\u00e7\u00f5es apoiadas","author":"admin","date":"18\/09\/2020","format":false,"excerpt":"Credenciada e autorizada como Funda\u00e7\u00e3o de Apoio \u00e0 Universidades, a FDMS visa dar suporte ao desenvolvimento da inova\u00e7\u00e3o e da pesquisa cient\u00edfica e tecnol\u00f3gica, criando condi\u00e7\u00f5es mais prop\u00edcias para que as Universidades estabele\u00e7am rela\u00e7\u00f5es com o ambiente externo atrav\u00e9s de conv\u00eanios, contratos e acordos. Universidade Federal de Pelotas A UFPel\u2026","rel":"","context":"Post similar","block_context":{"text":"Post similar","link":""},"img":{"alt_text":"","src":"https:\/\/i0.wp.com\/fundacoesufpel.com.br\/fdms\/wp-content\/uploads\/sites\/3\/2025\/04\/Marca-IFFar-vertical-1-scaled.png?resize=350%2C200&ssl=1","width":350,"height":200,"srcset":"https:\/\/i0.wp.com\/fundacoesufpel.com.br\/fdms\/wp-content\/uploads\/sites\/3\/2025\/04\/Marca-IFFar-vertical-1-scaled.png?resize=350%2C200&ssl=1 1x, https:\/\/i0.wp.com\/fundacoesufpel.com.br\/fdms\/wp-content\/uploads\/sites\/3\/2025\/04\/Marca-IFFar-vertical-1-scaled.png?resize=525%2C300&ssl=1 1.5x, https:\/\/i0.wp.com\/fundacoesufpel.com.br\/fdms\/wp-content\/uploads\/sites\/3\/2025\/04\/Marca-IFFar-vertical-1-scaled.png?resize=700%2C400&ssl=1 2x, https:\/\/i0.wp.com\/fundacoesufpel.com.br\/fdms\/wp-content\/uploads\/sites\/3\/2025\/04\/Marca-IFFar-vertical-1-scaled.png?resize=1050%2C600&ssl=1 3x, https:\/\/i0.wp.com\/fundacoesufpel.com.br\/fdms\/wp-content\/uploads\/sites\/3\/2025\/04\/Marca-IFFar-vertical-1-scaled.png?resize=1400%2C800&ssl=1 4x"},"classes":[]},{"id":4587,"url":"https:\/\/fundacoesufpel.com.br\/fdms\/projetos-de-extensao\/","url_meta":{"origin":1815,"position":3},"title":"Projetos de Extens\u00e3o &#8211; Conhecimento e Servi\u00e7os para a Comunidade.","author":"admin","date":"25\/08\/2021","format":false,"excerpt":"Portf\u00f3lio - Acesse clicando aqui. Durante os primeiros meses de gest\u00e3o realizamos uma an\u00e1lise de cen\u00e1rio e identificamos que os desafios postos para o enfrentamento do atual momento pol\u00edtico, econ\u00f4mico e social s\u00e3o abissais. \u00c9 imperativo que estrat\u00e9gias para tal enfrentamento sejam implementadas. A unidade de apoio \u00e0 Universidade Federal\u2026","rel":"","context":"Post similar","block_context":{"text":"Post similar","link":""},"img":{"alt_text":"","src":"","width":0,"height":0},"classes":[]},{"id":2067,"url":"https:\/\/fundacoesufpel.com.br\/fdms\/prestacao-de-contas-anterior-a-2018\/","url_meta":{"origin":1815,"position":4},"title":"Presta\u00e7\u00e3o de Contas anterior a 2018","author":"admin","date":"21\/09\/2020","format":false,"excerpt":"Trata-se da disponibiliza\u00e7\u00e3o da presta\u00e7\u00e3o de contas final de Conv\u00eanios e Contratos iniciados e\/ou finalizados anterior ao ano de 2018, o qual n\u00e3o eram executados pelo o Sistema de Administra\u00e7\u00e3o e Gest\u00e3o Integrada \u2013 SAGI. O portal da transpar\u00eancia foi implementado no ano de 2018 quando foi adquirido o Sistema\u2026","rel":"","context":"Post similar","block_context":{"text":"Post similar","link":""},"img":{"alt_text":"","src":"","width":0,"height":0},"classes":[]},{"id":8716,"url":"https:\/\/fundacoesufpel.com.br\/fdms\/projetos-culturais\/","url_meta":{"origin":1815,"position":5},"title":"Projetos Culturais","author":"leandrojunior","date":"02\/10\/2024","format":false,"excerpt":"A FDMS apoia a execu\u00e7\u00e3o dos projetos desde a sua concep\u00e7\u00e3o at\u00e9 a finaliza\u00e7\u00e3o, disponibilizando o suporte necess\u00e1rio ao desenvolvimento de iniciativas que requerem rela\u00e7\u00f5es com o ambiente externo por meio de conv\u00eanios, contratos e acordos. Dentre as \u00e1reas de atua\u00e7\u00e3o da Funda\u00e7\u00e3o est\u00e3o registrados os seguintes CNAES: 85.92-9-99 \u2013\u2026","rel":"","context":"Post similar","block_context":{"text":"Post similar","link":""},"img":{"alt_text":"","src":"https:\/\/i0.wp.com\/fundacoesufpel.com.br\/fdms\/wp-content\/uploads\/sites\/3\/2025\/02\/Pro-cultura_Governo-do-Estado_POSITIVA_V.png?resize=350%2C200&ssl=1","width":350,"height":200,"srcset":"https:\/\/i0.wp.com\/fundacoesufpel.com.br\/fdms\/wp-content\/uploads\/sites\/3\/2025\/02\/Pro-cultura_Governo-do-Estado_POSITIVA_V.png?resize=350%2C200&ssl=1 1x, https:\/\/i0.wp.com\/fundacoesufpel.com.br\/fdms\/wp-content\/uploads\/sites\/3\/2025\/02\/Pro-cultura_Governo-do-Estado_POSITIVA_V.png?resize=525%2C300&ssl=1 1.5x, https:\/\/i0.wp.com\/fundacoesufpel.com.br\/fdms\/wp-content\/uploads\/sites\/3\/2025\/02\/Pro-cultura_Governo-do-Estado_POSITIVA_V.png?resize=700%2C400&ssl=1 2x, https:\/\/i0.wp.com\/fundacoesufpel.com.br\/fdms\/wp-content\/uploads\/sites\/3\/2025\/02\/Pro-cultura_Governo-do-Estado_POSITIVA_V.png?resize=1050%2C600&ssl=1 3x, https:\/\/i0.wp.com\/fundacoesufpel.com.br\/fdms\/wp-content\/uploads\/sites\/3\/2025\/02\/Pro-cultura_Governo-do-Estado_POSITIVA_V.png?resize=1400%2C800&ssl=1 4x"},"classes":[]}],"jetpack_shortlink":"https:\/\/wp.me\/PcrDaD-th","_links":{"self":[{"href":"https:\/\/fundacoesufpel.com.br\/fdms\/wp-json\/wp\/v2\/pages\/1815","targetHints":{"allow":["GET"]}}],"collection":[{"href":"https:\/\/fundacoesufpel.com.br\/fdms\/wp-json\/wp\/v2\/pages"}],"about":[{"href":"https:\/\/fundacoesufpel.com.br\/fdms\/wp-json\/wp\/v2\/types\/page"}],"author":[{"embeddable":true,"href":"https:\/\/fundacoesufpel.com.br\/fdms\/wp-json\/wp\/v2\/users\/1"}],"replies":[{"embeddable":true,"href":"https:\/\/fundacoesufpel.com.br\/fdms\/wp-json\/wp\/v2\/comments?post=1815"}],"version-history":[{"count":7,"href":"https:\/\/fundacoesufpel.com.br\/fdms\/wp-json\/wp\/v2\/pages\/1815\/revisions"}],"predecessor-version":[{"id":8122,"href":"https:\/\/fundacoesufpel.com.br\/fdms\/wp-json\/wp\/v2\/pages\/1815\/revisions\/8122"}],"wp:attachment":[{"href":"https:\/\/fundacoesufpel.com.br\/fdms\/wp-json\/wp\/v2\/media?parent=1815"}],"curies":[{"name":"wp","href":"https:\/\/api.w.org\/{rel}","templated":true}]}}