{"id":1814,"date":"2020-09-18T11:09:04","date_gmt":"2020-09-18T14:09:04","guid":{"rendered":"http:\/\/15.228.36.87\/fau\/?page_id=1814"},"modified":"2025-04-30T09:34:55","modified_gmt":"2025-04-30T12:34:55","slug":"instituicao-apoiada","status":"publish","type":"page","link":"https:\/\/fundacoesufpel.com.br\/fdms\/instituicao-apoiada\/","title":{"rendered":"Institui\u00e7\u00f5es apoiadas"},"content":{"rendered":"\n<p style=\"font-size:16px\">Credenciada e autorizada como Funda\u00e7\u00e3o de Apoio \u00e0 Universidades, a FDMS visa dar suporte ao desenvolvimento da inova\u00e7\u00e3o e da pesquisa cient\u00edfica e tecnol\u00f3gica, criando condi\u00e7\u00f5es mais prop\u00edcias para que as Universidades estabele\u00e7am rela\u00e7\u00f5es com o ambiente externo atrav\u00e9s de conv\u00eanios, contratos e acordos.<\/p>\n\n\n\n<div class=\"wp-block-media-text alignwide is-stacked-on-mobile\" style=\"grid-template-columns:25% auto\"><figure class=\"wp-block-media-text__media\"><a href=\"https:\/\/portal.ufpel.edu.br\/\"><img data-recalc-dims=\"1\" fetchpriority=\"high\" decoding=\"async\" width=\"301\" height=\"301\" data-attachment-id=\"6921\" data-permalink=\"https:\/\/fundacoesufpel.com.br\/fdms\/instituicao-apoiada\/logo_ufpel_site\/\" data-orig-file=\"https:\/\/i0.wp.com\/fundacoesufpel.com.br\/fdms\/wp-content\/uploads\/sites\/3\/2023\/01\/Logo_ufpel_site.png?fit=301%2C301&amp;ssl=1\" data-orig-size=\"301,301\" data-comments-opened=\"0\" data-image-meta=\"{&quot;aperture&quot;:&quot;0&quot;,&quot;credit&quot;:&quot;&quot;,&quot;camera&quot;:&quot;&quot;,&quot;caption&quot;:&quot;&quot;,&quot;created_timestamp&quot;:&quot;0&quot;,&quot;copyright&quot;:&quot;&quot;,&quot;focal_length&quot;:&quot;0&quot;,&quot;iso&quot;:&quot;0&quot;,&quot;shutter_speed&quot;:&quot;0&quot;,&quot;title&quot;:&quot;&quot;,&quot;orientation&quot;:&quot;0&quot;}\" data-image-title=\"Logo_ufpel_site\" data-image-description=\"\" data-image-caption=\"\" data-medium-file=\"https:\/\/i0.wp.com\/fundacoesufpel.com.br\/fdms\/wp-content\/uploads\/sites\/3\/2023\/01\/Logo_ufpel_site.png?fit=300%2C300&amp;ssl=1\" data-large-file=\"https:\/\/i0.wp.com\/fundacoesufpel.com.br\/fdms\/wp-content\/uploads\/sites\/3\/2023\/01\/Logo_ufpel_site.png?fit=301%2C301&amp;ssl=1\" src=\"https:\/\/i0.wp.com\/fundacoesufpel.com.br\/fdms\/wp-content\/uploads\/sites\/3\/2023\/01\/Logo_ufpel_site.png?resize=301%2C301&#038;ssl=1\" alt=\"\" class=\"wp-image-6921 size-full\" srcset=\"https:\/\/i0.wp.com\/fundacoesufpel.com.br\/fdms\/wp-content\/uploads\/sites\/3\/2023\/01\/Logo_ufpel_site.png?w=301&amp;ssl=1 301w, https:\/\/i0.wp.com\/fundacoesufpel.com.br\/fdms\/wp-content\/uploads\/sites\/3\/2023\/01\/Logo_ufpel_site.png?resize=150%2C150&amp;ssl=1 150w, https:\/\/i0.wp.com\/fundacoesufpel.com.br\/fdms\/wp-content\/uploads\/sites\/3\/2023\/01\/Logo_ufpel_site.png?resize=50%2C50&amp;ssl=1 50w\" sizes=\"(max-width: 301px) 100vw, 301px\" \/><\/a><\/figure><div class=\"wp-block-media-text__content\">\n<p style=\"font-size:18px\"><strong><a href=\"https:\/\/portal.ufpel.edu.br\/\" data-type=\"URL\" data-id=\"https:\/\/portal.ufpel.edu.br\/\" target=\"_blank\" rel=\"noreferrer noopener\">Universidade Federal de Pelotas<\/a><\/strong><\/p>\n\n\n\n<p class=\"has-text-align-left\" style=\"font-size:16px\">A <strong><a rel=\"noreferrer noopener\" href=\"https:\/\/portal.ufpel.edu.br\/\" data-type=\"URL\" data-id=\"https:\/\/portal.ufpel.edu.br\/\" target=\"_blank\">UFPel <\/a><\/strong>possui como miss\u00e3o promover a forma\u00e7\u00e3o integral e permanente do profissional, construindo o conhecimento e a cultura, comprometidos com os valores da vida com a constru\u00e7\u00e3o e o progresso da sociedade.<\/p>\n<\/div><\/div>\n\n\n\n<div class=\"wp-block-media-text alignwide is-stacked-on-mobile\" style=\"grid-template-columns:25% auto\"><figure class=\"wp-block-media-text__media\"><a href=\"https:\/\/www.ufsm.br\/\"><img data-recalc-dims=\"1\" decoding=\"async\" width=\"301\" height=\"301\" data-attachment-id=\"6922\" data-permalink=\"https:\/\/fundacoesufpel.com.br\/fdms\/instituicao-apoiada\/logo_ufsm_site-1\/\" data-orig-file=\"https:\/\/i0.wp.com\/fundacoesufpel.com.br\/fdms\/wp-content\/uploads\/sites\/3\/2023\/01\/Logo_ufsm_site-1.png?fit=301%2C301&amp;ssl=1\" data-orig-size=\"301,301\" data-comments-opened=\"0\" data-image-meta=\"{&quot;aperture&quot;:&quot;0&quot;,&quot;credit&quot;:&quot;&quot;,&quot;camera&quot;:&quot;&quot;,&quot;caption&quot;:&quot;&quot;,&quot;created_timestamp&quot;:&quot;0&quot;,&quot;copyright&quot;:&quot;&quot;,&quot;focal_length&quot;:&quot;0&quot;,&quot;iso&quot;:&quot;0&quot;,&quot;shutter_speed&quot;:&quot;0&quot;,&quot;title&quot;:&quot;&quot;,&quot;orientation&quot;:&quot;0&quot;}\" data-image-title=\"Logo_ufsm_site-1\" data-image-description=\"\" data-image-caption=\"\" data-medium-file=\"https:\/\/i0.wp.com\/fundacoesufpel.com.br\/fdms\/wp-content\/uploads\/sites\/3\/2023\/01\/Logo_ufsm_site-1.png?fit=300%2C300&amp;ssl=1\" data-large-file=\"https:\/\/i0.wp.com\/fundacoesufpel.com.br\/fdms\/wp-content\/uploads\/sites\/3\/2023\/01\/Logo_ufsm_site-1.png?fit=301%2C301&amp;ssl=1\" src=\"https:\/\/i0.wp.com\/fundacoesufpel.com.br\/fdms\/wp-content\/uploads\/sites\/3\/2023\/01\/Logo_ufsm_site-1.png?resize=301%2C301&#038;ssl=1\" alt=\"\" class=\"wp-image-6922 size-full\" srcset=\"https:\/\/i0.wp.com\/fundacoesufpel.com.br\/fdms\/wp-content\/uploads\/sites\/3\/2023\/01\/Logo_ufsm_site-1.png?w=301&amp;ssl=1 301w, https:\/\/i0.wp.com\/fundacoesufpel.com.br\/fdms\/wp-content\/uploads\/sites\/3\/2023\/01\/Logo_ufsm_site-1.png?resize=150%2C150&amp;ssl=1 150w, https:\/\/i0.wp.com\/fundacoesufpel.com.br\/fdms\/wp-content\/uploads\/sites\/3\/2023\/01\/Logo_ufsm_site-1.png?resize=50%2C50&amp;ssl=1 50w\" sizes=\"(max-width: 301px) 100vw, 301px\" \/><\/a><\/figure><div class=\"wp-block-media-text__content\">\n<p class=\"has-text-align-left\" style=\"font-size:18px\"><strong><a href=\"https:\/\/www.ufsm.br\/\" data-type=\"URL\" data-id=\"https:\/\/www.ufsm.br\/\" target=\"_blank\" rel=\"noreferrer noopener\">Universidade Federal de Santa Maria<\/a><\/strong><\/p>\n\n\n\n<p class=\"has-text-align-left\" style=\"font-size:16px\">Como miss\u00e3o, a <a href=\"https:\/\/www.ufsm.br\/\" data-type=\"URL\" data-id=\"https:\/\/www.ufsm.br\/\" target=\"_blank\" rel=\"noreferrer noopener\"><strong>UFSM<\/strong> <\/a>deseja construir e difundir conhecimento, comprometida com a forma\u00e7\u00e3o de pessoas capazes de inovar e contribuir com o desenvolvimento da sociedade, de modo sustent\u00e1vel.<\/p>\n<\/div><\/div>\n\n\n\n<div class=\"wp-block-media-text alignwide is-stacked-on-mobile\" style=\"grid-template-columns:25% auto\"><figure class=\"wp-block-media-text__media\"><a href=\"https:\/\/unipampa.edu.br\/portal\/#\"><img data-recalc-dims=\"1\" decoding=\"async\" width=\"300\" height=\"205\" data-attachment-id=\"6923\" data-permalink=\"https:\/\/fundacoesufpel.com.br\/fdms\/instituicao-apoiada\/prancheta-2\/\" data-orig-file=\"https:\/\/i0.wp.com\/fundacoesufpel.com.br\/fdms\/wp-content\/uploads\/sites\/3\/2023\/01\/Prancheta-2.png?fit=300%2C205&amp;ssl=1\" data-orig-size=\"300,205\" data-comments-opened=\"0\" data-image-meta=\"{&quot;aperture&quot;:&quot;0&quot;,&quot;credit&quot;:&quot;&quot;,&quot;camera&quot;:&quot;&quot;,&quot;caption&quot;:&quot;&quot;,&quot;created_timestamp&quot;:&quot;0&quot;,&quot;copyright&quot;:&quot;&quot;,&quot;focal_length&quot;:&quot;0&quot;,&quot;iso&quot;:&quot;0&quot;,&quot;shutter_speed&quot;:&quot;0&quot;,&quot;title&quot;:&quot;&quot;,&quot;orientation&quot;:&quot;0&quot;}\" data-image-title=\"Prancheta-2\" data-image-description=\"\" data-image-caption=\"\" data-medium-file=\"https:\/\/i0.wp.com\/fundacoesufpel.com.br\/fdms\/wp-content\/uploads\/sites\/3\/2023\/01\/Prancheta-2.png?fit=300%2C205&amp;ssl=1\" data-large-file=\"https:\/\/i0.wp.com\/fundacoesufpel.com.br\/fdms\/wp-content\/uploads\/sites\/3\/2023\/01\/Prancheta-2.png?fit=300%2C205&amp;ssl=1\" src=\"https:\/\/i0.wp.com\/fundacoesufpel.com.br\/fdms\/wp-content\/uploads\/sites\/3\/2023\/01\/Prancheta-2.png?resize=300%2C205&#038;ssl=1\" alt=\"\" class=\"wp-image-6923 size-full\"\/><\/a><\/figure><div class=\"wp-block-media-text__content\">\n<p style=\"font-size:18px\"><strong><a rel=\"noreferrer noopener\" href=\"https:\/\/unipampa.edu.br\/portal\/#\" data-type=\"URL\" data-id=\"https:\/\/unipampa.edu.br\/portal\/#\" target=\"_blank\">Universidade Federal do Pampa<\/a><\/strong><\/p>\n\n\n\n<p style=\"font-size:16px\">A <strong><a href=\"https:\/\/unipampa.edu.br\/portal\/#\" data-type=\"URL\" data-id=\"https:\/\/unipampa.edu.br\/portal\/#\" target=\"_blank\" rel=\"noreferrer noopener\">UNIPAMPA<\/a><\/strong>, atrav\u00e9s da integra\u00e7\u00e3o entre ensino, pesquisa e extens\u00e3o, assume a miss\u00e3o de promover a educa\u00e7\u00e3o superior de qualidade, com vista \u00e0 forma\u00e7\u00e3o de sujeitos comprometidos e capacitados para atuar em prol do desenvolvimento regional, nacional e internacional.<\/p>\n<\/div><\/div>\n\n\n\n<div class=\"wp-block-media-text alignwide is-stacked-on-mobile\" style=\"grid-template-columns:25% auto\"><figure class=\"wp-block-media-text__media\"><a href=\"https:\/\/www.iffarroupilha.edu.br\/portal?view=default\"><img data-recalc-dims=\"1\" loading=\"lazy\" decoding=\"async\" width=\"780\" height=\"970\" data-attachment-id=\"9446\" data-permalink=\"https:\/\/fundacoesufpel.com.br\/fdms\/instituicao-apoiada\/marca-iffar-vertical-2\/\" data-orig-file=\"https:\/\/i0.wp.com\/fundacoesufpel.com.br\/fdms\/wp-content\/uploads\/sites\/3\/2025\/04\/Marca-IFFar-vertical-1-scaled.png?fit=2058%2C2560&amp;ssl=1\" data-orig-size=\"2058,2560\" data-comments-opened=\"0\" data-image-meta=\"{&quot;aperture&quot;:&quot;0&quot;,&quot;credit&quot;:&quot;&quot;,&quot;camera&quot;:&quot;&quot;,&quot;caption&quot;:&quot;&quot;,&quot;created_timestamp&quot;:&quot;0&quot;,&quot;copyright&quot;:&quot;&quot;,&quot;focal_length&quot;:&quot;0&quot;,&quot;iso&quot;:&quot;0&quot;,&quot;shutter_speed&quot;:&quot;0&quot;,&quot;title&quot;:&quot;&quot;,&quot;orientation&quot;:&quot;0&quot;}\" data-image-title=\"Marca IFFar vertical\" data-image-description=\"\" data-image-caption=\"\" data-medium-file=\"https:\/\/i0.wp.com\/fundacoesufpel.com.br\/fdms\/wp-content\/uploads\/sites\/3\/2025\/04\/Marca-IFFar-vertical-1-scaled.png?fit=241%2C300&amp;ssl=1\" data-large-file=\"https:\/\/i0.wp.com\/fundacoesufpel.com.br\/fdms\/wp-content\/uploads\/sites\/3\/2025\/04\/Marca-IFFar-vertical-1-scaled.png?fit=780%2C970&amp;ssl=1\" src=\"https:\/\/i0.wp.com\/fundacoesufpel.com.br\/fdms\/wp-content\/uploads\/sites\/3\/2025\/04\/Marca-IFFar-vertical-1.png?resize=780%2C970&#038;ssl=1\" alt=\"\" class=\"wp-image-9446 size-full\" srcset=\"https:\/\/i0.wp.com\/fundacoesufpel.com.br\/fdms\/wp-content\/uploads\/sites\/3\/2025\/04\/Marca-IFFar-vertical-1-scaled.png?resize=823%2C1024&amp;ssl=1 823w, https:\/\/i0.wp.com\/fundacoesufpel.com.br\/fdms\/wp-content\/uploads\/sites\/3\/2025\/04\/Marca-IFFar-vertical-1-scaled.png?resize=241%2C300&amp;ssl=1 241w, https:\/\/i0.wp.com\/fundacoesufpel.com.br\/fdms\/wp-content\/uploads\/sites\/3\/2025\/04\/Marca-IFFar-vertical-1-scaled.png?resize=768%2C955&amp;ssl=1 768w, https:\/\/i0.wp.com\/fundacoesufpel.com.br\/fdms\/wp-content\/uploads\/sites\/3\/2025\/04\/Marca-IFFar-vertical-1-scaled.png?resize=1235%2C1536&amp;ssl=1 1235w, https:\/\/i0.wp.com\/fundacoesufpel.com.br\/fdms\/wp-content\/uploads\/sites\/3\/2025\/04\/Marca-IFFar-vertical-1-scaled.png?resize=1646%2C2048&amp;ssl=1 1646w, https:\/\/i0.wp.com\/fundacoesufpel.com.br\/fdms\/wp-content\/uploads\/sites\/3\/2025\/04\/Marca-IFFar-vertical-1-scaled.png?w=1560&amp;ssl=1 1560w\" sizes=\"(max-width: 780px) 100vw, 780px\" \/><\/a><\/figure><div class=\"wp-block-media-text__content\">\n<p style=\"font-size:18px\"><strong><a href=\"https:\/\/unipampa.edu.br\/portal\/#\" data-type=\"URL\" data-id=\"https:\/\/unipampa.edu.br\/portal\/#\" target=\"_blank\" rel=\"noreferrer noopener\"><strong>Institui\u00e7\u00e3o Federal Farroupilha (IFFar)<\/strong><\/a><\/strong><\/p>\n\n\n\n<p style=\"font-size:16px\">O <strong>IFFar<\/strong> tem como miss\u00e3o promover a educa\u00e7\u00e3o profissional, cient\u00edfica e tecnol\u00f3gica, p\u00fablica e gratuita, por meio do ensino, pesquisa e extens\u00e3o, com foco na forma\u00e7\u00e3o integral do cidad\u00e3o e no desenvolvimento sustent\u00e1vel.<\/p>\n<\/div><\/div>\n\n\n\n<p><\/p>\n\n\n\n<div style=\"height:100px\" aria-hidden=\"true\" class=\"wp-block-spacer\"><\/div>\n","protected":false},"excerpt":{"rendered":"<p>Credenciada e autorizada como Funda\u00e7\u00e3o de Apoio \u00e0 Universidades, a FDMS visa dar suporte ao desenvolvimento da inova\u00e7\u00e3o e da [&hellip;]<\/p>\n","protected":false},"author":1,"featured_media":0,"parent":0,"menu_order":0,"comment_status":"closed","ping_status":"closed","template":"","meta":{"jetpack_post_was_ever_published":false,"footnotes":""},"class_list":["post-1814","page","type-page","status-publish","hentry"],"jetpack_sharing_enabled":true,"jetpack_likes_enabled":true,"jetpack-related-posts":[{"id":4587,"url":"https:\/\/fundacoesufpel.com.br\/fdms\/projetos-de-extensao\/","url_meta":{"origin":1814,"position":0},"title":"Projetos de Extens\u00e3o &#8211; Conhecimento e Servi\u00e7os para a Comunidade.","author":"admin","date":"25\/08\/2021","format":false,"excerpt":"Portf\u00f3lio - Acesse clicando aqui. Durante os primeiros meses de gest\u00e3o realizamos uma an\u00e1lise de cen\u00e1rio e identificamos que os desafios postos para o enfrentamento do atual momento pol\u00edtico, econ\u00f4mico e social s\u00e3o abissais. \u00c9 imperativo que estrat\u00e9gias para tal enfrentamento sejam implementadas. A unidade de apoio \u00e0 Universidade Federal\u2026","rel":"","context":"Post similar","block_context":{"text":"Post similar","link":""},"img":{"alt_text":"","src":"","width":0,"height":0},"classes":[]},{"id":1822,"url":"https:\/\/fundacoesufpel.com.br\/fdms\/primeiros-passos\/","url_meta":{"origin":1814,"position":1},"title":"Primeiros Passos","author":"admin","date":"18\/09\/2020","format":false,"excerpt":"Os instrumentos firmados pela UFPel com as Funda\u00e7\u00f5es de Apoio s\u00e3o provenientes de projetos de ensino, pesquisa, extens\u00e3o, desenvolvimento institucional, cient\u00edfico e tecnol\u00f3gico e est\u00edmulo \u00e0 inova\u00e7\u00e3o coordenados por professores e\/ou t\u00e9cnicos administrativo da Universidade em favor da comunidade interna e\/ou externa da institui\u00e7\u00e3o. \u00a0 1\u00ba - Projeto aprovado pela\u2026","rel":"","context":"Post similar","block_context":{"text":"Post similar","link":""},"img":{"alt_text":"","src":"","width":0,"height":0},"classes":[]},{"id":4705,"url":"https:\/\/fundacoesufpel.com.br\/fdms\/politica-de-privacidade-e-protecao-de-dados\/","url_meta":{"origin":1814,"position":2},"title":"Pol\u00edtica de Privacidade e Prote\u00e7\u00e3o de Dados","author":"admin","date":"07\/10\/2021","format":false,"excerpt":"Como parte das nossas opera\u00e7\u00f5es di\u00e1rias, necessitamos coletar dados pessoais de nossos parceiros e potenciais parceiros com o intuito de fornecer os nossos servi\u00e7os alinhados aos valores, interesses e perfil de cada interessado. A privacidade de suas informa\u00e7\u00f5es \u00e9 de grande import\u00e2ncia para n\u00f3s, e temos como pol\u00edtica respeitar a\u2026","rel":"","context":"Post similar","block_context":{"text":"Post similar","link":""},"img":{"alt_text":"","src":"","width":0,"height":0},"classes":[]},{"id":8352,"url":"https:\/\/fundacoesufpel.com.br\/fdms\/fundo-patrimonial\/","url_meta":{"origin":1814,"position":3},"title":"Fundo Patrimonial","author":"leandrojunior","date":"24\/04\/2024","format":false,"excerpt":"FUNDO PATRIMONIAL DA FUNDA\u00c7\u00c3O DELFIM MENDES SILVEIRA HIST\u00d3RIA A idealiza\u00e7\u00e3o do Fundo Patrimonial iniciou no ano de 2022 quando o ent\u00e3o Diretor Presidente da Funda\u00e7\u00e3o Delfim Mendes Silveira trouxe ao Conselho Deliberativo \u00e0 Reitoria da UFPel a possibilidade de cria\u00e7\u00e3o de um Fundo Patrimonial para buscar solu\u00e7\u00f5es de apoio financeiro\u2026","rel":"","context":"Post similar","block_context":{"text":"Post similar","link":""},"img":{"alt_text":"","src":"https:\/\/i0.wp.com\/fundacoesufpel.com.br\/fdms\/wp-content\/uploads\/sites\/3\/2024\/12\/sicredi.png?resize=350%2C200&ssl=1","width":350,"height":200,"srcset":"https:\/\/i0.wp.com\/fundacoesufpel.com.br\/fdms\/wp-content\/uploads\/sites\/3\/2024\/12\/sicredi.png?resize=350%2C200&ssl=1 1x, https:\/\/i0.wp.com\/fundacoesufpel.com.br\/fdms\/wp-content\/uploads\/sites\/3\/2024\/12\/sicredi.png?resize=525%2C300&ssl=1 1.5x, https:\/\/i0.wp.com\/fundacoesufpel.com.br\/fdms\/wp-content\/uploads\/sites\/3\/2024\/12\/sicredi.png?resize=700%2C400&ssl=1 2x"},"classes":[]},{"id":2319,"url":"https:\/\/fundacoesufpel.com.br\/fdms\/programa-de-integridade\/","url_meta":{"origin":1814,"position":4},"title":"Programa de Integridade","author":"admin","date":"06\/11\/2020","format":false,"excerpt":"Na data de\u00a001\/10\/2020\u00a0foi criado o Comit\u00ea de \u00c9tica e Compliance pela\u00a0Funda\u00e7\u00e3o Delfim Mendes Silveira\u00a0com o objetivo de implementar um\u00a0Programa Integridade para ado\u00e7\u00e3o de medidas e a\u00e7\u00f5es institucionais destinadas \u00e0 preven\u00e7\u00e3o, \u00e0 detec\u00e7\u00e3o, \u00e0 puni\u00e7\u00e3o e \u00e0 remedia\u00e7\u00e3o de fraudes e atos de corrup\u00e7\u00e3o em apoio \u00e0 boa governan\u00e7a. A Diretoria\u2026","rel":"","context":"Post similar","block_context":{"text":"Post similar","link":""},"img":{"alt_text":"","src":"https:\/\/i0.wp.com\/fundacoesufpel.com.br\/fdms\/wp-content\/uploads\/sites\/3\/2022\/07\/Imagem-para-o-site.png?resize=350%2C200&ssl=1","width":350,"height":200},"classes":[]},{"id":3614,"url":"https:\/\/fundacoesufpel.com.br\/fdms\/ordens-internas-pareceres\/","url_meta":{"origin":1814,"position":5},"title":"Ordens Internas e Pareceres","author":"admin","date":"11\/12\/2020","format":false,"excerpt":"Com intuito de aprimorar e normatizar os procedimentos e fluxos internos\/externos, vimos informar as ordens internas que regulamentam algumas a\u00e7\u00f5es: Ordem Interna n\u00ba 01\u00a0- Regulamenta o funcionamento das assinaturas dos diretores para realiza\u00e7\u00e3o de pagamentos Ordem Interna n\u00b0 02\u00a0- Regulamenta o funcionamento da publica\u00e7\u00e3o de editais de sele\u00e7\u00e3o de bolsistas\u2026","rel":"","context":"Post similar","block_context":{"text":"Post similar","link":""},"img":{"alt_text":"","src":"","width":0,"height":0},"classes":[]}],"jetpack_shortlink":"https:\/\/wp.me\/PcrDaD-tg","_links":{"self":[{"href":"https:\/\/fundacoesufpel.com.br\/fdms\/wp-json\/wp\/v2\/pages\/1814","targetHints":{"allow":["GET"]}}],"collection":[{"href":"https:\/\/fundacoesufpel.com.br\/fdms\/wp-json\/wp\/v2\/pages"}],"about":[{"href":"https:\/\/fundacoesufpel.com.br\/fdms\/wp-json\/wp\/v2\/types\/page"}],"author":[{"embeddable":true,"href":"https:\/\/fundacoesufpel.com.br\/fdms\/wp-json\/wp\/v2\/users\/1"}],"replies":[{"embeddable":true,"href":"https:\/\/fundacoesufpel.com.br\/fdms\/wp-json\/wp\/v2\/comments?post=1814"}],"version-history":[{"count":9,"href":"https:\/\/fundacoesufpel.com.br\/fdms\/wp-json\/wp\/v2\/pages\/1814\/revisions"}],"predecessor-version":[{"id":9452,"href":"https:\/\/fundacoesufpel.com.br\/fdms\/wp-json\/wp\/v2\/pages\/1814\/revisions\/9452"}],"wp:attachment":[{"href":"https:\/\/fundacoesufpel.com.br\/fdms\/wp-json\/wp\/v2\/media?parent=1814"}],"curies":[{"name":"wp","href":"https:\/\/api.w.org\/{rel}","templated":true}]}}