{"id":1279,"date":"2020-08-04T15:25:00","date_gmt":"2020-08-04T18:25:00","guid":{"rendered":"http:\/\/www2.fundacoesufpel.com.br\/fau-1\/?page_id=4"},"modified":"2022-09-05T10:22:58","modified_gmt":"2022-09-05T13:22:58","slug":"sobre-a-fdms","status":"publish","type":"page","link":"https:\/\/fundacoesufpel.com.br\/fdms\/sobre-a-fdms\/","title":{"rendered":"Sobre a FDMS"},"content":{"rendered":"<div id=\"pl-1279\"  class=\"panel-layout\" ><div id=\"pg-1279-0\"  class=\"panel-grid panel-has-style\" ><div class=\"panel-row-style panel-row-style-for-1279-0\" ><div id=\"pgc-1279-0-0\"  class=\"panel-grid-cell\" ><div id=\"panel-1279-0-0-0\" class=\"so-panel widget widget_themegrill_flash_service tg-widget tg-single-service panel-first-child\" data-index=\"0\" ><div class=\"o-que-e-uma-fundacao panel-widget-style panel-widget-style-for-1279-0-0-0\" >\n<div class=\"tg-service-widget tg-service-layout-1\">\n\t<div class=\"service-wrapper\">\n\t\t<div class=\"service-icon-title-wrapper clearfix\">\n\t\t\t\t\t\t<div class=\"service-icon-wrap\"><i class=\"fa fa-building-o\"><\/i><\/div>\n\t\t\t\t\t\t\t\t\t\t\t\t<h3 class=\"service-title-wrap\">\n\t\t\t\tO que \u00e9 uma Funda\u00e7\u00e3o?\t\t\t\t\t\t\t<\/h3>\n\t\t\t\t\t<\/div>\n\t\t\t\t<div class=\"service-content-wrap\">Pessoa jur\u00eddica de direito privado, sem fins lucrativos, regida pelo C\u00f3digo Civil e por estatuto. \u00c9 institu\u00edda com a finalidade de apoiar projetos de ensino, pesquisa, extens\u00e3o, desenvolvimento institucional, cient\u00edfico e tecnol\u00f3gico e est\u00edmulo \u00e0 inova\u00e7\u00e3o das Institui\u00e7\u00f5es Cient\u00edficas e Tecnol\u00f3gicas (ICT) e das Institui\u00e7\u00f5es Federais de Ensino Superior (IFES), na gest\u00e3o administrativa e financeira necess\u00e1ria \u00e0 execu\u00e7\u00e3o desses projetos atrav\u00e9s de conv\u00eanios e contratos.<\/div>\n\t\t\t\t\t<\/div>\n<\/div>\n<\/div><\/div><div id=\"panel-1279-0-0-1\" class=\"so-panel widget widget_themegrill_flash_service tg-widget tg-single-service panel-last-child\" data-index=\"1\" ><div class=\"o-que-e-uma-fundacao panel-widget-style panel-widget-style-for-1279-0-0-1\" >\n<div class=\"tg-service-widget tg-service-layout-1\">\n\t<div class=\"service-wrapper\">\n\t\t<div class=\"service-icon-title-wrapper clearfix\">\n\t\t\t\t\t\t<div class=\"service-icon-wrap\"><i class=\"fa fa-gears\"><\/i><\/div>\n\t\t\t\t\t\t\t\t\t\t\t\t<h3 class=\"service-title-wrap\">\n\t\t\t\tO que \u00e9 um Projeto?\t\t\t\t\t\t\t<\/h3>\n\t\t\t\t\t<\/div>\n\t\t\t\t<div class=\"service-content-wrap\">\u00c9 um empreendimento \u00fanico que possui in\u00edcio e fim determinados. Utiliza recursos e \u00e9 conduzido pessoas visando atingir objetivos espec\u00edficos pr\u00e9-definidos. Um projeto termina quando os objetivos, para o qual foi criado, s\u00e3o atingidos. Todo produto ou servi\u00e7o gerado por um projeto \u00e9 diferente de outros produtos ou servi\u00e7os.<\/div>\n\t\t\t\t\t<\/div>\n<\/div>\n<\/div><\/div><\/div><div id=\"pgc-1279-0-1\"  class=\"panel-grid-cell\" ><div id=\"panel-1279-0-1-0\" class=\"so-panel widget widget_themegrill_flash_service tg-widget tg-single-service panel-first-child panel-last-child\" data-index=\"2\" >\n<div class=\"tg-service-widget tg-service-layout-1\">\n\t<div class=\"service-wrapper\">\n\t\t<div class=\"service-icon-title-wrapper clearfix\">\n\t\t\t\t\t\t\t\t\t<figure class=\"service-image-wrap\"><img data-recalc-dims=\"1\" decoding=\"async\" src=\"https:\/\/i0.wp.com\/fundacoesufpel.com.br\/fdms\/wp-content\/uploads\/sites\/3\/2022\/08\/logo-f.-branco-1.png?w=780&#038;ssl=1\" \/><\/figure>\n\t\t\t\t\t\t\t\t<\/div>\n\t\t\t\t<div class=\"service-content-wrap\">A FDMS visa dar suporte ao desenvolvimento da inova\u00e7\u00e3o e da pesquisa cient\u00edfica e tecnol\u00f3gica, criando condi\u00e7\u00f5es mais prop\u00edcias para que a Universidade Federal de Pelotas estabele\u00e7a rela\u00e7\u00f5es com o ambiente externo atrav\u00e9s de conv\u00eanios e contratos. Possui uma estrutura capaz de apoiar a execu\u00e7\u00e3o desses projetos desde a sua concep\u00e7\u00e3o at\u00e9 a finaliza\u00e7\u00e3o. Para tanto, disp\u00f5e de uma Assessoria Jur\u00eddica e de Tecnologia da Informa\u00e7\u00e3o. Tem uma Ger\u00eancia Administrativa e uma Financeira que coordenam as atividades do Escrit\u00f3rio de Projetos, Departamento de Compras e Licita\u00e7\u00f5es, Departamento Financeiro, Contabilidade e Presta\u00e7\u00e3o de Contas. Tamb\u00e9m possui um departamento Pessoal que faz a gest\u00e3o dos Recursos Humanos da pr\u00f3pria Funda\u00e7\u00e3o e dos projetos.<\/div>\n\t\t\t\t\t<\/div>\n<\/div>\n<\/div><\/div><\/div><\/div><div id=\"pg-1279-1\"  class=\"panel-grid panel-has-style\" ><div class=\"siteorigin-panels-stretch panel-row-style panel-row-style-for-1279-1\" data-stretch-type=\"full\" ><div id=\"pgc-1279-1-0\"  class=\"panel-grid-cell\" ><div class=\"panel-cell-style panel-cell-style-for-1279-1-0\" ><div id=\"panel-1279-1-0-0\" class=\"so-panel widget widget_themegrill_flash_heading tg-widget section-title-wrapper panel-first-child\" data-index=\"3\" ><div class=\"panel-widget-style panel-widget-style-for-1279-1-0-0\" >\t<h3 class=\"section-title\">FUNDA\u00c7\u00c3O DELFIM MENDES SILVEIRA \u2013 FDMS<\/h3>\n<\/div><\/div><div id=\"panel-1279-1-0-1\" class=\"widget_text so-panel widget widget_custom_html panel-last-child\" data-index=\"4\" ><div class=\"widget_text panel-widget-style panel-widget-style-for-1279-1-0-1\" ><div class=\"textwidget custom-html-widget\"><div style=\"color:#7c7c7c;font-size:16px\">\n<p>A Funda\u00e7\u00e3o Delfim Mendes Silveira \u2013 FDMS foi constitu\u00edda por particulares como uma entidade de direito privado e sem fins lucrativos no dia 08 de novembro de 1999. \u00c9 regida pelo C\u00f3digo Civil e por seu estatuto social que abrange os seguintes objetivos:<\/p>\n<p>\n\t<strong>I<\/strong> \u2013 Prestar apoio na execu\u00e7\u00e3o dos programas e atividades da UFPEL;<br>\n\t<strong>II<\/strong> \u2013 Promover a integra\u00e7\u00e3o UFPel\u2013Empresa\u2013Estado;<br>\n\t<strong>III<\/strong> \u2013 Promover estudos, pesquisas e presta\u00e7\u00e3o de servi\u00e7os para entidade p\u00fablicas e privadas;<br>\n\t<strong>IV<\/strong> \u2013 Promover a articula\u00e7\u00e3o da UFPel com entidades p\u00fablicas e privadas, nacionais ou estrangeiras, visando \u00e0 forma de colabora\u00e7\u00e3o, contratos ou conv\u00eanios, para execu\u00e7\u00e3o de programas;<br>\n\t<strong>V<\/strong> \u2013 Promover a presta\u00e7\u00e3o de servi\u00e7os de ordem t\u00e9cnica, cient\u00edfica, cultural, de pesquisa e assist\u00eancia.<br>\n\t<strong>VI<\/strong> \u2013 Cooperar com outras institui\u00e7\u00f5es da sociedade, inclusive IFES e ICTs, na \u00e1rea especifica de sua compet\u00eancia, em especial nos campos da ci\u00eancia, pesquisa, cultura, tecnologia e inova\u00e7\u00e3o.\n<\/p>\n\t<p>\n\t<strong>Para a consecu\u00e7\u00e3o de suas finalidades a Funda\u00e7\u00e3o poder\u00e1:<\/strong><br>\n\t\t<br>\n\t\u2013 Captar recursos atrav\u00e9s da opera\u00e7\u00e3o de bens e servi\u00e7os dentro das atividades de apoio aos Projetos que executa em conjunto \u00e0 UFPel, podendo, para tanto, abrir filiais e inscri\u00e7\u00f5es junto aos \u00f3rg\u00e3os p\u00fablicos e outras unidades em local diverso da sua sede, sempre mantendo a aus\u00eancia de fins lucrativos de suas atividades;<br>\n\t\u2013 Captar recursos financeiros junto \u00e0 iniciativa privada, a ag\u00eancias financiadoras oficiais e entidades cong\u00eaneres, no Brasil e no exterior;<br>\n\t\u2013 Prestar servi\u00e7os de consultoria, auditoria e assessoria para entes federados e suas entidades vinculadas, bem como para a iniciativa privada e entidades do terceiro setor;<br>\n\t\u2013 Realizar a\u00e7\u00f5es e atividades que visem captar recursos e desenvolver parcerias com empresas privadas e entidades da administra\u00e7\u00e3o p\u00fablica municipal, estadual e federal;<br>\n\t\u2013 Fornecer suporte t\u00e9cnico-cient\u00edfico e administrativo a institui\u00e7\u00f5es p\u00fablicas e privadas, nacionais e estrangeiras, promovendo e realizando estudos, assessoria, consultoria, auditoria, gerenciamento e execu\u00e7\u00e3o de projetos de pesquisa, desenvolvimento e inova\u00e7\u00e3o;<br>\n\t\u2013 Promover a difus\u00e3o e interc\u00e2mbio de informa\u00e7\u00f5es, conhecimento e tecnologia e a coopera\u00e7\u00e3o t\u00e9cnica com organismos especializados no Brasil e exterior.<br>\n\t<\/p>\n\t<p>Portanto, a FDMS oferece uma estrutura capaz de apoiar a execu\u00e7\u00e3o dos projetos desde a sua concep\u00e7\u00e3o at\u00e9 a finaliza\u00e7\u00e3o, disponibilizando o suporte necess\u00e1rio ao desenvolvimento de iniciativas que requerem que a Universidade Federal de Pelotas estabele\u00e7a rela\u00e7\u00f5es com o ambiente externo atrav\u00e9s de conv\u00eanios, contratos e acordos.<\/p>\t\n<\/div>\n<\/div><\/div><\/div><\/div><\/div><div id=\"pgc-1279-1-1\"  class=\"panel-grid-cell\" ><div id=\"panel-1279-1-1-0\" class=\"so-panel widget widget_themegrill_flash_service tg-widget tg-single-service panel-first-child\" data-index=\"5\" ><div class=\"itens-fau panel-widget-style panel-widget-style-for-1279-1-1-0\" >\n<div class=\"tg-service-widget tg-service-layout-1\">\n\t<div class=\"service-wrapper\">\n\t\t<div class=\"service-icon-title-wrapper clearfix\">\n\t\t\t\t\t\t<div class=\"service-icon-wrap\"><i class=\"fa fa-clone\"><\/i><\/div>\n\t\t\t\t\t\t\t\t\t\t\t\t<h3 class=\"service-title-wrap\">\n\t\t\t\t\t\t\t\t<a href=\"https:\/\/fundacoesufpel.com.br\/fdms\/wp-content\/uploads\/sites\/3\/2020\/11\/Estatuto-Social-Alterado-FDMS-2019.pdf\">\n\t\t\t\tEstatuto\t\t\t\t\t\t\t\t<\/a>\n\t\t\t\t\t\t\t<\/h3>\n\t\t\t\t\t<\/div>\n\t\t\t\t\t\t<a class=\"service-more\" href=\"https:\/\/fundacoesufpel.com.br\/fdms\/wp-content\/uploads\/sites\/3\/2020\/11\/Estatuto-Social-Alterado-FDMS-2019.pdf\"><\/a>\n\t\t\t<\/div>\n<\/div>\n<\/div><\/div><div id=\"panel-1279-1-1-1\" class=\"so-panel widget widget_themegrill_flash_service tg-widget tg-single-service\" data-index=\"6\" ><div class=\"itens-fau panel-widget-style panel-widget-style-for-1279-1-1-1\" >\n<div class=\"tg-service-widget tg-service-layout-1\">\n\t<div class=\"service-wrapper\">\n\t\t<div class=\"service-icon-title-wrapper clearfix\">\n\t\t\t\t\t\t<div class=\"service-icon-wrap\"><i class=\"fa fa-cloud\"><\/i><\/div>\n\t\t\t\t\t\t\t\t\t\t\t\t<h3 class=\"service-title-wrap\">\n\t\t\t\t\t\t\t\t<a href=\"https:\/\/fundacoesufpel.com.br\/fdms\/solucoes\/\">\n\t\t\t\tSolu\u00e7\u00f5es\t\t\t\t\t\t\t\t<\/a>\n\t\t\t\t\t\t\t<\/h3>\n\t\t\t\t\t<\/div>\n\t\t\t\t\t\t<a class=\"service-more\" href=\"https:\/\/fundacoesufpel.com.br\/fdms\/solucoes\/\"><\/a>\n\t\t\t<\/div>\n<\/div>\n<\/div><\/div><div id=\"panel-1279-1-1-2\" class=\"so-panel widget widget_themegrill_flash_service tg-widget tg-single-service panel-last-child\" data-index=\"7\" ><div class=\"itens-fau panel-widget-style panel-widget-style-for-1279-1-1-2\" >\n<div class=\"tg-service-widget tg-service-layout-1\">\n\t<div class=\"service-wrapper\">\n\t\t<div class=\"service-icon-title-wrapper clearfix\">\n\t\t\t\t\t\t<div class=\"service-icon-wrap\"><i class=\"fa fa-users\"><\/i><\/div>\n\t\t\t\t\t\t\t\t\t\t\t\t<h3 class=\"service-title-wrap\">\n\t\t\t\t\t\t\t\t<a href=\"https:\/\/fundacoesufpel.com.br\/fdms\/estrutura-equipe\/\">\n\t\t\t\tEquipe\t\t\t\t\t\t\t\t<\/a>\n\t\t\t\t\t\t\t<\/h3>\n\t\t\t\t\t<\/div>\n\t\t\t\t\t\t<a class=\"service-more\" href=\"https:\/\/fundacoesufpel.com.br\/fdms\/estrutura-equipe\/\"><\/a>\n\t\t\t<\/div>\n<\/div>\n<\/div><\/div><\/div><\/div><\/div><div id=\"pg-1279-2\"  class=\"panel-grid panel-has-style\" ><div class=\"panel-row-style panel-row-style-for-1279-2\" ><div id=\"pgc-1279-2-0\"  class=\"panel-grid-cell\" ><div id=\"panel-1279-2-0-0\" class=\"so-panel widget widget_themegrill_flash_service tg-widget tg-single-service panel-first-child panel-last-child\" data-index=\"8\" >\n<div class=\"tg-service-widget tg-service-layout-1\">\n\t<div class=\"service-wrapper\">\n\t\t<div class=\"service-icon-title-wrapper clearfix\">\n\t\t\t\t\t\t<div class=\"service-icon-wrap\"><i class=\"fa fa-area-chart\"><\/i><\/div>\n\t\t\t\t\t\t\t\t\t\t\t\t<h3 class=\"service-title-wrap\">\n\t\t\t\tMiss\u00e3o\t\t\t\t\t\t\t<\/h3>\n\t\t\t\t\t<\/div>\n\t\t\t\t<div class=\"service-content-wrap\">Promover solu\u00e7\u00f5es para viabilizar \u00e0s iniciativas oriundas da comunidade acad\u00eamica voltadas ao desenvolvimento de projetos de ensino, pesquisa, extens\u00e3o, desenvolvimento institucional, cient\u00edfico e tecnol\u00f3gico e est\u00edmulo \u00e0 inova\u00e7\u00e3o.<\/div>\n\t\t\t\t\t<\/div>\n<\/div>\n<\/div><\/div><div id=\"pgc-1279-2-1\"  class=\"panel-grid-cell\" ><div id=\"panel-1279-2-1-0\" class=\"so-panel widget widget_themegrill_flash_service tg-widget tg-single-service panel-first-child panel-last-child\" data-index=\"9\" >\n<div class=\"tg-service-widget tg-service-layout-1\">\n\t<div class=\"service-wrapper\">\n\t\t<div class=\"service-icon-title-wrapper clearfix\">\n\t\t\t\t\t\t<div class=\"service-icon-wrap\"><i class=\"fa fa-eye\"><\/i><\/div>\n\t\t\t\t\t\t\t\t\t\t\t\t<h3 class=\"service-title-wrap\">\n\t\t\t\tVis\u00e3o\t\t\t\t\t\t\t<\/h3>\n\t\t\t\t\t<\/div>\n\t\t\t\t<div class=\"service-content-wrap\">Ser reconhecida pela qualidade das solu\u00e7\u00f5es propostas \u00e0 comunidade acad\u00eamica no desenvolvimento dos projetos.<\/div>\n\t\t\t\t\t<\/div>\n<\/div>\n<\/div><\/div><div id=\"pgc-1279-2-2\"  class=\"panel-grid-cell\" ><div id=\"panel-1279-2-2-0\" class=\"so-panel widget widget_themegrill_flash_service tg-widget tg-single-service panel-first-child panel-last-child\" data-index=\"10\" >\n<div class=\"tg-service-widget tg-service-layout-1\">\n\t<div class=\"service-wrapper\">\n\t\t<div class=\"service-icon-title-wrapper clearfix\">\n\t\t\t\t\t\t<div class=\"service-icon-wrap\"><i class=\"fa fa-users\"><\/i><\/div>\n\t\t\t\t\t\t\t\t\t\t\t\t<h3 class=\"service-title-wrap\">\n\t\t\t\tValores\t\t\t\t\t\t\t<\/h3>\n\t\t\t\t\t<\/div>\n\t\t\t\t<div class=\"service-content-wrap\">Excel\u00eancia, Integridade, Sustentabilidade, Inova\u00e7\u00e3o, Transforma\u00e7\u00e3o, Criatividade, Comprometimento e Valoriza\u00e7\u00e3o das pessoas<\/div>\n\t\t\t\t\t<\/div>\n<\/div>\n<\/div><\/div><\/div><\/div><div id=\"pg-1279-3\"  class=\"panel-grid panel-has-style\" ><div class=\"panel-row-style panel-row-style-for-1279-3\" ><div id=\"pgc-1279-3-0\"  class=\"panel-grid-cell\" ><div id=\"panel-1279-3-0-0\" class=\"so-panel widget widget_themegrill_flash_heading tg-widget section-title-wrapper panel-first-child\" data-index=\"11\" ><div class=\"titulo-h3-reduzido panel-widget-style panel-widget-style-for-1279-3-0-0\" >\t<h3 class=\"section-title\">Registro e Credenciamento MEC\/MCT<\/h3>\n<\/div><\/div><div id=\"panel-1279-3-0-1\" class=\"widget_text so-panel widget widget_custom_html\" data-index=\"12\" ><div class=\"textwidget custom-html-widget\"><div style=\"color:#7c7c7c;font-size:16px\">\n\t\n\t<p> No dia 2 de maio de 2022, foi publicada a <a href=\"https:\/\/fundacoesufpel.com.br\/fdms\/wp-content\/uploads\/sites\/3\/2022\/09\/04-Portaria-Cunjunta-57-de-29-04-2022_prazo-5-anos-ate-29-04-2027.pdf\"> Portaria Conjunta n\u00ba 57, de 29 de abril de 2022 <\/a>, que recredencia a FDMS, pelo per\u00edodo de 5 (cinco) anos, para atuar como funda\u00e7\u00e3o de apoio \u00e0 Universidade Federal de Pelotas (UFPel), conforme o Processo n\u00ba 23000.034301\/2021-75. Tal Portaria entrou em vigor no dia de sua publica\u00e7\u00e3o. <\/p>\n\t\n<\/div>\n\n<\/div><\/div><div id=\"panel-1279-3-0-2\" class=\"so-panel widget widget_themegrill_flash_heading tg-widget section-title-wrapper\" data-index=\"13\" ><div class=\"titulo-h3-reduzido panel-widget-style panel-widget-style-for-1279-3-0-2\" >\t<h3 class=\"section-title\">SISTEMA DE ATENDIMENTO E GEST\u00c3O INTEGRADA \u2013 SAGI<\/h3>\n<\/div><\/div><div id=\"panel-1279-3-0-3\" class=\"widget_text so-panel widget widget_custom_html\" data-index=\"14\" ><div class=\"textwidget custom-html-widget\"><div style=\"color:#7c7c7c;font-size:16px\">\n\t<p>O Sistema de Administra\u00e7\u00e3o e Gest\u00e3o Integrada \u2013 SAGI, \u00e9 um software de gest\u00e3o especializado que viabiliza o gerenciamento dos projetos de forma conjunta por todos os departamentos da Funda\u00e7\u00e3o.<\/p>\n\t<p>Al\u00e9m disso, possibilita que os Coordenadores realizem a gest\u00e3o online de seus projetos atrav\u00e9s do Portal do Coordenador, incluindo as requisi\u00e7\u00f5es e acompanhando as movimenta\u00e7\u00f5es.<\/p>\n\t<p>Para facilitar e agilizar os processos de compra e contrata\u00e7\u00f5es, conta com o Portal do Fornecedor, um local onde as organiza\u00e7\u00f5es previamente cadastradas podem cadastrar as propostas e cota\u00e7\u00f5es, visualizar as ordens de fornecimento e de servi\u00e7os e acompanhar a evolu\u00e7\u00e3o de todos os processos de compras da institui\u00e7\u00e3o.<\/p>\n<\/div>\n<\/div><\/div><div id=\"panel-1279-3-0-4\" class=\"so-panel widget widget_themegrill_flash_heading tg-widget section-title-wrapper\" data-index=\"15\" ><div class=\"titulo-h3-reduzido panel-widget-style panel-widget-style-for-1279-3-0-4\" >\t<h3 class=\"section-title\">TRANSPAR\u00caNCIA<\/h3>\n<\/div><\/div><div id=\"panel-1279-3-0-5\" class=\"widget_text so-panel widget widget_custom_html panel-last-child\" data-index=\"16\" ><div class=\"textwidget custom-html-widget\"><div style=\"color:#7c7c7c;font-size:16px\">\n\t<p>O site da Funda\u00e7\u00e3o conta com um espa\u00e7o que atende o Art. 4\u00b0-A da Lei 8.958\/94, referente \u00e0 Transpar\u00eancia dos projetos executados, al\u00e9m de outras informa\u00e7\u00f5es pertinentes, tais como:<\/p>\n\t<ul>\n\t\t<li>Rela\u00e7\u00e3o de Projetos Anuais<\/li>\n\t\t<li>Relat\u00f3rio Anual de Atividades<\/li>\n\t\t<li>Demonstrativos Cont\u00e1beis<\/li>\n\t\t<li>Instrumentos Contratuais<\/li>\n\t\t<li>Relat\u00f3rios Semestrais<\/li>\n\t\t<li>Presta\u00e7\u00e3o de Contas<\/li>\n\t\t<li>Presta\u00e7\u00e3o de Contas anterior a 2018<\/li>\n\t\t<li>Rela\u00e7\u00e3o de Pagamentos<\/li>\n\t\t<li>Pagamento Bolsistas<\/li>\n\t<\/ul>\n\t<p>A utiliza\u00e7\u00e3o do Sistema de Administra\u00e7\u00e3o e Gest\u00e3o Integrada \u2013 SAGI, automatiza a alimenta\u00e7\u00e3o do Portal da Transpar\u00eancia das Funda\u00e7\u00f5es.<\/p>\n\t<p>Para consultar o projeto de interesse, basta clicar no menu escolhido e optar pelo projeto de interesse no campo \u201cSelecione o Conv\u00eanio ou Projeto\u201d. <\/p>\n\t<p>Ap\u00f3s selecionar o projeto \u00e9 necess\u00e1rio clicar no \u00edcone \u201cConsultar\u201d, posteriormente, ser\u00e1 poss\u00edvel ler as principais informa\u00e7\u00f5es sobre o instrumento e baixar em pdf os documentos do projeto, tais como: Instrumento contratual, Plano de Trabalho, Ajustes, Aditivos, Presta\u00e7\u00e3o de Contas e Relat\u00f3rios Semestrais do projeto.<\/p>\n\t<p>A rela\u00e7\u00e3o de pagamentos \u00e9 disponibilizada de forma separada por projeto e por tipos de pagamentos, a saber: Pagamentos a Servidores da Institui\u00e7\u00e3o; Pagamentos a Pessoas F\u00edsicas; Pagamentos a Pessoas Jur\u00eddicas e Outros. Cabe destacar que as informa\u00e7\u00f5es s\u00e3o visualizadas somente quando h\u00e1 pagamentos para o projeto que est\u00e1 sendo consultado. <\/p>\n<\/div>\n<\/div><\/div><\/div><\/div><\/div><\/div>","protected":false},"excerpt":{"rendered":"<p>O que \u00e9 uma Funda\u00e7\u00e3o? Pessoa jur\u00eddica de direito privado, sem fins lucrativos, regida pelo C\u00f3digo Civil e por estatuto. [&hellip;]<\/p>\n","protected":false},"author":1,"featured_media":0,"parent":0,"menu_order":0,"comment_status":"closed","ping_status":"closed","template":"","meta":{"jetpack_post_was_ever_published":false,"footnotes":""},"class_list":["post-1279","page","type-page","status-publish","hentry"],"jetpack_sharing_enabled":true,"jetpack_likes_enabled":true,"jetpack-related-posts":[{"id":2022,"url":"https:\/\/fundacoesufpel.com.br\/fdms\/sobre-a-fau\/","url_meta":{"origin":1279,"position":0},"title":"Sobre a FAU","author":"admin","date":"04\/08\/2020","format":false,"excerpt":"","rel":"","context":"Post similar","block_context":{"text":"Post similar","link":""},"img":{"alt_text":"","src":"","width":0,"height":0},"classes":[]},{"id":8067,"url":"https:\/\/fundacoesufpel.com.br\/fdms\/pagamento-bolsistas-unipampa\/","url_meta":{"origin":1279,"position":1},"title":"Pagamento Bolsistas &#8211; UNIPAMPA","author":"admin","date":"16\/01\/2024","format":false,"excerpt":"","rel":"","context":"Post similar","block_context":{"text":"Post similar","link":""},"img":{"alt_text":"","src":"","width":0,"height":0},"classes":[]},{"id":1047,"url":"https:\/\/fundacoesufpel.com.br\/fdms\/relatorio-de-atividades\/","url_meta":{"origin":1279,"position":2},"title":"Relat\u00f3rio de Atividades","author":"admin","date":"11\/08\/2020","format":false,"excerpt":"","rel":"","context":"Post similar","block_context":{"text":"Post similar","link":""},"img":{"alt_text":"","src":"","width":0,"height":0},"classes":[]},{"id":7082,"url":"https:\/\/fundacoesufpel.com.br\/fdms\/pagamento-bolsistas-ufsm\/","url_meta":{"origin":1279,"position":3},"title":"Pagamento Bolsistas &#8211; UFSM","author":"admin","date":"06\/03\/2023","format":false,"excerpt":"","rel":"","context":"Post similar","block_context":{"text":"Post similar","link":""},"img":{"alt_text":"","src":"","width":0,"height":0},"classes":[]},{"id":1091,"url":"https:\/\/fundacoesufpel.com.br\/fdms\/pagamento-bolsistas-ufpel\/","url_meta":{"origin":1279,"position":4},"title":"Pagamento Bolsistas &#8211; UFPel","author":"admin","date":"11\/08\/2020","format":false,"excerpt":"","rel":"","context":"Post similar","block_context":{"text":"Post similar","link":""},"img":{"alt_text":"","src":"","width":0,"height":0},"classes":[]},{"id":27,"url":"https:\/\/fundacoesufpel.com.br\/fdms\/solucoes\/","url_meta":{"origin":1279,"position":5},"title":"Solu\u00e7\u00f5es","author":"admin","date":"04\/08\/2020","format":false,"excerpt":"","rel":"","context":"Post similar","block_context":{"text":"Post similar","link":""},"img":{"alt_text":"","src":"","width":0,"height":0},"classes":[]}],"jetpack_shortlink":"https:\/\/wp.me\/PcrDaD-kD","_links":{"self":[{"href":"https:\/\/fundacoesufpel.com.br\/fdms\/wp-json\/wp\/v2\/pages\/1279","targetHints":{"allow":["GET"]}}],"collection":[{"href":"https:\/\/fundacoesufpel.com.br\/fdms\/wp-json\/wp\/v2\/pages"}],"about":[{"href":"https:\/\/fundacoesufpel.com.br\/fdms\/wp-json\/wp\/v2\/types\/page"}],"author":[{"embeddable":true,"href":"https:\/\/fundacoesufpel.com.br\/fdms\/wp-json\/wp\/v2\/users\/1"}],"replies":[{"embeddable":true,"href":"https:\/\/fundacoesufpel.com.br\/fdms\/wp-json\/wp\/v2\/comments?post=1279"}],"version-history":[{"count":20,"href":"https:\/\/fundacoesufpel.com.br\/fdms\/wp-json\/wp\/v2\/pages\/1279\/revisions"}],"predecessor-version":[{"id":6193,"href":"https:\/\/fundacoesufpel.com.br\/fdms\/wp-json\/wp\/v2\/pages\/1279\/revisions\/6193"}],"wp:attachment":[{"href":"https:\/\/fundacoesufpel.com.br\/fdms\/wp-json\/wp\/v2\/media?parent=1279"}],"curies":[{"name":"wp","href":"https:\/\/api.w.org\/{rel}","templated":true}]}}