{"id":68,"date":"2020-08-04T16:35:26","date_gmt":"2020-08-04T19:35:26","guid":{"rendered":"http:\/\/www2.fundacoesufpel.com.br\/fau-1\/?page_id=68"},"modified":"2020-11-27T15:20:05","modified_gmt":"2020-11-27T15:20:05","slug":"legislacao","status":"publish","type":"page","link":"https:\/\/fundacoesufpel.com.br\/fau\/legislacao\/","title":{"rendered":"Legisla\u00e7\u00e3o"},"content":{"rendered":"<div id=\"pl-68\"  class=\"panel-layout\" ><div id=\"pg-68-0\"  class=\"panel-grid panel-no-style\" ><div id=\"pgc-68-0-0\"  class=\"panel-grid-cell\" ><div class=\"documentos-orientacao panel-cell-style panel-cell-style-for-68-0-0\" ><div id=\"panel-68-0-0-0\" class=\"so-panel widget widget_themegrill_flash_heading tg-widget section-title-wrapper panel-first-child\" data-index=\"0\" ><div class=\"titulo-h3-reduzido-documentos panel-widget-style panel-widget-style-for-68-0-0-0\" >\t<h3 class=\"section-title\">Legisla\u00e7\u00e3o Federal:<\/h3>\n<\/div><\/div><div id=\"panel-68-0-0-1\" class=\"widget_text so-panel widget widget_custom_html\" data-index=\"1\" ><div class=\"textwidget custom-html-widget\"><div style=\"color:#7c7c7c; font-size:12px;\" >\n<a href=\"http:\/\/www.planalto.gov.br\/ccivil_03\/_ato2015-2018\/2016\/lei\/l13243.htm\">Lei n\u00ba 13.243, de 11 de janeiro de 2016<\/a> \u2013 Disp\u00f5e sobre est\u00edmulos ao desenvolvimento cient\u00edfico, \u00e0 pesquisa, \u00e0 capacita\u00e7\u00e3o cient\u00edfica e tecnol\u00f3gica e \u00e0 inova\u00e7\u00e3o e altera a Lei n\u00b0 10.973\/2004, a Lei n\u00b0 6.815\/1980, a Lei n\u00b0 8.666\/1993, a Lei n\u00b0 12.462\/2011, a Lei n\u00b0 8.745\/1993, a Lei n\u00b0 8.958\/1994, a Lei n\u00b0 8.010\/1990, a Lei n\u00b0 8.032\/1990, e a Lei n\u00b0 12.772\/2012, nos termos da Emenda Constitucional no 85, de 26 de fevereiro de 2015.<br><br>\n\n<a href=\"https:\/\/www.planalto.gov.br\/ccivil_03\/_ato2011-2014\/2014\/lei\/l13019.htm\">Lei N\u00ba 13.019, de 31 de julho de 2014<\/a> \u2013 Estabelece o regime jur\u00eddico das parcerias entre a administra\u00e7\u00e3o p\u00fablica e as organiza\u00e7\u00f5es da sociedade civil, em regime de m\u00fatua coopera\u00e7\u00e3o, para a consecu\u00e7\u00e3o de finalidades de interesse p\u00fablico e rec\u00edproco, mediante a execu\u00e7\u00e3o de atividades ou de projetos previamente estabelecidos em planos de trabalho inseridos em termos de colabora\u00e7\u00e3o, em termos de fomento ou em acordos de coopera\u00e7\u00e3o; define diretrizes para a pol\u00edtica de fomento, de colabora\u00e7\u00e3o e de coopera\u00e7\u00e3o com organiza\u00e7\u00f5es da sociedade civil; e altera as Leis nos 8.429, de 2 de junho de 1992, e 9.790, de 23 de mar\u00e7o de 1999.    (Reda\u00e7\u00e3o dada pela Lei n\u00ba 13.204, de 2015)<br><br>\n\n<a href=\"http:\/\/www.planalto.gov.br\/ccivil_03\/Leis\/L8958.htm\">Lei n\u00ba 8.958, de 20 de dezembro de 1994<\/a> \u2013 Disp\u00f5e sobre as rela\u00e7\u00f5es entre as institui\u00e7\u00f5es federais de ensino superior e de pesquisa cient\u00edfica e tecnol\u00f3gica e as funda\u00e7\u00f5es de apoio e d\u00e1 outras provid\u00eancias.<br><br>\n\n<a href=\"https:\/\/www.planalto.gov.br\/ccivil_03\/leis\/l8666cons.htm\">Lei n\u00ba 8.666, de 21 de junho de 1993<\/a> \u2013 Regulamenta o Art. 37, inciso XXI, da Constitui\u00e7\u00e3o Federal, institui normas para licita\u00e7\u00f5es e contratos da Administra\u00e7\u00e3o P\u00fablica e d\u00e1 outras provid\u00eancias.\n<\/div><\/div><\/div><div id=\"panel-68-0-0-2\" class=\"so-panel widget widget_themegrill_flash_heading tg-widget section-title-wrapper\" data-index=\"2\" ><div class=\"titulo-h3-reduzido-documentos panel-widget-style panel-widget-style-for-68-0-0-2\" >\t<h3 class=\"section-title\">Decretos Federais:<\/h3>\n<\/div><\/div><div id=\"panel-68-0-0-3\" class=\"widget_text so-panel widget widget_custom_html\" data-index=\"3\" ><div class=\"textwidget custom-html-widget\"><div style=\"color:#7c7c7c; font-size:12px;\" >\n<a href=\"http:\/\/www.planalto.gov.br\/ccivil_03\/_ato2015-2018\/2016\/Decreto\/D8726.htm\">Decreto n\u00ba 8.726, de 27 de abril de 2016<\/a> \u2013 Regulamenta a Lei n\u00ba 13.019, de 31 de julho de 2014, para dispor sobre regras e procedimentos do regime jur\u00eddico das parcerias celebradas entre a administra\u00e7\u00e3o p\u00fablica federal e as organiza\u00e7\u00f5es da sociedade civil.<br><br>\n\n<a href=\"https:\/\/www.planalto.gov.br\/ccivil_03\/_ato2011-2014\/2014\/decreto\/d8241.htm\">Decreto n\u00ba 8.241, de 21 de maio de 2014<\/a> \u2013 Regulamenta o Art. 3\u00b0 da Lei n\u00b0 8.958, de 20 de dezembro de 1994, para dispor sobre a aquisi\u00e7\u00e3o de bens e a contrata\u00e7\u00e3o de obras e servi\u00e7os pelas funda\u00e7\u00f5es de apoio.<br><br>\n\n<a href=\"http:\/\/www.planalto.gov.br\/ccivil_03\/_Ato2007-2010\/2010\/Decreto\/D7423.htm\">Decreto n\u00ba 7.423, de 31 de dezembro de 2010<\/a> \u2013 Regulamenta a Lei no 8.958, de 20 de dezembro de 1994, que disp\u00f5e sobre as rela\u00e7\u00f5es entre as institui\u00e7\u00f5es federais de ensino superior e de pesquisa cient\u00edfica e tecnol\u00f3gica e as funda\u00e7\u00f5es de apoio, e revoga o Decreto no 5.205, de 14 de setembro de 2004.<br><br>\n\n<a href=\"http:\/\/www.planalto.gov.br\/ccivil_03\/_Ato2004-2006\/2006\/Decreto\/D5992.htm\">Decreto n\u00ba 5.992, de 19 de dezembro de 2006<\/a> \u2013 Disp\u00f5e sobre a concess\u00e3o de di\u00e1rias no \u00e2mbito da administra\u00e7\u00e3o federal direta, aut\u00e1rquica e fundacional, e d\u00e1 outras provid\u00eancias.\n<\/div><\/div><\/div><div id=\"panel-68-0-0-4\" class=\"so-panel widget widget_themegrill_flash_heading tg-widget section-title-wrapper\" data-index=\"4\" ><div class=\"titulo-h3-reduzido-documentos panel-widget-style panel-widget-style-for-68-0-0-4\" >\t<h3 class=\"section-title\">Portarias:<\/h3>\n<\/div><\/div><div id=\"panel-68-0-0-5\" class=\"widget_text so-panel widget widget_custom_html\" data-index=\"5\" ><div class=\"textwidget custom-html-widget\"><div style=\"color:#7c7c7c; font-size:12px;\" >\n<a href=\"http:\/\/portal.convenios.gov.br\/legislacao\/portarias\/portaria-interministerial-n-507-de-24-de-novembro-de-2011\">Portaria Interministerial n\u00ba 507, de 24 de novembro de 2011<\/a> \u2013 Esta Portaria regula os conv\u00eanios, os contratos de repasse e os termos de coopera\u00e7\u00e3o celebrados pelos \u00f3rg\u00e3os e entidades da Administra\u00e7\u00e3o P\u00fablica Federal com \u00f3rg\u00e3os ou entidades p\u00fablicas ou privadas sem fins lucrativos para a execu\u00e7\u00e3o de programas, projetos e atividades de interesse rec\u00edproco, que envolvam a transfer\u00eancia de recursos financeiros oriundos do Or\u00e7amento Fiscal e da Seguridade Social da Uni\u00e3o.<br><br>\n<a href=\"http:\/\/plataformamaisbrasil.gov.br\/legislacao\/portarias\/portaria-interministerial-n-424-de-30-de-dezembro-de-2016\" >Portaria Interministerial n\u00ba 424, de 30 de dezembro de 2016<\/a> - Estabelece normas para execu\u00e7\u00e3o do estabelecido no Decreto n\u00ba 6.170, de 25 de julho de 2007, que disp\u00f5e sobre as normas relativas \u00e0s transfer\u00eancias de recursos da Uni\u00e3o mediante conv\u00eanios e contratos de repasse, revoga a Portaria Interministerial n\u00ba 507\/MP\/MF\/CGU, de 24 de novembro de 2011 e d\u00e1 outras provid\u00eancias.\n<\/div><\/div><\/div><div id=\"panel-68-0-0-6\" class=\"so-panel widget widget_themegrill_flash_heading tg-widget section-title-wrapper\" data-index=\"6\" ><div class=\"titulo-h3-reduzido-documentos panel-widget-style panel-widget-style-for-68-0-0-6\" >\t<h3 class=\"section-title\">Portarias e Resolu\u00e7\u00f5es UFPEL:<\/h3>\n<\/div><\/div><div id=\"panel-68-0-0-7\" class=\"widget_text so-panel widget widget_custom_html\" data-index=\"7\" ><div class=\"textwidget custom-html-widget\"><div style=\"color:#7c7c7c; font-size:12px;\" >\n\t\n<a href=\"https:\/\/fundacoesufpel.com.br\/fdms\/wp-content\/uploads\/sites\/3\/2020\/11\/04-Portaria-GR-UFPel-858-2020_Despesas-administrativas-2020.pdf\">Portaria n\u00ba 858, de 08 de maio de 2020<\/a> - Estabelece as planilhas de custos operacionais referentes aos projetos executados com o apoio das Funda\u00e7\u00f5es de Apoio \u00e0 UFPel, calculados com base em crit\u00e9rios definidos.<br><br>\n\n<a href=\"https:\/\/fundacoesufpel.com.br\/fdms\/wp-content\/uploads\/sites\/3\/2020\/11\/PORTARIA-No-1099-DE-30-DE-JUNHO-DE-2020_Acompanhamento.pdf\">Portaria n\u00ba 1099<\/a>, de 30 de junho de 2020 - normatiza, no \u00e2mbito da Universidade Federal de Pelotas (UFPel), os procedimentos administrativos de acompanhamento e controle da execu\u00e7\u00e3o, fiscaliza\u00e7\u00e3o e avalia\u00e7\u00e3o de Conv\u00eanios, Contratos, Acordos e Termos regidos pela Lei n\u00ba 8.958\/1994 e pelo Decreto n\u00ba 6.170\/2007, que envolvam a transfer\u00eancia ou n\u00e3o de recursos financeiros, em que a UFPel figure como \u00f3rg\u00e3o concedente.<br><br>\n\n<a href=\"https:\/\/fundacoesufpel.com.br\/fdms\/wp-content\/uploads\/sites\/3\/2020\/11\/PORTARIA-No-1100-DE-30-DE-JUNHO-DE-2020_Celebracao-1.pdf\">Portaria n\u00ba 1100<\/a>, de 30 de junho de 2020 \u2013 Aprova as normas para formalizar os tr\u00e2mites de celebra\u00e7\u00e3o de instrumentos com Funda\u00e7\u00f5es de Apoio ou outras institui\u00e7\u00f5es p\u00fablicas ou privadas, com ou sem fins lucrativos.<br><br>\n\n<a href=\"https:\/\/fundacoesufpel.com.br\/fdms\/wp-content\/uploads\/sites\/3\/2020\/11\/PORTARIA-No-1120-DE-03-DE-JULHO-DE-2020_Retificacao-1099-2020.pdf\">Portaria n\u00ba 1120, de 03 de julho de 2020<\/a> - Promove altera\u00e7\u00f5es no texto da Portaria n\u00ba 1099, de 30 de junho de 2020.<br><br>\n\t\n<a href=\"http:\/\/www2.fundacoesufpel.com.br\/wp-content\/uploads\/2019\/07\/03-Portaria-GR-UFPel-899_2019_Despesas-Administrativas-2019.pdf\">Portaria N\u00ba 899 de 11 de abril de 2019<\/a> \u2013 Estabelecer a Planilha de Custos Operacionais referentes aos projetos executados com o apoio das Funda\u00e7\u00f5es da UFPel, calculados com base em crit\u00e9rios definidos, consoante determina\u00e7\u00e3o do Acord\u00e3o n\u00ba 5663\/2015.<br><br>\n\n<a href=\"http:\/\/www2.fundacoesufpel.com.br\/wp-content\/uploads\/2019\/07\/02-Portaria-GR_UFPel-2.198_2017_Despesas-Administrativas-2017.pdf\">Portaria N\u00ba 2.198 de 30 de outubro de 2017<\/a>  \u2013 Estabelecer a Planilha de Custos Operacionais referentes aos projetos executados com o apoio das Funda\u00e7\u00f5es da UFPel, calculados com base em crit\u00e9rios definidos, consoante determina\u00e7\u00e3o do Acord\u00e3o n\u00ba 5663\/2015.<br><br>\n\n<a href=\"http:\/\/www2.fundacoesufpel.com.br\/wp-content\/uploads\/2019\/07\/01-Portaria-GR-UFPel-1.308_2016_Despesas-Administrativas-2016.pdf\">Portaria N\u00ba 1.308 de 23 de setembro de 2016<\/a>  \u2013 Estabelecer a Planilha de Custos Operacionais referentes aos projetos executados com o apoio das Funda\u00e7\u00f5es da UFPel, calculados com base em crit\u00e9rios definidos, consoante determina\u00e7\u00e3o do Acord\u00e3o n\u00ba 5663\/2015.<br><br>\n\n<a href=\"http:\/\/www2.fundacoesufpel.com.br\/fau-1\/wp-content\/uploads\/sites\/7\/2020\/08\/Resolucao_02-2015_CONSUN-UFPEL.pdf\">CONSUN \u2013 Resolu\u00e7\u00e3o n\u00b0 02 de 27 de mar\u00e7o de 2015<\/a> \u2013 Aprova Normas Regulamentadoras da Rela\u00e7\u00e3o entra a Universidade Federal de Pelotas \u2013 UFPel e as Funda\u00e7\u00f5es de Apoio, assim como da formaliza\u00e7\u00e3o e execu\u00e7\u00e3o de conv\u00eanios e contratos, al\u00e9m de disciplinar a concess\u00e3o de bolsas.<br><br>\n\n<a href=\"http:\/\/www2.fundacoesufpel.com.br\/fau-1\/wp-content\/uploads\/sites\/7\/2020\/08\/Resolu%C3%A7%C3%A3o-COCEPE-10_2015-Unifica%C3%A7%C3%A3o-Projetos.pdf\">COCEPE \u2013 Resolu\u00e7\u00e3o n\u00b0 10 de 19 de fevereiro de 2015<\/a> \u2013 Disp\u00f5e sobre o Regulamento Geral dos Programas e Projetos de Ensino, Pesquisa e Extens\u00e3o da Universidade Federal de Pelotas \u2013 UFPel, e d\u00e1 outras provid\u00eancias.<br><br>\n\n<a href=\"http:\/\/www2.fundacoesufpel.com.br\/fau-1\/wp-content\/uploads\/sites\/7\/2020\/08\/Resolu%C3%A7%C3%A3o-COCEPE-20_2013-PROJETOS-ENSINO-ALT..pdf\">COCEPE \u2013 Resolu\u00e7\u00e3o n\u00b0 20 de 19 de dezembro de 2013<\/a> \u2013 Altera o caput 2\u00ba da Resolu\u00e7\u00e3o 01\/2008 do COCEPE.<br><br>\n\n<a href=\"http:\/\/www2.fundacoesufpel.com.br\/fau-1\/wp-content\/uploads\/sites\/7\/2020\/08\/Resolu%C3%A7%C3%A3o-COCEPE-16_2013-PROJETOS-EXTENSAO-Prazos.pdf\">COCEPE \u2013 Resolu\u00e7\u00e3o n\u00b0 16 de 24 de outubro de 2013<\/a> \u2013 Regulamenta os prazos de registro no Sistema de Informa\u00e7\u00f5es de Extens\u00e3o (SIEX) para projetos de extens\u00e3o e cultura financiados com recursos externos, ou ainda, originados de programas p\u00fablicos ou privados espec\u00edficos.<br><br>\n\n<a href=\"http:\/\/www2.fundacoesufpel.com.br\/fau-1\/wp-content\/uploads\/sites\/7\/2020\/08\/Resolu%C3%A7%C3%A3o-COCEPE-04-2013-PROJETOS-EXTENSAO.pdf\">COCEPE \u2013 Resolu\u00e7\u00e3o n\u00b0 04 de 21 de mar\u00e7o de 2013<\/a> \u2013 Revoga a Resolu\u00e7\u00e3o n\u00b0 10, de 09 de novembro de 2006, que disp\u00f5e sobre o Regulamento Geral das Atividades Extensionistas e Culturais na Universidade Federal de Pelotas \u2013 UFPel, e da outras provid\u00eancias.<br><br>\n\n<a href=\"http:\/\/www2.fundacoesufpel.com.br\/fau-1\/wp-content\/uploads\/sites\/7\/2020\/08\/Resolu%C3%A7%C3%A3o-COCEPE-01_2008-PROJETOS-ENSINO.pdf\">COCEPE \u2013 Resolu\u00e7\u00e3o n\u00b0 01 de 08 de maio de 2008<\/a> \u2013 Disp\u00f5e sobre a normatiza\u00e7\u00e3o dos Projetos de Ensino.<br><br>\n\t\n<a href=\"https:\/\/fundacoesufpel.com.br\/fdms\/wp-content\/uploads\/sites\/3\/2020\/11\/Resolucao_15-2019_CONSUN.pdf\">CONSUN - Resolu\u00e7\u00e3o n\u00ba 15, de 19 de setembro de 2019<\/a> - APROVA Normas Regulamentadoras da Rela\u00e7\u00e3o entre a Universidade Federal de Pelotas (UFPel) e as Funda\u00e7\u00f5es de Apoio, assim como disciplinar a concess\u00e3o de bolsas por essas.<br><br>\n\n<a href=\"https:\/\/wp.ufpel.edu.br\/convenios\/normas-internas\/\">NORMAS INTERNAS E  LEGISLA\u00c7\u00c3O<\/a> - Por Coordena\u00e7\u00e3o de Conv\u00eanios e Contratos - CCONC\/UFPel<br><br>\n<\/div><\/div><\/div><div id=\"panel-68-0-0-8\" class=\"so-panel widget widget_themegrill_flash_heading tg-widget section-title-wrapper\" data-index=\"8\" ><div class=\"titulo-h3-reduzido-documentos panel-widget-style panel-widget-style-for-68-0-0-8\" >\t<h3 class=\"section-title\">Legisla\u00e7\u00e3o Disponibilizada pelo CONFIES:<\/h3>\n<\/div><\/div><div id=\"panel-68-0-0-9\" class=\"widget_text so-panel widget widget_custom_html\" data-index=\"9\" ><div class=\"textwidget custom-html-widget\"><div style=\"color:#7c7c7c; font-size:12px;\" >\n<a href=\"http:\/\/confies.org.br\/institucional\/legislacao\/\">LEGISLA\u00c7\u00c3O FEDERAL \/ DECRETOS FEDERAIS \/ PORTARIAS<\/a> \u2013 por CONFIES\n<\/div><\/div><\/div><div id=\"panel-68-0-0-10\" class=\"so-panel widget widget_themegrill_flash_heading tg-widget section-title-wrapper\" data-index=\"10\" ><div class=\"titulo-h3-reduzido-documentos panel-widget-style panel-widget-style-for-68-0-0-10\" >\t<h3 class=\"section-title\">Legisla\u00e7\u00e3o Disponibilizada pelo PORTAL DE CONV\u00caNIOS:<\/h3>\n<\/div><\/div><div id=\"panel-68-0-0-11\" class=\"widget_text so-panel widget widget_custom_html panel-last-child\" data-index=\"11\" ><div class=\"textwidget custom-html-widget\"><div style=\"color:#7c7c7c; font-size:12px;\" >\n<a href=\"http:\/\/plataformamaisbrasil.gov.br\/legislacao?view=default\">LEIS \/ DECRETOS \/ PORTARIAS \/ INSTRU\u00c7\u00d5ES NORMATIVAS \/ JURISPRUD\u00caNCIA<\/a> \u2013 por Portal de Conv\u00eanios\n<\/div><\/div><\/div><\/div><\/div><div id=\"pgc-68-0-1\"  class=\"panel-grid-cell\" ><div class=\"documentos-orientacao panel-cell-style panel-cell-style-for-68-0-1\" ><div id=\"panel-68-0-1-0\" class=\"so-panel widget widget_themegrill_flash_service tg-widget tg-single-service panel-first-child panel-last-child\" data-index=\"12\" ><div class=\"itens-fau panel-widget-style panel-widget-style-for-68-0-1-0\" >\n<div class=\"tg-service-widget tg-service-layout-1\">\n\t<div class=\"service-wrapper\">\n\t\t<div class=\"service-icon-title-wrapper clearfix\">\n\t\t\t\t\t\t<div class=\"service-icon-wrap\"><i class=\"fa fa-pencil-square-o\"><\/i><\/div>\n\t\t\t\t\t\t\t\t\t\t\t\t<h3 class=\"service-title-wrap\">\n\t\t\t\t\t\t\t\t<a href=\"https:\/\/fundacoesufpel.com.br\/fau\/ordens-internas-documentos-orientacao\/\">\n\t\t\t\tOrdens Internas \/ Documentos \/ Orienta\u00e7\u00e3o\t\t\t\t\t\t\t\t<\/a>\n\t\t\t\t\t\t\t<\/h3>\n\t\t\t\t\t<\/div>\n\t\t\t\t\t\t<a class=\"service-more\" href=\"https:\/\/fundacoesufpel.com.br\/fau\/ordens-internas-documentos-orientacao\/\"><\/a>\n\t\t\t<\/div>\n<\/div>\n<\/div><\/div><\/div><\/div><\/div><\/div>","protected":false},"excerpt":{"rendered":"<p>Legisla\u00e7\u00e3o Federal: Lei n\u00ba 13.243, de 11 de janeiro de 2016 \u2013 Disp\u00f5e sobre est\u00edmulos ao desenvolvimento cient\u00edfico, \u00e0 pesquisa, [&hellip;]<\/p>\n","protected":false},"author":1,"featured_media":0,"parent":0,"menu_order":0,"comment_status":"closed","ping_status":"closed","template":"page-templates\/full-width.php","meta":{"jetpack_post_was_ever_published":false,"footnotes":""},"class_list":["post-68","page","type-page","status-publish","hentry"],"jetpack_sharing_enabled":true,"jetpack_likes_enabled":true,"jetpack-related-posts":[],"jetpack_shortlink":"https:\/\/wp.me\/Pcrxge-16","_links":{"self":[{"href":"https:\/\/fundacoesufpel.com.br\/fau\/wp-json\/wp\/v2\/pages\/68","targetHints":{"allow":["GET"]}}],"collection":[{"href":"https:\/\/fundacoesufpel.com.br\/fau\/wp-json\/wp\/v2\/pages"}],"about":[{"href":"https:\/\/fundacoesufpel.com.br\/fau\/wp-json\/wp\/v2\/types\/page"}],"author":[{"embeddable":true,"href":"https:\/\/fundacoesufpel.com.br\/fau\/wp-json\/wp\/v2\/users\/1"}],"replies":[{"embeddable":true,"href":"https:\/\/fundacoesufpel.com.br\/fau\/wp-json\/wp\/v2\/comments?post=68"}],"version-history":[{"count":10,"href":"https:\/\/fundacoesufpel.com.br\/fau\/wp-json\/wp\/v2\/pages\/68\/revisions"}],"predecessor-version":[{"id":2523,"href":"https:\/\/fundacoesufpel.com.br\/fau\/wp-json\/wp\/v2\/pages\/68\/revisions\/2523"}],"wp:attachment":[{"href":"https:\/\/fundacoesufpel.com.br\/fau\/wp-json\/wp\/v2\/media?parent=68"}],"curies":[{"name":"wp","href":"https:\/\/api.w.org\/{rel}","templated":true}]}}