{"id":642,"date":"2017-01-02T08:28:52","date_gmt":"2017-01-02T08:28:52","guid":{"rendered":"https:\/\/demo.themegrill.com\/flash-default-2\/?page_id=5"},"modified":"2021-01-08T15:38:20","modified_gmt":"2021-01-08T15:38:20","slug":"home","status":"publish","type":"page","link":"https:\/\/fundacoesufpel.com.br\/fau\/","title":{"rendered":"Home"},"content":{"rendered":"<div id=\"pl-642\"  class=\"panel-layout\" ><div id=\"pg-642-0\"  class=\"panel-grid panel-has-style\" ><div class=\"siteorigin-panels-stretch panel-row-style panel-row-style-for-642-0\" data-stretch-type=\"full\" ><div id=\"pgc-642-0-0\"  class=\"panel-grid-cell\" ><\/div><\/div><\/div><div id=\"pg-642-1\"  class=\"panel-grid panel-has-style\" ><div class=\"panel-row-style panel-row-style-for-642-1\" ><div id=\"pgc-642-1-0\"  class=\"panel-grid-cell\" ><div id=\"panel-642-1-0-0\" class=\"so-panel widget widget_themegrill_flash_heading tg-widget section-title-wrapper panel-first-child\" data-index=\"1\" >\t<h3 class=\"section-title\">\u00daltimas Not\u00edcias<\/h3>\n<\/div><div id=\"panel-642-1-0-1\" class=\"widget_text so-panel widget widget_custom_html\" data-index=\"2\" ><div class=\"textwidget custom-html-widget\"><a class=\"ver-todas-as-noticias\" href=\"https:\/\/fundacoesufpel.com.br\/fau\/category\/noticias\/\">ver todas as not\u00edcias<\/a><\/div><\/div><div id=\"panel-642-1-0-2\" class=\"widget_text so-panel widget widget_custom_html panel-last-child\" data-index=\"3\" ><div class=\"textwidget custom-html-widget\"><div class=\"carousel-slider-outer carousel-slider-outer-post-carousel carousel-slider-outer-2746\" style=\"--carousel-slider-nav-color:#2065e5;--carousel-slider-active-nav-color:#0036d8;--carousel-slider-arrow-size:75px;--carousel-slider-bullet-size:10px\">\n<div id=\"&#039;id-2746\" class=\"carousel-slider carousel-slider-2746 arrows-visibility-always dots-visibility-always arrows-outside dots-center dots-circle owl-carousel\" data-slide-type=\"post-carousel\" data-owl-settings='{\"nav\":true,\"dots\":true,\"slideBy\":1,\"stagePadding\":0,\"margin\":10,\"loop\":true,\"lazyLoad\":true,\"autoplay\":true,\"autoplayTimeout\":5000,\"autoplaySpeed\":500,\"autoplayHoverPause\":false,\"autoWidth\":false,\"responsive\":{\"300\":{\"items\":1},\"576\":{\"items\":2},\"768\":{\"items\":2},\"1024\":{\"items\":3},\"1280\":{\"items\":4},\"1536\":{\"items\":5}}}'>\n<div class=\"carousel-slider__post\">\n\t<div class=\"carousel-slider__post-content\">\n\t\t<div class=\"carousel-slider__post-header\">\n\t\t\t<a class=\"carousel-slider__post-image\" href=\"https:\/\/fundacoesufpel.com.br\/fau\/2021\/06\/01\/fundacoes-de-apoio-a-ufpel-decretam-ponto-facultativo-no-dia-04-de-junho-de-2021\/\" style=\"background-image: url(https:\/\/i0.wp.com\/fundacoesufpel.com.br\/fau\/wp-content\/uploads\/sites\/2\/2021\/06\/Comunidaco-Ponto-Facultativo.jpeg?resize=288%2C192&#038;ssl=1)\"><\/a>\t\t\t<a class=\"carousel-slider__post-title\" href=\"https:\/\/fundacoesufpel.com.br\/fau\/2021\/06\/01\/fundacoes-de-apoio-a-ufpel-decretam-ponto-facultativo-no-dia-04-de-junho-de-2021\/\">\n\t\t\t\t<h2>Funda\u00e7\u00f5es de Apoio \u00e0 UFPel decretam ponto facultativo no dia 04 de junho de 2021.<\/h2>\n\t\t\t<\/a>\n\t\t<\/div>\n\t\t<div class=\"carousel-slider__post-excerpt\">\n\t\t\tConforme Decreto Municipal 6.413 de&nbsp;28 de maio&nbsp;de 2021, que determina o fechamento de todas as atividades no \u00e2mbito do munic\u00edpio ...\t\t<\/div>\n\t\t<footer class=\"carousel-slider__post-meta\">\n\t\t\t<div class=\"carousel-slider__post-publication-meta\">\n\t\t\t\t<div class=\"carousel-slider__post-details-info\">\n\t\t\t\t\t<div class=\"carousel-slider__post-author\">\n\t\t\t\t\t\t<a class=\"carousel-slider__post-author-link\"\n\t\t\t\t\t\t   href=\"https:\/\/fundacoesufpel.com.br\/fau\/author\/admin\/\">\n\t\t\t\t\t\t\tadmin\t\t\t\t\t\t<\/a>\n\t\t\t\t\t<\/div>\n\t\t\t\t\t<time class=\"carousel-slider__post-publication-date\"\n\t\t\t\t\t\t  datetime=\"2021-06-01T18:22:51+00:00\">\n\t\t\t\t\t\t1 de junho, 2021\t\t\t\t\t<\/time>\n\t\t\t\t<\/div>\n\t\t\t<\/div>\n\t\t\t\t\t\t\t<div class=\"carousel-slider__post-category\">\n\t\t\t\t\t<a class=\"carousel-slider__post-category-link\"\n\t\t\t\t\t   href=\"https:\/\/fundacoesufpel.com.br\/fau\/category\/noticias\/\">\n\t\t\t\t\t\tNot\u00edcias\t\t\t\t\t<\/a>\n\t\t\t\t<\/div>\n\t\t\t\t\t<\/footer>\n\t<\/div>\n<\/div>\n<div class=\"carousel-slider__post\">\n\t<div class=\"carousel-slider__post-content\">\n\t\t<div class=\"carousel-slider__post-header\">\n\t\t\t<a class=\"carousel-slider__post-image\" href=\"https:\/\/fundacoesufpel.com.br\/fau\/2021\/01\/06\/recredenciamento-fau\/\" style=\"background-image: url(https:\/\/i0.wp.com\/fundacoesufpel.com.br\/fau\/wp-content\/uploads\/sites\/2\/2020\/12\/fau-5-anos.png?resize=288%2C192&#038;ssl=1)\"><\/a>\t\t\t<a class=\"carousel-slider__post-title\" href=\"https:\/\/fundacoesufpel.com.br\/fau\/2021\/01\/06\/recredenciamento-fau\/\">\n\t\t\t\t<h2>Recredenciamento da Funda\u00e7\u00e3o de Apoio Universit\u00e1rio-FAU<\/h2>\n\t\t\t<\/a>\n\t\t<\/div>\n\t\t<div class=\"carousel-slider__post-excerpt\">\n\t\t\tMinist\u00e9rio da Educa\u00e7\u00e3o-MEC autoriza o recredenciamento da Funda\u00e7\u00e3o de Apoio Universit\u00e1rio-FAU para continuar atuando como Funda\u00e7\u00e3o de Apoio \u00e0 UFPel ...\t\t<\/div>\n\t\t<footer class=\"carousel-slider__post-meta\">\n\t\t\t<div class=\"carousel-slider__post-publication-meta\">\n\t\t\t\t<div class=\"carousel-slider__post-details-info\">\n\t\t\t\t\t<div class=\"carousel-slider__post-author\">\n\t\t\t\t\t\t<a class=\"carousel-slider__post-author-link\"\n\t\t\t\t\t\t   href=\"https:\/\/fundacoesufpel.com.br\/fau\/author\/admin\/\">\n\t\t\t\t\t\t\tadmin\t\t\t\t\t\t<\/a>\n\t\t\t\t\t<\/div>\n\t\t\t\t\t<time class=\"carousel-slider__post-publication-date\"\n\t\t\t\t\t\t  datetime=\"2021-01-06T19:27:53+00:00\">\n\t\t\t\t\t\t6 de janeiro, 2021\t\t\t\t\t<\/time>\n\t\t\t\t<\/div>\n\t\t\t<\/div>\n\t\t\t\t\t\t\t<div class=\"carousel-slider__post-category\">\n\t\t\t\t\t<a class=\"carousel-slider__post-category-link\"\n\t\t\t\t\t   href=\"https:\/\/fundacoesufpel.com.br\/fau\/category\/noticias\/\">\n\t\t\t\t\t\tNot\u00edcias\t\t\t\t\t<\/a>\n\t\t\t\t<\/div>\n\t\t\t\t\t<\/footer>\n\t<\/div>\n<\/div>\n<\/div><!-- .carousel-slider-2746 -->\n<\/div><!-- .carousel-slider-outer-2746 -->\n<\/div><\/div><\/div><\/div><\/div><div id=\"pg-642-2\"  class=\"panel-grid panel-has-style\" ><div class=\"siteorigin-panels-stretch panel-row-style panel-row-style-for-642-2\" data-stretch-type=\"full\" ><div id=\"pgc-642-2-0\"  class=\"panel-grid-cell\" ><div id=\"panel-642-2-0-0\" class=\"so-panel widget widget_themegrill_flash_heading tg-widget section-title-wrapper panel-first-child\" data-index=\"4\" >\t<h3 class=\"section-title\">CONHE\u00c7A OS NOSSOS PROJETOS<\/h3>\n<\/div><div id=\"panel-642-2-0-1\" class=\"so-panel widget widget_siteorigin-panels-builder panel-last-child\" data-index=\"5\" ><div id=\"pl-w5fc11dd7b113f\"  class=\"panel-layout\" ><div id=\"pg-w5fc11dd7b113f-0\"  class=\"panel-grid panel-no-style\" ><div id=\"pgc-w5fc11dd7b113f-0-0\"  class=\"panel-grid-cell\" ><div id=\"panel-w5fc11dd7b113f-0-0-0\" class=\"so-panel widget widget_themegrill_flash_image tg-widget tg-image-widget panel-first-child panel-last-child\" data-index=\"0\" >\t<a href=\"https:\/\/fundacoesufpel.com.br\/fau\/projetos-em-andamento\/\"><img decoding=\"async\" src=\"https:\/\/fundacoesufpel.com.br\/fau\/wp-content\/uploads\/sites\/2\/2020\/11\/projetos_em_andamento_fau.png\" \/><\/a>\n<\/div><\/div><div id=\"pgc-w5fc11dd7b113f-0-1\"  class=\"panel-grid-cell\" ><div id=\"panel-w5fc11dd7b113f-0-1-0\" class=\"so-panel widget widget_themegrill_flash_image tg-widget tg-image-widget panel-first-child panel-last-child\" data-index=\"1\" >\t<a href=\"https:\/\/fundacoesufpel.com.br\/fau\/projetos-encerrados\/\"><img decoding=\"async\" src=\"https:\/\/fundacoesufpel.com.br\/fau\/wp-content\/uploads\/sites\/2\/2020\/11\/projetos_encerrados_fau.png\" \/><\/a>\n<\/div><\/div><div id=\"pgc-w5fc11dd7b113f-0-2\"  class=\"panel-grid-cell\" ><div id=\"panel-w5fc11dd7b113f-0-2-0\" class=\"so-panel widget widget_themegrill_flash_image tg-widget tg-image-widget panel-first-child panel-last-child\" data-index=\"2\" >\t<a href=\"https:\/\/fundacoesufpel.com.br\/fau\/solucoes\/\"><img decoding=\"async\" src=\"https:\/\/fundacoesufpel.com.br\/fau\/wp-content\/uploads\/sites\/2\/2020\/11\/solucoes_fau.png\" \/><\/a>\n<\/div><\/div><div id=\"pgc-w5fc11dd7b113f-0-3\"  class=\"panel-grid-cell\" ><div id=\"panel-w5fc11dd7b113f-0-3-0\" class=\"so-panel widget widget_themegrill_flash_image tg-widget tg-image-widget panel-first-child panel-last-child\" data-index=\"3\" >\t<a href=\"https:\/\/fundacoesufpel.com.br\/fau\/primeiros-passos\/\"><img decoding=\"async\" src=\"https:\/\/fundacoesufpel.com.br\/fau\/wp-content\/uploads\/sites\/2\/2020\/11\/primeiros_passos_fau.png\" \/><\/a>\n<\/div><\/div><\/div><\/div><\/div><\/div><\/div><\/div><div id=\"pg-642-3\"  class=\"panel-grid panel-has-style\" ><div class=\"panel-row-style panel-row-style-for-642-3\" ><div id=\"pgc-642-3-0\"  class=\"panel-grid-cell\" ><div id=\"panel-642-3-0-0\" class=\"so-panel widget widget_themegrill_flash_heading tg-widget section-title-wrapper panel-first-child panel-last-child\" data-index=\"6\" >\t<h3 class=\"section-title\">Cursos e Eventos<\/h3>\n<\/div><\/div><\/div><\/div><div id=\"pg-642-4\"  class=\"panel-grid panel-has-style\" ><div class=\"panel-row-style panel-row-style-for-642-4\" ><div id=\"pgc-642-4-0\"  class=\"panel-grid-cell\" ><div id=\"panel-642-4-0-0\" class=\"so-panel widget widget_themegrill_flash_service tg-widget tg-single-service panel-first-child panel-last-child\" data-index=\"7\" >\n<div class=\"tg-service-widget tg-service-layout-1\">\n\t<div class=\"service-wrapper\">\n\t\t<div class=\"service-icon-title-wrapper clearfix\">\n\t\t\t\t\t\t<div class=\"service-icon-wrap\"><i class=\"fa fa-calendar-check-o\"><\/i><\/div>\n\t\t\t\t\t\t\t\t\t\t\t\t<h3 class=\"service-title-wrap\">\n\t\t\t\t\t\t\t\t<a href=\"https:\/\/fundacoesufpel.com.br\/fau\/category\/cursos-e-eventos\/eventos-em-andamento\/\">\n\t\t\t\tEVENTOS ABERTOS\t\t\t\t\t\t\t\t<\/a>\n\t\t\t\t\t\t\t<\/h3>\n\t\t\t\t\t<\/div>\n\t\t\t\t\t\t<a class=\"service-more\" href=\"https:\/\/fundacoesufpel.com.br\/fau\/category\/cursos-e-eventos\/eventos-em-andamento\/\"><\/a>\n\t\t\t<\/div>\n<\/div>\n<\/div><\/div><div id=\"pgc-642-4-1\"  class=\"panel-grid-cell\" ><div id=\"panel-642-4-1-0\" class=\"so-panel widget widget_themegrill_flash_service tg-widget tg-single-service panel-first-child panel-last-child\" data-index=\"8\" >\n<div class=\"tg-service-widget tg-service-layout-1\">\n\t<div class=\"service-wrapper\">\n\t\t<div class=\"service-icon-title-wrapper clearfix\">\n\t\t\t\t\t\t<div class=\"service-icon-wrap\"><i class=\"fa fa-calendar-plus-o\"><\/i><\/div>\n\t\t\t\t\t\t\t\t\t\t\t\t<h3 class=\"service-title-wrap\">\n\t\t\t\t\t\t\t\t<a href=\"https:\/\/fundacoesufpel.com.br\/fau\/category\/cursos-e-eventos\/proximos-eventos\/\">\n\t\t\t\tPR\u00d3XIMOS EVENTOS\t\t\t\t\t\t\t\t<\/a>\n\t\t\t\t\t\t\t<\/h3>\n\t\t\t\t\t<\/div>\n\t\t\t\t\t\t<a class=\"service-more\" href=\"https:\/\/fundacoesufpel.com.br\/fau\/category\/cursos-e-eventos\/proximos-eventos\/\"><\/a>\n\t\t\t<\/div>\n<\/div>\n<\/div><\/div><div id=\"pgc-642-4-2\"  class=\"panel-grid-cell\" ><div id=\"panel-642-4-2-0\" class=\"so-panel widget widget_themegrill_flash_service tg-widget tg-single-service panel-first-child panel-last-child\" data-index=\"9\" >\n<div class=\"tg-service-widget tg-service-layout-1\">\n\t<div class=\"service-wrapper\">\n\t\t<div class=\"service-icon-title-wrapper clearfix\">\n\t\t\t\t\t\t<div class=\"service-icon-wrap\"><i class=\"fa fa-calendar-o\"><\/i><\/div>\n\t\t\t\t\t\t\t\t\t\t\t\t<h3 class=\"service-title-wrap\">\n\t\t\t\t\t\t\t\t<a href=\"https:\/\/fundacoesufpel.com.br\/fau\/category\/cursos-e-eventos\/eventos-realizados\/\">\n\t\t\t\tEVENTOS REALIZADOS\t\t\t\t\t\t\t\t<\/a>\n\t\t\t\t\t\t\t<\/h3>\n\t\t\t\t\t<\/div>\n\t\t\t\t\t\t<a class=\"service-more\" href=\"https:\/\/fundacoesufpel.com.br\/fau\/category\/cursos-e-eventos\/eventos-realizados\/\"><\/a>\n\t\t\t<\/div>\n<\/div>\n<\/div><\/div><\/div><\/div><div id=\"pg-642-5\"  class=\"panel-grid panel-has-style\" ><div class=\"so-parallax siteorigin-panels-stretch panel-row-style panel-row-style-for-642-5\" data-stretch-type=\"full-stretched\" ><div id=\"pgc-642-5-0\"  class=\"panel-grid-cell\" ><div id=\"panel-642-5-0-0\" class=\"so-panel widget widget_blog_subscription jetpack_subscription_widget panel-first-child panel-last-child\" data-index=\"10\" ><div class=\"inscricao panel-widget-style panel-widget-style-for-642-5-0-0\" ><h3 class=\"widget-title\">INSCREVA-SE PARA RECEBER NOVIDADES DA FUNDA\u00c7\u00c3O<\/h3>\n\t\t\t<div class=\"wp-block-jetpack-subscriptions__container\">\n\t\t\t<form action=\"#\" method=\"post\" accept-charset=\"utf-8\" id=\"subscribe-blog-widget-5-0-0\"\n\t\t\t\tdata-blog=\"183878746\"\n\t\t\t\tdata-post_access_level=\"everybody\" >\n\t\t\t\t\t\t\t\t\t<p id=\"subscribe-email\">\n\t\t\t\t\t\t<label id=\"jetpack-subscribe-label\"\n\t\t\t\t\t\t\tclass=\"screen-reader-text\"\n\t\t\t\t\t\t\tfor=\"subscribe-field-widget-5-0-0\">\n\t\t\t\t\t\t\tDigite aqui o seu e-mail\t\t\t\t\t\t<\/label>\n\t\t\t\t\t\t<input type=\"email\" name=\"email\" autocomplete=\"email\" required=\"required\"\n\t\t\t\t\t\t\t\t\t\t\t\t\t\t\t\t\t\t\t\t\tvalue=\"\"\n\t\t\t\t\t\t\tid=\"subscribe-field-widget-5-0-0\"\n\t\t\t\t\t\t\tplaceholder=\"Digite aqui o seu e-mail\"\n\t\t\t\t\t\t\/>\n\t\t\t\t\t<\/p>\n\n\t\t\t\t\t<p id=\"subscribe-submit\"\n\t\t\t\t\t\t\t\t\t\t\t>\n\t\t\t\t\t\t<input type=\"hidden\" name=\"action\" value=\"subscribe\"\/>\n\t\t\t\t\t\t<input type=\"hidden\" name=\"source\" value=\"https:\/\/fundacoesufpel.com.br\/fau\/wp-json\/wp\/v2\/pages\/642\"\/>\n\t\t\t\t\t\t<input type=\"hidden\" name=\"sub-type\" value=\"widget\"\/>\n\t\t\t\t\t\t<input type=\"hidden\" name=\"redirect_fragment\" value=\"subscribe-blog-widget-5-0-0\"\/>\n\t\t\t\t\t\t<input type=\"hidden\" id=\"_wpnonce\" name=\"_wpnonce\" value=\"bc39b09048\" \/><input type=\"hidden\" name=\"_wp_http_referer\" value=\"\/fau\/wp-json\/wp\/v2\/pages\/642\" \/>\t\t\t\t\t\t<button type=\"submit\"\n\t\t\t\t\t\t\t\t\t\t\t\t\t\t\tclass=\"wp-block-button__link\"\n\t\t\t\t\t\t\t\t\t\t\t\t\t\t\t\t\t\t\t\t\tname=\"jetpack_subscriptions_widget\"\n\t\t\t\t\t\t>\n\t\t\t\t\t\t\tassinar\t\t\t\t\t\t<\/button>\n\t\t\t\t\t<\/p>\n\t\t\t\t\t\t\t<\/form>\n\t\t\t\t\t\t<\/div>\n\t\t\t\n<\/div><\/div><\/div><\/div><\/div><div id=\"pg-642-6\"  class=\"panel-grid panel-has-style\" ><div class=\"panel-row-style panel-row-style-for-642-6\" ><div id=\"pgc-642-6-0\"  class=\"panel-grid-cell\" ><div id=\"panel-642-6-0-0\" class=\"so-panel widget widget_themegrill_flash_heading tg-widget section-title-wrapper panel-first-child panel-last-child\" data-index=\"11\" >\t<h3 class=\"section-title\">Links \u00dateis<\/h3>\n<\/div><\/div><\/div><\/div><div id=\"pg-642-7\"  class=\"panel-grid panel-no-style\" ><div id=\"pgc-642-7-0\"  class=\"panel-grid-cell panel-grid-cell-empty panel-grid-cell-mobile-last\" ><div class=\"panel-cell-style panel-cell-style-for-642-7-0\" ><\/div><\/div><div id=\"pgc-642-7-1\"  class=\"panel-grid-cell panel-grid-cell-empty\" ><div class=\"panel-cell-style panel-cell-style-for-642-7-1\" ><\/div><\/div><\/div><div id=\"pg-642-8\"  class=\"panel-grid panel-has-style\" ><div class=\"siteorigin-panels-stretch panel-row-style panel-row-style-for-642-8\" data-stretch-type=\"full\" ><div id=\"pgc-642-8-0\"  class=\"panel-grid-cell\" ><div class=\"panel-cell-style panel-cell-style-for-642-8-0\" ><div id=\"panel-642-8-0-0\" class=\"so-panel widget widget_themegrill_flash_image tg-widget tg-image-widget panel-first-child panel-last-child\" data-index=\"12\" >\t<a href=\"https:\/\/ufpel.edu.br\"><img decoding=\"async\" src=\"https:\/\/fundacoesufpel.com.br\/fau\/wp-content\/uploads\/sites\/2\/2020\/08\/upb.png\" \/><\/a>\n<\/div><\/div><\/div><div id=\"pgc-642-8-1\"  class=\"panel-grid-cell\" ><div class=\"panel-cell-style panel-cell-style-for-642-8-1\" ><div id=\"panel-642-8-1-0\" class=\"so-panel widget widget_themegrill_flash_image tg-widget tg-image-widget panel-first-child\" data-index=\"13\" >\t<a href=\"https:\/\/www.gov.br\/mec\/pt-br\"><img decoding=\"async\" src=\"https:\/\/fundacoesufpel.com.br\/fau\/wp-content\/uploads\/sites\/2\/2020\/08\/l10.png\" \/><\/a>\n<\/div><div id=\"panel-642-8-1-1\" class=\"so-panel widget widget_themegrill_flash_image tg-widget tg-image-widget panel-last-child\" data-index=\"14\" >\t<a href=\"https:\/\/wp.ufpel.edu.br\/convenios\/category\/cconc\/\"><img decoding=\"async\" src=\"https:\/\/fundacoesufpel.com.br\/fau\/wp-content\/uploads\/sites\/2\/2020\/09\/link1.png\" \/><\/a>\n<\/div><\/div><\/div><div id=\"pgc-642-8-2\"  class=\"panel-grid-cell\" ><div id=\"panel-642-8-2-0\" class=\"so-panel widget widget_themegrill_flash_image tg-widget tg-image-widget panel-first-child\" data-index=\"15\" >\t<a href=\"https:\/\/siconv.com.br\/\"><img decoding=\"async\" src=\"https:\/\/fundacoesufpel.com.br\/fau\/wp-content\/uploads\/sites\/2\/2020\/08\/l4.png\" \/><\/a>\n<\/div><div id=\"panel-642-8-2-1\" class=\"so-panel widget widget_themegrill_flash_image tg-widget tg-image-widget panel-last-child\" data-index=\"16\" >\t<a href=\"https:\/\/wp.ufpel.edu.br\/prppgi\/\"><img decoding=\"async\" src=\"https:\/\/fundacoesufpel.com.br\/fau\/wp-content\/uploads\/sites\/2\/2020\/09\/link2.png\" \/><\/a>\n<\/div><\/div><div id=\"pgc-642-8-3\"  class=\"panel-grid-cell\" ><div id=\"panel-642-8-3-0\" class=\"so-panel widget widget_themegrill_flash_image tg-widget tg-image-widget panel-first-child\" data-index=\"17\" >\t<a href=\"http:\/\/www.finep.gov.br\/\"><img decoding=\"async\" src=\"https:\/\/fundacoesufpel.com.br\/fau\/wp-content\/uploads\/sites\/2\/2020\/08\/l9.png\" \/><\/a>\n<\/div><div id=\"panel-642-8-3-1\" class=\"so-panel widget widget_themegrill_flash_image tg-widget tg-image-widget panel-last-child\" data-index=\"18\" >\t<a href=\"https:\/\/wp.ufpel.edu.br\/prec\/\"><img decoding=\"async\" src=\"https:\/\/fundacoesufpel.com.br\/fau\/wp-content\/uploads\/sites\/2\/2020\/09\/link3.png\" \/><\/a>\n<\/div><\/div><div id=\"pgc-642-8-4\"  class=\"panel-grid-cell\" ><div id=\"panel-642-8-4-0\" class=\"so-panel widget widget_themegrill_flash_image tg-widget tg-image-widget panel-first-child\" data-index=\"19\" >\t<a href=\"http:\/\/www.capes.gov.br\/\"><img decoding=\"async\" src=\"https:\/\/fundacoesufpel.com.br\/fau\/wp-content\/uploads\/sites\/2\/2020\/08\/l6.png\" \/><\/a>\n<\/div><div id=\"panel-642-8-4-1\" class=\"so-panel widget widget_themegrill_flash_image tg-widget tg-image-widget panel-last-child\" data-index=\"20\" >\t<a href=\"https:\/\/wp.ufpel.edu.br\/pre\/\"><img decoding=\"async\" src=\"https:\/\/fundacoesufpel.com.br\/fau\/wp-content\/uploads\/sites\/2\/2020\/09\/link4.png\" \/><\/a>\n<\/div><\/div><div id=\"pgc-642-8-5\"  class=\"panel-grid-cell\" ><div id=\"panel-642-8-5-0\" class=\"so-panel widget widget_themegrill_flash_image tg-widget tg-image-widget panel-first-child\" data-index=\"21\" >\t<a href=\"http:\/\/transparencia.gov.br\/\"><img decoding=\"async\" src=\"https:\/\/fundacoesufpel.com.br\/fau\/wp-content\/uploads\/sites\/2\/2020\/08\/pdat.png\" \/><\/a>\n<\/div><div id=\"panel-642-8-5-1\" class=\"so-panel widget widget_themegrill_flash_image tg-widget tg-image-widget panel-last-child\" data-index=\"22\" >\t<a href=\"http:\/\/confies.org.br\/institucional\/\"><img decoding=\"async\" src=\"https:\/\/fundacoesufpel.com.br\/fau\/wp-content\/uploads\/sites\/2\/2020\/09\/link5.png\" \/><\/a>\n<\/div><\/div><div id=\"pgc-642-8-6\"  class=\"panel-grid-cell\" ><div id=\"panel-642-8-6-0\" class=\"so-panel widget widget_themegrill_flash_image tg-widget tg-image-widget panel-first-child\" data-index=\"23\" >\t<a href=\"http:\/\/www.cnpq.br\/\"><img decoding=\"async\" src=\"https:\/\/fundacoesufpel.com.br\/fau\/wp-content\/uploads\/sites\/2\/2020\/08\/l7.png\" \/><\/a>\n<\/div><div id=\"panel-642-8-6-1\" class=\"so-panel widget widget_themegrill_flash_image tg-widget tg-image-widget panel-last-child\" data-index=\"24\" >\t<a href=\"https:\/\/www.licitacoes-e.com.br\/aop\/index.jsp\"><img decoding=\"async\" src=\"https:\/\/fundacoesufpel.com.br\/fau\/wp-content\/uploads\/sites\/2\/2020\/09\/link6.png\" \/><\/a>\n<\/div><\/div><\/div><\/div><div id=\"pg-642-9\"  class=\"panel-grid panel-no-style\" ><div id=\"pgc-642-9-0\"  class=\"panel-grid-cell panel-grid-cell-empty\" ><\/div><div id=\"pgc-642-9-1\"  class=\"panel-grid-cell panel-grid-cell-empty\" ><\/div><div id=\"pgc-642-9-2\"  class=\"panel-grid-cell panel-grid-cell-empty\" ><\/div><div id=\"pgc-642-9-3\"  class=\"panel-grid-cell panel-grid-cell-empty\" ><\/div><div id=\"pgc-642-9-4\"  class=\"panel-grid-cell panel-grid-cell-empty panel-grid-cell-mobile-last\" ><\/div><div id=\"pgc-642-9-5\"  class=\"panel-grid-cell panel-grid-cell-empty\" ><\/div><\/div><div id=\"pg-642-10\"  class=\"panel-grid panel-no-style\" ><div id=\"pgc-642-10-0\"  class=\"panel-grid-cell panel-grid-cell-empty\" ><\/div><div id=\"pgc-642-10-1\"  class=\"panel-grid-cell panel-grid-cell-empty\" ><\/div><div id=\"pgc-642-10-2\"  class=\"panel-grid-cell panel-grid-cell-empty\" ><\/div><div id=\"pgc-642-10-3\"  class=\"panel-grid-cell panel-grid-cell-empty\" ><\/div><div id=\"pgc-642-10-4\"  class=\"panel-grid-cell panel-grid-cell-empty panel-grid-cell-mobile-last\" ><\/div><div id=\"pgc-642-10-5\"  class=\"panel-grid-cell panel-grid-cell-empty\" ><\/div><\/div><\/div>","protected":false},"excerpt":{"rendered":"<p>\u00daltimas Not\u00edcias ver todas as not\u00edcias Funda\u00e7\u00f5es de Apoio \u00e0 UFPel decretam ponto facultativo no dia 04 de junho de [&hellip;]<\/p>\n","protected":false},"author":1,"featured_media":0,"parent":0,"menu_order":0,"comment_status":"closed","ping_status":"closed","template":"","meta":{"jetpack_post_was_ever_published":false,"footnotes":""},"class_list":["post-642","page","type-page","status-publish","hentry"],"jetpack_sharing_enabled":true,"jetpack_likes_enabled":true,"jetpack-related-posts":[],"jetpack_shortlink":"https:\/\/wp.me\/Pcrxge-am","_links":{"self":[{"href":"https:\/\/fundacoesufpel.com.br\/fau\/wp-json\/wp\/v2\/pages\/642","targetHints":{"allow":["GET"]}}],"collection":[{"href":"https:\/\/fundacoesufpel.com.br\/fau\/wp-json\/wp\/v2\/pages"}],"about":[{"href":"https:\/\/fundacoesufpel.com.br\/fau\/wp-json\/wp\/v2\/types\/page"}],"author":[{"embeddable":true,"href":"https:\/\/fundacoesufpel.com.br\/fau\/wp-json\/wp\/v2\/users\/1"}],"replies":[{"embeddable":true,"href":"https:\/\/fundacoesufpel.com.br\/fau\/wp-json\/wp\/v2\/comments?post=642"}],"version-history":[{"count":29,"href":"https:\/\/fundacoesufpel.com.br\/fau\/wp-json\/wp\/v2\/pages\/642\/revisions"}],"predecessor-version":[{"id":2805,"href":"https:\/\/fundacoesufpel.com.br\/fau\/wp-json\/wp\/v2\/pages\/642\/revisions\/2805"}],"wp:attachment":[{"href":"https:\/\/fundacoesufpel.com.br\/fau\/wp-json\/wp\/v2\/media?parent=642"}],"curies":[{"name":"wp","href":"https:\/\/api.w.org\/{rel}","templated":true}]}}