{"id":2855,"date":"2021-03-10T19:55:09","date_gmt":"2021-03-10T19:55:09","guid":{"rendered":"https:\/\/fundacoesufpel.com.br\/fau\/?page_id=2855"},"modified":"2022-10-28T11:51:58","modified_gmt":"2022-10-28T11:51:58","slug":"estatuto-e-escrituras-publicas","status":"publish","type":"page","link":"https:\/\/fundacoesufpel.com.br\/fau\/estatuto-e-escrituras-publicas\/","title":{"rendered":"Estatuto e Escrituras P\u00fablicas"},"content":{"rendered":"\n<div class=\"wp-block-file\"><a id=\"wp-block-file--media-88b1ce22-5840-44da-a558-a9a885b9f2bb\" href=\"https:\/\/fundacoesufpel.com.br\/fau\/wp-content\/uploads\/sites\/2\/2021\/03\/1-Escritura-Publica-de-Constituicao-FAU-Translado-1981.pdf\" target=\"_blank\" rel=\"noreferrer noopener\"><strong>Escritura P\u00fablica de Institui\u00e7\u00e3o e Cria\u00e7\u00e3o de Funda\u00e7\u00e3o- FAU&nbsp;&nbsp;10\/06\/1981<\/strong><\/a><a href=\"https:\/\/fundacoesufpel.com.br\/fau\/wp-content\/uploads\/sites\/2\/2021\/03\/1-Escritura-Publica-de-Constituicao-FAU-Translado-1981.pdf\" class=\"wp-block-file__button\" download aria-describedby=\"wp-block-file--media-88b1ce22-5840-44da-a558-a9a885b9f2bb\">Baixar<\/a><\/div>\n\n\n\n<div class=\"wp-block-file\"><a id=\"wp-block-file--media-b7f34b17-f880-4557-bdc3-af2d15e99079\" href=\"https:\/\/fundacoesufpel.com.br\/fau\/wp-content\/uploads\/sites\/2\/2021\/03\/2-Escritura-Publica-de-Alteracao-do-Estatuto-FAU-2007.pdf\" target=\"_blank\" rel=\"noreferrer noopener\"><strong>1\u00aa Altera\u00e7\u00e3o:<\/strong>&nbsp;Escritura P\u00fablica de Altera\u00e7\u00e3o de Estatuto Social da FAU-12\/06\/2007<\/a><a href=\"https:\/\/fundacoesufpel.com.br\/fau\/wp-content\/uploads\/sites\/2\/2021\/03\/2-Escritura-Publica-de-Alteracao-do-Estatuto-FAU-2007.pdf\" class=\"wp-block-file__button\" download aria-describedby=\"wp-block-file--media-b7f34b17-f880-4557-bdc3-af2d15e99079\">Baixar<\/a><\/div>\n\n\n\n<div class=\"wp-block-file\"><a id=\"wp-block-file--media-4d1fb81e-5bd8-40f2-98cc-ac1cebf4ad84\" href=\"https:\/\/fundacoesufpel.com.br\/fau\/wp-content\/uploads\/sites\/2\/2021\/03\/3-Escritura-Publica-de-Alteracao-de-Estatuto-FAU-2018.pdf\" target=\"_blank\" rel=\"noreferrer noopener\"><strong>2\u00aa Altera\u00e7\u00e3o:<\/strong>&nbsp;&nbsp;Escritura P\u00fablica de Altera\u00e7\u00e3o de Estatuto Social da FAU-10\/01\/2018<\/a><a href=\"https:\/\/fundacoesufpel.com.br\/fau\/wp-content\/uploads\/sites\/2\/2021\/03\/3-Escritura-Publica-de-Alteracao-de-Estatuto-FAU-2018.pdf\" class=\"wp-block-file__button\" download aria-describedby=\"wp-block-file--media-4d1fb81e-5bd8-40f2-98cc-ac1cebf4ad84\">Baixar<\/a><\/div>\n\n\n\n<div class=\"wp-block-file\"><a id=\"wp-block-file--media-2290d161-04cd-4dca-919c-399c6bc46f3b\" href=\"https:\/\/fundacoesufpel.com.br\/fau\/wp-content\/uploads\/sites\/2\/2021\/03\/4-Escritura-Publica-de-Alteracao-do-Estatuto-FAU-2019.pdf\" target=\"_blank\" rel=\"noreferrer noopener\"><strong>3\u00aa Altera\u00e7\u00e3o:&nbsp;<\/strong>&nbsp;Escritura P\u00fablica de Altera\u00e7\u00e3o de Estatuto Social da FAU-08\/08\/2019 &#8211; <strong><em>Estatuto Social Alterado em 2019 (vigente)<\/em><\/strong><\/a><a href=\"https:\/\/fundacoesufpel.com.br\/fau\/wp-content\/uploads\/sites\/2\/2021\/03\/4-Escritura-Publica-de-Alteracao-do-Estatuto-FAU-2019.pdf\" class=\"wp-block-file__button\" download aria-describedby=\"wp-block-file--media-2290d161-04cd-4dca-919c-399c6bc46f3b\">Baixar<\/a><\/div>\n\n\n\n<p class=\"has-medium-font-size\"><strong>Estatuto Social FAU<\/strong><\/p>\n\n\n\n<div class=\"wp-block-file\"><a id=\"wp-block-file--media-a07784a6-2d39-407c-a023-3ef901116c1b\" href=\"https:\/\/fundacoesufpel.com.br\/fau\/wp-content\/uploads\/sites\/2\/2021\/03\/1-Estatuto-Social-FAU-2013.pdf\" target=\"_blank\" rel=\"noreferrer noopener\"><strong>2013<\/strong><\/a><a href=\"https:\/\/fundacoesufpel.com.br\/fau\/wp-content\/uploads\/sites\/2\/2021\/03\/1-Estatuto-Social-FAU-2013.pdf\" class=\"wp-block-file__button\" download aria-describedby=\"wp-block-file--media-a07784a6-2d39-407c-a023-3ef901116c1b\">Baixar<\/a><\/div>\n\n\n\n<div class=\"wp-block-file\"><a id=\"wp-block-file--media-8279cca9-0572-47b4-8404-9f1954c62469\" href=\"https:\/\/fundacoesufpel.com.br\/fau\/wp-content\/uploads\/sites\/2\/2021\/03\/2-Estatuto-Social-FAU-2017-2018.pdf\" target=\"_blank\" rel=\"noreferrer noopener\"><strong>2017-2018<\/strong><\/a><a href=\"https:\/\/fundacoesufpel.com.br\/fau\/wp-content\/uploads\/sites\/2\/2021\/03\/2-Estatuto-Social-FAU-2017-2018.pdf\" class=\"wp-block-file__button\" download aria-describedby=\"wp-block-file--media-8279cca9-0572-47b4-8404-9f1954c62469\">Baixar<\/a><\/div>\n\n\n\n<div class=\"wp-block-file\"><a id=\"wp-block-file--media-4c651a35-10d1-44d5-8c8d-e70cbd4fffb5\" href=\"https:\/\/fundacoesufpel.com.br\/fau\/wp-content\/uploads\/sites\/2\/2021\/03\/3-Estatuto-Social-FAU-2019-aprovado-MP-e-Registrado.pdf\" target=\"_blank\" rel=\"noreferrer noopener\"><strong>2019 <\/strong><\/a><a href=\"https:\/\/fundacoesufpel.com.br\/fau\/wp-content\/uploads\/sites\/2\/2021\/03\/3-Estatuto-Social-FAU-2019-aprovado-MP-e-Registrado.pdf\" class=\"wp-block-file__button\" download aria-describedby=\"wp-block-file--media-4c651a35-10d1-44d5-8c8d-e70cbd4fffb5\">Baixar<\/a><\/div>\n\n\n\n<div class=\"wp-block-columns is-layout-flex wp-container-core-columns-is-layout-9d6595d7 wp-block-columns-is-layout-flex\">\n<div class=\"wp-block-column is-layout-flow wp-block-column-is-layout-flow\" style=\"flex-basis:100%\">\n<div class=\"wp-block-group\"><div class=\"wp-block-group__inner-container is-layout-flow wp-block-group-is-layout-flow\">\n<div class=\"wp-block-file\"><a id=\"wp-block-file--media-93967d5f-5dd8-4952-af64-9ae388796188\" href=\"https:\/\/fundacoesufpel.com.br\/fau\/wp-content\/uploads\/sites\/2\/2022\/10\/4-Estatuto-Social-FAU-2022-Aprovado-MP-e-Registrado-Pag-17-28.pdf\"><strong>2022 (vigente)<\/strong><\/a><a href=\"https:\/\/fundacoesufpel.com.br\/fau\/wp-content\/uploads\/sites\/2\/2022\/10\/4-Estatuto-Social-FAU-2022-Aprovado-MP-e-Registrado-Pag-17-28.pdf\" class=\"wp-block-file__button\" download aria-describedby=\"wp-block-file--media-93967d5f-5dd8-4952-af64-9ae388796188\">Baixar<\/a><\/div>\n<\/div><\/div>\n<\/div>\n<\/div>\n","protected":false},"excerpt":{"rendered":"<p>Estatuto Social FAU<\/p>\n","protected":false},"author":1,"featured_media":0,"parent":0,"menu_order":0,"comment_status":"closed","ping_status":"closed","template":"","meta":{"jetpack_post_was_ever_published":false,"footnotes":""},"class_list":["post-2855","page","type-page","status-publish","hentry"],"jetpack_sharing_enabled":true,"jetpack_likes_enabled":true,"jetpack-related-posts":[],"jetpack_shortlink":"https:\/\/wp.me\/Pcrxge-K3","_links":{"self":[{"href":"https:\/\/fundacoesufpel.com.br\/fau\/wp-json\/wp\/v2\/pages\/2855","targetHints":{"allow":["GET"]}}],"collection":[{"href":"https:\/\/fundacoesufpel.com.br\/fau\/wp-json\/wp\/v2\/pages"}],"about":[{"href":"https:\/\/fundacoesufpel.com.br\/fau\/wp-json\/wp\/v2\/types\/page"}],"author":[{"embeddable":true,"href":"https:\/\/fundacoesufpel.com.br\/fau\/wp-json\/wp\/v2\/users\/1"}],"replies":[{"embeddable":true,"href":"https:\/\/fundacoesufpel.com.br\/fau\/wp-json\/wp\/v2\/comments?post=2855"}],"version-history":[{"count":5,"href":"https:\/\/fundacoesufpel.com.br\/fau\/wp-json\/wp\/v2\/pages\/2855\/revisions"}],"predecessor-version":[{"id":3244,"href":"https:\/\/fundacoesufpel.com.br\/fau\/wp-json\/wp\/v2\/pages\/2855\/revisions\/3244"}],"wp:attachment":[{"href":"https:\/\/fundacoesufpel.com.br\/fau\/wp-json\/wp\/v2\/media?parent=2855"}],"curies":[{"name":"wp","href":"https:\/\/api.w.org\/{rel}","templated":true}]}}