{"id":2766,"date":"2020-12-11T17:17:09","date_gmt":"2020-12-11T17:17:09","guid":{"rendered":"https:\/\/fundacoesufpel.com.br\/fau\/?page_id=2766"},"modified":"2021-10-19T16:51:04","modified_gmt":"2021-10-19T16:51:04","slug":"ordens-internas","status":"publish","type":"page","link":"https:\/\/fundacoesufpel.com.br\/fau\/ordens-internas\/","title":{"rendered":"Ordens Internas"},"content":{"rendered":"<h4><strong>Com intuito de aprimorar e normatizar os procedimentos e fluxos internos\/externos, vimos informar as ordens internas que regulamentam algumas a\u00e7\u00f5es:<\/strong><\/h4>\n\n\n<p><a rel=\"noreferrer noopener\" href=\"https:\/\/fundacoesufpel.com.br\/fau\/wp-content\/uploads\/sites\/2\/2020\/12\/Ordem-01-Financeiro-Regulamenta-o-funcionamento-dos-pagamentos-sem-assinatura-dos-diretores.pdf\" target=\"_blank\"><span style=\"text-decoration: underline\">Ordem 01 &#8211; Financeiro &#8211; Regulamenta o funcionamento dos pagamentos sem assinatura dos diretores<\/span><\/a><\/p>\n\n\n\n<p><a rel=\"noreferrer noopener\" href=\"https:\/\/fundacoesufpel.com.br\/fau\/wp-content\/uploads\/sites\/2\/2020\/12\/Ordem-02-RH-Regulamenta-a-publicacao-de-editais-de-selecao-de-bolsas.pdf\" target=\"_blank\"><span style=\"text-decoration: underline\">Ordem 02 &#8211; RH &#8211; Regulamenta a publica\u00e7\u00e3o de editais de sele\u00e7\u00e3o de bolsas<\/span><\/a><\/p>\n\n\n\n<p><a rel=\"noreferrer noopener\" href=\"https:\/\/fundacoesufpel.com.br\/fau\/wp-content\/uploads\/sites\/2\/2020\/12\/Ordem-03-Produtos-Quimicos-Regulamenta-aquisicao-uso-descarte-e-fixa-procedimentos-de-envio-mapas.pdf\" target=\"_blank\"><span style=\"text-decoration: underline\">Ordem 03 &#8211; Produtos Qu\u00edmicos &#8211; Regulamenta aquisi\u00e7\u00e3o uso descarte e fixa procedimentos de envio mapas<\/span><\/a><\/p>\n\n\n\n<p><a rel=\"noreferrer noopener\" href=\"https:\/\/fundacoesufpel.com.br\/fau\/wp-content\/uploads\/sites\/2\/2020\/12\/Ordem-04-Gratificacao-pregoeiro-Regulamenta-o-pagamento-de-gratificacao-de-funcao-para-pregoeiro.pdf\" target=\"_blank\"><span style=\"text-decoration: underline\">Ordem 04 &#8211; Gratifica\u00e7\u00e3o pregoeiro &#8211; Regulamenta o pagamento de gratifica\u00e7\u00e3o de fun\u00e7\u00e3o para pregoeiro<\/span><\/a><\/p>\n\n\n\n<p><a rel=\"noreferrer noopener\" href=\"https:\/\/fundacoesufpel.com.br\/fau\/wp-content\/uploads\/sites\/2\/2020\/12\/Ordem-05-Despesas-de-pequeno-vulto-e-emergencia.pdf\" target=\"_blank\"><span style=\"text-decoration: underline\">Ordem 05 &#8211; Despesas de pequeno vulto e emerg\u00eancia<\/span><\/a><\/p>\n\n\n\n<p><a rel=\"noreferrer noopener\" href=\"https:\/\/fundacoesufpel.com.br\/fau\/wp-content\/uploads\/sites\/2\/2020\/12\/Ordem-06-Nova-Regulamentacao-sobre-diarias-e-prestacao-de-contas.pdf\" target=\"_blank\"><span style=\"text-decoration: underline\">Ordem 06 &#8211; Nova Regulamenta\u00e7\u00e3o sobre di\u00e1rias e presta\u00e7\u00e3o de contas<\/span><\/a><\/p>\n\n\n\n<p><a rel=\"noreferrer noopener\" href=\"https:\/\/fundacoesufpel.com.br\/fau\/wp-content\/uploads\/sites\/2\/2020\/12\/Ordem-07-Implementacao-do-tramite-digital-e-assinatura-eletronica.pdf\" target=\"_blank\"><span style=\"text-decoration: underline\">Ordem 07 &#8211; Implementa\u00e7\u00e3o do tr\u00e2mite digital e assinatura eletr\u00f4nica<\/span><\/a><\/p>\n\n\n\n<p><span style=\"text-decoration: underline\"><a rel=\"noreferrer noopener\" href=\"https:\/\/fundacoesufpel.com.br\/fau\/wp-content\/uploads\/sites\/2\/2021\/01\/Ordem-08-Regulamentacao-de-contratacao-de-seguro-obrigatorio-para-bolsista.pdf\" data-type=\"URL\" target=\"_blank\">Ordem 08 &#8211; Regulamenta\u00e7\u00e3o da contrata\u00e7\u00e3o de seguro obrigat\u00f3rio para bolsistas<\/a><\/span><\/p>\n\n\n\n<p><a href=\"https:\/\/fundacoesufpel.com.br\/fau\/wp-content\/uploads\/sites\/2\/2021\/04\/Ordem-Interna-Conjunta-09-Regula-o-funcionamento-das-ass-dos-diretores-p-pagamentos.pdf\" data-type=\"URL\" data-id=\"https:\/\/fundacoesufpel.com.br\/fau\/wp-content\/uploads\/sites\/2\/2021\/04\/Ordem-Interna-Conjunta-09-Regula-o-funcionamento-das-ass-dos-diretores-p-pagamentos.pdf\" target=\"_blank\" rel=\"noreferrer noopener\"><span style=\"text-decoration: underline\">Ordem 09 &#8211; Regulamenta o funcionamento das assinaturas dos diretores para realiza\u00e7\u00e3o dos pagamentos<\/span><\/a><\/p>\n\n\n\n<p><span style=\"text-decoration: underline\"><a rel=\"noreferrer noopener\" href=\"https:\/\/fundacoesufpel.com.br\/fau\/wp-content\/uploads\/sites\/2\/2021\/04\/Ordem-Interna-Conjunta-10-Altera-o-artigo-8o-da-OI-03.2020-produtos-controlados-doacao.pdf\" data-type=\"URL\" data-id=\"https:\/\/fundacoesufpel.com.br\/fau\/wp-content\/uploads\/sites\/2\/2021\/04\/Ordem-Interna-Conjunta-10-Altera-o-artigo-8o-da-OI-03.2020-produtos-controlados-doacao.pdf\" target=\"_blank\">Ordem 10 &#8211; Altera o art. 8\u00b0 da Ordem Interna n\u00b0 03, de 10 de julho de 2020, referente a doa\u00e7\u00e3o dos produtos qu\u00edmicos controlados pela Pol\u00edcia Federal<\/a><\/span><\/p>\n\n\n\n<p><a rel=\"noreferrer noopener\" href=\"https:\/\/fundacoesufpel.com.br\/fau\/wp-content\/uploads\/sites\/2\/2021\/04\/Ordem-Interna-Conjunta-11-Regulamenta-o-procedimento-compras-e-servicos-internos.pdf\" data-type=\"URL\" data-id=\"https:\/\/fundacoesufpel.com.br\/fau\/wp-content\/uploads\/sites\/2\/2021\/04\/Ordem-Interna-Conjunta-11-Regulamenta-o-procedimento-compras-e-servicos-internos.pdf\" target=\"_blank\"><span style=\"text-decoration: underline\">Ordem 11 &#8211; Regulamenta o procedimento para compras internas de uso exclusivo das Funda\u00e7\u00f5es de Apoio \u00e0 UFPel<\/span><\/a><\/p>\n\n\n\n<p><a href=\"https:\/\/fundacoesufpel.com.br\/fau\/wp-content\/uploads\/sites\/2\/2021\/10\/Ordem-Interna-Conjunta-12-Tributacao-de-bolsas.pdf\" data-type=\"URL\" data-id=\"https:\/\/fundacoesufpel.com.br\/fau\/wp-content\/uploads\/sites\/2\/2021\/10\/Ordem-Interna-Conjunta-12-Tributacao-de-bolsas.pdf\" target=\"_blank\" rel=\"noreferrer noopener\"> <span style=\"text-decoration: underline\">Ordem 12 &#8211; Regulamenta o procedimento para recolhimento de Imposto de Renda sobre as bolsas pagas pelas Funda\u00e7\u00f5es de Apoio \u00e0 UFPel.<\/span> <\/a><\/p>\n","protected":false},"excerpt":{"rendered":"<p>Com intuito de aprimorar e normatizar os procedimentos e fluxos internos\/externos, vimos informar as ordens internas que regulamentam algumas a\u00e7\u00f5es: [&hellip;]<\/p>\n","protected":false},"author":1,"featured_media":0,"parent":0,"menu_order":0,"comment_status":"closed","ping_status":"closed","template":"","meta":{"jetpack_post_was_ever_published":false,"footnotes":""},"class_list":["post-2766","page","type-page","status-publish","hentry"],"jetpack_sharing_enabled":true,"jetpack_likes_enabled":true,"jetpack-related-posts":[],"jetpack_shortlink":"https:\/\/wp.me\/Pcrxge-IC","_links":{"self":[{"href":"https:\/\/fundacoesufpel.com.br\/fau\/wp-json\/wp\/v2\/pages\/2766","targetHints":{"allow":["GET"]}}],"collection":[{"href":"https:\/\/fundacoesufpel.com.br\/fau\/wp-json\/wp\/v2\/pages"}],"about":[{"href":"https:\/\/fundacoesufpel.com.br\/fau\/wp-json\/wp\/v2\/types\/page"}],"author":[{"embeddable":true,"href":"https:\/\/fundacoesufpel.com.br\/fau\/wp-json\/wp\/v2\/users\/1"}],"replies":[{"embeddable":true,"href":"https:\/\/fundacoesufpel.com.br\/fau\/wp-json\/wp\/v2\/comments?post=2766"}],"version-history":[{"count":17,"href":"https:\/\/fundacoesufpel.com.br\/fau\/wp-json\/wp\/v2\/pages\/2766\/revisions"}],"predecessor-version":[{"id":3128,"href":"https:\/\/fundacoesufpel.com.br\/fau\/wp-json\/wp\/v2\/pages\/2766\/revisions\/3128"}],"wp:attachment":[{"href":"https:\/\/fundacoesufpel.com.br\/fau\/wp-json\/wp\/v2\/media?parent=2766"}],"curies":[{"name":"wp","href":"https:\/\/api.w.org\/{rel}","templated":true}]}}