{"id":1814,"date":"2020-09-18T11:09:04","date_gmt":"2020-09-18T14:09:04","guid":{"rendered":"http:\/\/15.228.36.87\/fau\/?page_id=1814"},"modified":"2020-11-27T05:52:32","modified_gmt":"2020-11-27T05:52:32","slug":"instituicao-apoiada","status":"publish","type":"page","link":"https:\/\/fundacoesufpel.com.br\/fau\/instituicao-apoiada\/","title":{"rendered":"Institui\u00e7\u00e3o apoiada"},"content":{"rendered":"<div id=\"pl-gb1814-69f1b5fb57cc9\"  class=\"panel-layout\" ><div id=\"pg-gb1814-69f1b5fb57cc9-0\"  class=\"panel-grid panel-no-style\" ><div id=\"pgc-gb1814-69f1b5fb57cc9-0-0\"  class=\"panel-grid-cell\" ><div id=\"panel-gb1814-69f1b5fb57cc9-0-0-0\" class=\"so-panel widget widget_themegrill_flash_image tg-widget tg-image-widget panel-first-child panel-last-child\" data-index=\"0\" >\t<a href=\"http:\/\/portal.ufpel.edu.br\/\"><img data-recalc-dims=\"1\" decoding=\"async\" src=\"https:\/\/i0.wp.com\/fundacoesufpel.com.br\/fdms\/wp-content\/uploads\/sites\/3\/2020\/11\/UFPEL-ESCUDO-2013.png?w=780&#038;ssl=1\" \/><\/a>\n<\/div><\/div><div id=\"pgc-gb1814-69f1b5fb57cc9-0-1\"  class=\"panel-grid-cell\" ><div id=\"panel-gb1814-69f1b5fb57cc9-0-1-0\" class=\"so-panel widget widget_text panel-first-child panel-last-child\" data-index=\"1\" >\t\t\t<div class=\"textwidget\"><p>A UFPel possui como miss\u00e3o promover a forma\u00e7\u00e3o integral e permanente do profissional, construindo o conhecimento e a cultura, comprometidos com os valores da vida com a constru\u00e7\u00e3o e o progresso da sociedade. Credenciada como Funda\u00e7\u00e3o de Apoio da UFPel, a FDMS visa dar suporte ao desenvolvimento da inova\u00e7\u00e3o e da pesquisa cient\u00edfica e tecnol\u00f3gica, criando condi\u00e7\u00f5es mais prop\u00edcias para que a Universidade estabele\u00e7a rela\u00e7\u00f5es com o ambiente externo atrav\u00e9s de conv\u00eanios, contratos e acordos.<\/p>\n<\/div>\n\t\t<\/div><\/div><\/div><\/div>","protected":false},"excerpt":{"rendered":"<p>A UFPel possui como miss\u00e3o promover a forma\u00e7\u00e3o integral e permanente do profissional, construindo o conhecimento e a cultura, comprometidos [&hellip;]<\/p>\n","protected":false},"author":1,"featured_media":0,"parent":0,"menu_order":0,"comment_status":"closed","ping_status":"closed","template":"","meta":{"jetpack_post_was_ever_published":false,"footnotes":""},"class_list":["post-1814","page","type-page","status-publish","hentry"],"jetpack_sharing_enabled":true,"jetpack_likes_enabled":true,"jetpack-related-posts":[],"jetpack_shortlink":"https:\/\/wp.me\/Pcrxge-tg","_links":{"self":[{"href":"https:\/\/fundacoesufpel.com.br\/fau\/wp-json\/wp\/v2\/pages\/1814","targetHints":{"allow":["GET"]}}],"collection":[{"href":"https:\/\/fundacoesufpel.com.br\/fau\/wp-json\/wp\/v2\/pages"}],"about":[{"href":"https:\/\/fundacoesufpel.com.br\/fau\/wp-json\/wp\/v2\/types\/page"}],"author":[{"embeddable":true,"href":"https:\/\/fundacoesufpel.com.br\/fau\/wp-json\/wp\/v2\/users\/1"}],"replies":[{"embeddable":true,"href":"https:\/\/fundacoesufpel.com.br\/fau\/wp-json\/wp\/v2\/comments?post=1814"}],"version-history":[{"count":1,"href":"https:\/\/fundacoesufpel.com.br\/fau\/wp-json\/wp\/v2\/pages\/1814\/revisions"}],"predecessor-version":[{"id":2505,"href":"https:\/\/fundacoesufpel.com.br\/fau\/wp-json\/wp\/v2\/pages\/1814\/revisions\/2505"}],"wp:attachment":[{"href":"https:\/\/fundacoesufpel.com.br\/fau\/wp-json\/wp\/v2\/media?parent=1814"}],"curies":[{"name":"wp","href":"https:\/\/api.w.org\/{rel}","templated":true}]}}