{"id":1369,"date":"2020-09-10T14:54:20","date_gmt":"2020-09-10T17:54:20","guid":{"rendered":"http:\/\/www2.fundacoesufpel.com.br\/fau-1\/?page_id=1369"},"modified":"2020-11-27T15:15:07","modified_gmt":"2020-11-27T15:15:07","slug":"portal-de-compras","status":"publish","type":"page","link":"https:\/\/fundacoesufpel.com.br\/fau\/portal-de-compras\/","title":{"rendered":"Portal de Compras"},"content":{"rendered":"<div id=\"pl-1369\"  class=\"panel-layout\" ><div id=\"pg-1369-0\"  class=\"panel-grid panel-no-style\" ><div id=\"pgc-1369-0-0\"  class=\"panel-grid-cell\" ><div id=\"panel-1369-0-0-0\" class=\"widget_text so-panel widget widget_custom_html panel-first-child\" data-index=\"0\" ><div class=\"textwidget custom-html-widget\"><div  style=\"color:#7c7c7c; font-size:14px;\">\n\t<p>O Portal do Fornecedor d\u00e1 acesso aos fornecedores que desejam participar de processos de compras e contrata\u00e7\u00f5es de servi\u00e7os da institui\u00e7\u00e3o. Atrav\u00e9s das funcionalidades do mesmo, um fornecedor poder\u00e1 acompanhar os processos de compra da institui\u00e7\u00e3o direcionados para as suas \u00e1reas de atua\u00e7\u00e3o, permitindo que o mesmo possa cadastrar suas pr\u00f3prias propostas de pre\u00e7os, que tamb\u00e9m podem ser alteradas livremente at\u00e9 a data de fechamento do processo de compra ou contrata\u00e7\u00e3o.<\/p>\n\t<p>No Portal do Fornecedor ainda \u00e9 poss\u00edvel que o fornecedor fa\u00e7a o download de suas ordens de fornecimento\\servi\u00e7os, e que ele consulte todos os processos de compras j\u00e1 encerrados e relacionados com sua \u00e1rea de atua\u00e7\u00e3o.<\/p>\n<\/div><\/div><\/div><div id=\"panel-1369-0-0-1\" class=\"so-panel widget widget_sow-button panel-last-child\" data-index=\"1\" ><div\n\t\t\t\n\t\t\tclass=\"so-widget-sow-button so-widget-sow-button-atom-8f9c1b5ef625-1369\"\n\t\t\t\n\t\t><div class=\"ow-button-base ow-button-align-center\"\n>\n\t\t\t<a\n\t\t\t\t\thref=\"http:\/\/coordenador.fundacoesufpel.com.br\/PortalFornecedor\/GUI\/Login\/Login.aspx\"\n\t\t\t\t\tclass=\"sowb-button ow-icon-placement-left ow-button-hover\" target=\"_blank\" rel=\"noopener noreferrer\" \t>\n\t\t<span>\n\t\t\t<span class=\"sow-icon-fontawesome sow-far\" data-sow-icon=\"&#xf022;\"\n\t\tstyle=\"color: #ffffff\" \n\t\taria-hidden=\"true\"><\/span>\n\t\t\tPARA ACESSAR O PORTAL DO FORNECEDOR, CLIQUE AQUI!\t\t<\/span>\n\t\t\t<\/a>\n\t<\/div>\n<\/div><\/div><\/div><div id=\"pgc-1369-0-1\"  class=\"panel-grid-cell panel-grid-cell-empty\" ><\/div><div id=\"pgc-1369-0-2\"  class=\"panel-grid-cell\" ><div id=\"panel-1369-0-2-0\" class=\"so-panel widget widget_nav_menu panel-first-child panel-last-child\" data-index=\"2\" ><h3 class=\"widget-title\">Portal de Compras<\/h3><div class=\"menu-portal-de-compras-container\"><ul id=\"menu-portal-de-compras\" class=\"menu\"><li id=\"menu-item-1987\" class=\"menu-item menu-item-type-custom menu-item-object-custom menu-item-1987\"><a href=\"http:\/\/coordenador.fundacoesufpel.com.br\/PortalFornecedor\/GUI\/Login\/Login.aspx\">Portal do Fornecedor<\/a><\/li>\n<li id=\"menu-item-2047\" class=\"menu-item menu-item-type-taxonomy menu-item-object-category menu-item-2047\"><a href=\"https:\/\/fundacoesufpel.com.br\/fau\/category\/avisos-processos-selecao-publica-licitatorios\/\">Avisos Processos Sele\u00e7\u00e3o P\u00fablica\/Licitat\u00f3rios<\/a><\/li>\n<li id=\"menu-item-1968\" class=\"menu-item menu-item-type-custom menu-item-object-custom menu-item-1968\"><a href=\"http:\/\/transparencia.fundacoesufpel.com.br\/PortalTransparenciaFAU\/selecao\">Sele\u00e7\u00f5es P\u00fablicas<\/a><\/li>\n<li id=\"menu-item-1969\" class=\"menu-item menu-item-type-custom menu-item-object-custom menu-item-1969\"><a href=\"http:\/\/transparencia.fundacoesufpel.com.br\/PortalTransparenciaFAU\/contratacao_direta\">Contrata\u00e7\u00f5es Diretas<\/a><\/li>\n<\/ul><\/div><\/div><\/div><\/div><\/div>","protected":false},"excerpt":{"rendered":"<p>O Portal do Fornecedor d\u00e1 acesso aos fornecedores que desejam participar de processos de compras e contrata\u00e7\u00f5es de servi\u00e7os da [&hellip;]<\/p>\n","protected":false},"author":1,"featured_media":0,"parent":0,"menu_order":0,"comment_status":"closed","ping_status":"closed","template":"page-templates\/full-width.php","meta":{"jetpack_post_was_ever_published":false,"footnotes":""},"class_list":["post-1369","page","type-page","status-publish","hentry"],"jetpack_sharing_enabled":true,"jetpack_likes_enabled":true,"jetpack-related-posts":[],"jetpack_shortlink":"https:\/\/wp.me\/Pcrxge-m5","_links":{"self":[{"href":"https:\/\/fundacoesufpel.com.br\/fau\/wp-json\/wp\/v2\/pages\/1369","targetHints":{"allow":["GET"]}}],"collection":[{"href":"https:\/\/fundacoesufpel.com.br\/fau\/wp-json\/wp\/v2\/pages"}],"about":[{"href":"https:\/\/fundacoesufpel.com.br\/fau\/wp-json\/wp\/v2\/types\/page"}],"author":[{"embeddable":true,"href":"https:\/\/fundacoesufpel.com.br\/fau\/wp-json\/wp\/v2\/users\/1"}],"replies":[{"embeddable":true,"href":"https:\/\/fundacoesufpel.com.br\/fau\/wp-json\/wp\/v2\/comments?post=1369"}],"version-history":[{"count":10,"href":"https:\/\/fundacoesufpel.com.br\/fau\/wp-json\/wp\/v2\/pages\/1369\/revisions"}],"predecessor-version":[{"id":2519,"href":"https:\/\/fundacoesufpel.com.br\/fau\/wp-json\/wp\/v2\/pages\/1369\/revisions\/2519"}],"wp:attachment":[{"href":"https:\/\/fundacoesufpel.com.br\/fau\/wp-json\/wp\/v2\/media?parent=1369"}],"curies":[{"name":"wp","href":"https:\/\/api.w.org\/{rel}","templated":true}]}}