{"id":1360,"date":"2020-09-10T14:48:54","date_gmt":"2020-09-10T17:48:54","guid":{"rendered":"http:\/\/www2.fundacoesufpel.com.br\/fau-1\/?page_id=1360"},"modified":"2021-06-16T12:25:28","modified_gmt":"2021-06-16T12:25:28","slug":"portal-da-transparencia","status":"publish","type":"page","link":"https:\/\/fundacoesufpel.com.br\/fau\/portal-da-transparencia\/","title":{"rendered":"Portal da Transpar\u00eancia"},"content":{"rendered":"<div id=\"pl-1360\"  class=\"panel-layout\" ><div id=\"pg-1360-0\"  class=\"panel-grid panel-no-style\" ><div id=\"pgc-1360-0-0\"  class=\"panel-grid-cell\" ><div id=\"panel-1360-0-0-0\" class=\"widget_text so-panel widget widget_custom_html panel-first-child\" data-index=\"0\" ><div class=\"textwidget custom-html-widget\"><div  style=\"color:#7c7c7c; font-size:12px;\">\n\t<h4>Atrav\u00e9s dos menus identificados ao lado e detalhados abaixo, voc\u00ea conseguir\u00e1 acessar as informa\u00e7\u00f5es sobre a execu\u00e7\u00e3o dos projetos administrados pela Funda\u00e7\u00e3o de forma individual, ou seja, por projeto e tamb\u00e9m de forma geral atrav\u00e9s das rela\u00e7\u00f5es disponibilizadas.<\/h4><br><br>\n<\/div><\/div><\/div><div id=\"panel-1360-0-0-1\" class=\"widget_text so-panel widget widget_custom_html panel-last-child\" data-index=\"1\" ><div class=\"textwidget custom-html-widget\"><div  style=\"color:#7c7c7c; font-size:15px;\">\n\t<p><b>Veja como \u00e9 simples de obter as informa\u00e7\u00f5es desejadas:<\/b><\/p>\n\t<p>Para consultar o projeto de seu interesse basta clicar no menu escolhido e selecion\u00e1-lo no campo <b>\u201cSelecione o Conv\u00eanio ou Projeto\u201d<\/b>.<br><\/p>\n\t<p>A refer\u00eancia dos projetos na transpar\u00eancia pode ser consultada no menu <b>>>>Projetos<\/b> <b>>>Projetos em Andamento<\/b> ou <b>>>Projetos Encerrados<\/b>.<br><\/p>\n\t<p>Ap\u00f3s selecionar o projeto, \u00e9 necess\u00e1rio clicar no \u00edcone \u201cConsultar\u201d.<br><\/p>\n\t<p>Posteriormente ser\u00e1 poss\u00edvel ler as principais informa\u00e7\u00f5es sobre o instrumento e baixar em pdf os documentos do projeto, tais como: Instrumento contratual, Plano de Trabalho, Ajustes, Aditivos, Presta\u00e7\u00e3o de Contas e Relat\u00f3rios Semestrais do projeto.<br><\/p>\n\t<p>A rela\u00e7\u00e3o de pagamentos \u00e9 disponibilizada de forma separada por projeto e por tipos de pagamentos, a saber: Pagamentos a Servidores da Institui\u00e7\u00e3o; Pagamentos a Pessoas F\u00edsicas; Pagamentos a Pessoas Jur\u00eddicas e Outros.<br><\/p>\n<\/div><\/div><\/div><\/div><div id=\"pgc-1360-0-1\"  class=\"panel-grid-cell panel-grid-cell-empty\" ><\/div><div id=\"pgc-1360-0-2\"  class=\"panel-grid-cell\" ><div id=\"panel-1360-0-2-0\" class=\"so-panel widget widget_nav_menu panel-first-child panel-last-child\" data-index=\"2\" ><h3 class=\"widget-title\">Portal da Transpar\u00eancia<\/h3><div class=\"menu-portal-da-transparencia-container\"><ul id=\"menu-portal-da-transparencia\" class=\"menu\"><li id=\"menu-item-3034\" class=\"menu-item menu-item-type-custom menu-item-object-custom menu-item-3034\"><a href=\"https:\/\/transparencia.fundacoesufpel.com.br\/transparenciafau\/\">Rela\u00e7\u00e3o de Projetos em Andamento<\/a><\/li>\n<li id=\"menu-item-3035\" class=\"menu-item menu-item-type-custom menu-item-object-custom menu-item-3035\"><a href=\"https:\/\/transparencia.fundacoesufpel.com.br\/transparenciafau\/\">Rela\u00e7\u00e3o de Projetos Encerrados<\/a><\/li>\n<li id=\"menu-item-3462\" class=\"menu-item menu-item-type-custom menu-item-object-custom menu-item-3462\"><a href=\"https:\/\/transparencia.fundacoesufpel.com.br\/transparenciafau\/\">Rel\u00e1torio Anual de Atividades<\/a><\/li>\n<li id=\"menu-item-1963\" class=\"menu-item menu-item-type-custom menu-item-object-custom menu-item-1963\"><a href=\"https:\/\/transparencia.fundacoesufpel.com.br\/transparenciafau\/\">Demonstrativos Cont\u00e1beis<\/a><\/li>\n<li id=\"menu-item-1964\" class=\"menu-item menu-item-type-custom menu-item-object-custom menu-item-1964\"><a href=\"https:\/\/transparencia.fundacoesufpel.com.br\/transparenciafau\/\">Instrumentos Contratuais<\/a><\/li>\n<li id=\"menu-item-2089\" class=\"menu-item menu-item-type-custom menu-item-object-custom menu-item-2089\"><a href=\"https:\/\/transparencia.fundacoesufpel.com.br\/transparenciafau\/\">Relat\u00f3rios Semestrais<\/a><\/li>\n<li id=\"menu-item-1966\" class=\"menu-item menu-item-type-custom menu-item-object-custom menu-item-1966\"><a href=\"https:\/\/transparencia.fundacoesufpel.com.br\/transparenciafau\/\">Presta\u00e7\u00e3o de Contas<\/a><\/li>\n<li id=\"menu-item-2086\" class=\"menu-item menu-item-type-post_type menu-item-object-page menu-item-2086\"><a href=\"https:\/\/fundacoesufpel.com.br\/fau\/prestacao-de-contas-anterior-ao-portal-da-transparencia\/\">Presta\u00e7\u00e3o de Contas anterior a 2018<\/a><\/li>\n<li id=\"menu-item-1967\" class=\"menu-item menu-item-type-custom menu-item-object-custom menu-item-1967\"><a href=\"https:\/\/transparencia.fundacoesufpel.com.br\/transparenciafau\/\">Rela\u00e7\u00e3o de Pagamentos<\/a><\/li>\n<li id=\"menu-item-2066\" class=\"menu-item menu-item-type-post_type menu-item-object-page menu-item-2066\"><a href=\"https:\/\/fundacoesufpel.com.br\/fau\/pagamento-bolsistas\/\">Pagamento Bolsistas<\/a><\/li>\n<\/ul><\/div><\/div><\/div><\/div><div id=\"pg-1360-1\"  class=\"panel-grid panel-has-style\" ><div class=\"panel-row-style panel-row-style-for-1360-1\" ><div id=\"pgc-1360-1-0\"  class=\"panel-grid-cell\" ><div id=\"panel-1360-1-0-0\" class=\"so-panel widget widget_themegrill_flash_service tg-widget tg-single-service panel-first-child panel-last-child\" data-index=\"3\" >\n<div class=\"tg-service-widget tg-service-layout-1\">\n\t<div class=\"service-wrapper\">\n\t\t<div class=\"service-icon-title-wrapper clearfix\">\n\t\t\t\t\t\t<div class=\"service-icon-wrap\"><i class=\"fa fa-archive\"><\/i><\/div>\n\t\t\t\t\t\t\t\t\t\t\t\t<h3 class=\"service-title-wrap\">\n\t\t\t\t\t\t\t\t<a href=\"https:\/\/fundacoesufpel.com.br\/fau\/projetos-em-andamento\/\">\n\t\t\t\tRela\u00e7\u00e3o de Projetos Anuais em Andamento\t\t\t\t\t\t\t\t<\/a>\n\t\t\t\t\t\t\t<\/h3>\n\t\t\t\t\t<\/div>\n\t\t\t\t<div class=\"service-content-wrap\">A rela\u00e7\u00e3o dos projetos em andamento \u00e9 organizada por ordem do n\u00famero do instrumento, informando os projetos vigentes conforme Relat\u00f3rio de Atividades Anual da Funda\u00e7\u00e3o.<\/div>\n\t\t\t\t\t\t<a class=\"service-more\" href=\"https:\/\/fundacoesufpel.com.br\/fau\/projetos-em-andamento\/\">acesse<\/a>\n\t\t\t<\/div>\n<\/div>\n<\/div><\/div><div id=\"pgc-1360-1-1\"  class=\"panel-grid-cell\" ><div id=\"panel-1360-1-1-0\" class=\"so-panel widget widget_themegrill_flash_service tg-widget tg-single-service panel-first-child panel-last-child\" data-index=\"4\" >\n<div class=\"tg-service-widget tg-service-layout-1\">\n\t<div class=\"service-wrapper\">\n\t\t<div class=\"service-icon-title-wrapper clearfix\">\n\t\t\t\t\t\t<div class=\"service-icon-wrap\"><i class=\"fa fa-archive\"><\/i><\/div>\n\t\t\t\t\t\t\t\t\t\t\t\t<h3 class=\"service-title-wrap\">\n\t\t\t\t\t\t\t\t<a href=\"https:\/\/fundacoesufpel.com.br\/fau\/projetos-encerrados\/\">\n\t\t\t\tRela\u00e7\u00e3o de Projetos Anuais Encerrados\t\t\t\t\t\t\t\t<\/a>\n\t\t\t\t\t\t\t<\/h3>\n\t\t\t\t\t<\/div>\n\t\t\t\t<div class=\"service-content-wrap\">A rela\u00e7\u00e3o dos projetos encerrados \u00e9 organizada por ordem do n\u00famero do instrumento, informando os projetos conforme Relat\u00f3rio de Atividades Anual da Funda\u00e7\u00e3o.<\/div>\n\t\t\t\t\t\t<a class=\"service-more\" href=\"https:\/\/fundacoesufpel.com.br\/fau\/projetos-encerrados\/\">acesse<\/a>\n\t\t\t<\/div>\n<\/div>\n<\/div><\/div><\/div><\/div><div id=\"pg-1360-2\"  class=\"panel-grid panel-has-style\" ><div class=\"panel-row-style panel-row-style-for-1360-2\" ><div id=\"pgc-1360-2-0\"  class=\"panel-grid-cell\" ><div id=\"panel-1360-2-0-0\" class=\"so-panel widget widget_themegrill_flash_service tg-widget tg-single-service panel-first-child panel-last-child\" data-index=\"5\" >\n<div class=\"tg-service-widget tg-service-layout-1\">\n\t<div class=\"service-wrapper\">\n\t\t<div class=\"service-icon-title-wrapper clearfix\">\n\t\t\t\t\t\t<div class=\"service-icon-wrap\"><i class=\"fa fa-calculator\"><\/i><\/div>\n\t\t\t\t\t\t\t\t\t\t\t\t<h3 class=\"service-title-wrap\">\n\t\t\t\t\t\t\t\t<a href=\"http:\/\/transparencia.fundacoesufpel.com.br\/PortalTransparenciaFAU\/docs?Codigo=5\">\n\t\t\t\tDemonstrativos Cont\u00e1beis\t\t\t\t\t\t\t\t<\/a>\n\t\t\t\t\t\t\t<\/h3>\n\t\t\t\t\t<\/div>\n\t\t\t\t<div class=\"service-content-wrap\">S\u00e3o os demonstrativos cont\u00e1beis da Funda\u00e7\u00e3o e poder\u00e3o ser visualizados de acordo com o Tipo do Documento Cont\u00e1bil: Balan\u00e7o Financeiro, Balan\u00e7o Patrimonial, Demonstrativo de Fluxo de Caixa e Outros.<\/div>\n\t\t\t\t\t\t<a class=\"service-more\" href=\"http:\/\/transparencia.fundacoesufpel.com.br\/PortalTransparenciaFAU\/docs?Codigo=5\">acesse<\/a>\n\t\t\t<\/div>\n<\/div>\n<\/div><\/div><div id=\"pgc-1360-2-1\"  class=\"panel-grid-cell\" ><div id=\"panel-1360-2-1-0\" class=\"so-panel widget widget_themegrill_flash_service tg-widget tg-single-service panel-first-child panel-last-child\" data-index=\"6\" >\n<div class=\"tg-service-widget tg-service-layout-1\">\n\t<div class=\"service-wrapper\">\n\t\t<div class=\"service-icon-title-wrapper clearfix\">\n\t\t\t\t\t\t<div class=\"service-icon-wrap\"><i class=\"fa fa-area-chart\"><\/i><\/div>\n\t\t\t\t\t\t\t\t\t\t\t\t<h3 class=\"service-title-wrap\">\n\t\t\t\t\t\t\t\t<a href=\"https:\/\/fundacoesufpel.com.br\/fau\/relatorio-de-atividades\/\">\n\t\t\t\tRelat\u00f3rios de Atividades Anual\t\t\t\t\t\t\t\t<\/a>\n\t\t\t\t\t\t\t<\/h3>\n\t\t\t\t\t<\/div>\n\t\t\t\t<div class=\"service-content-wrap\">Disponibilizado em PDF cont\u00e9m de forma sucinta, os projetos administrados pela Funda\u00e7\u00e3o descrevendo os objetivos e os valores executados durante o exerc\u00edcio de cada ano.<\/div>\n\t\t\t\t\t\t<a class=\"service-more\" href=\"https:\/\/fundacoesufpel.com.br\/fau\/relatorio-de-atividades\/\">acesse<\/a>\n\t\t\t<\/div>\n<\/div>\n<\/div><\/div><\/div><\/div><div id=\"pg-1360-3\"  class=\"panel-grid panel-has-style\" ><div class=\"panel-row-style panel-row-style-for-1360-3\" ><div id=\"pgc-1360-3-0\"  class=\"panel-grid-cell\" ><div id=\"panel-1360-3-0-0\" class=\"so-panel widget widget_themegrill_flash_service tg-widget tg-single-service panel-first-child panel-last-child\" data-index=\"7\" >\n<div class=\"tg-service-widget tg-service-layout-1\">\n\t<div class=\"service-wrapper\">\n\t\t<div class=\"service-icon-title-wrapper clearfix\">\n\t\t\t\t\t\t<div class=\"service-icon-wrap\"><i class=\"fa fa-file-pdf-o\"><\/i><\/div>\n\t\t\t\t\t\t\t\t\t\t\t\t<h3 class=\"service-title-wrap\">\n\t\t\t\t\t\t\t\t<a href=\"http:\/\/transparencia.fundacoesufpel.com.br\/PortalTransparenciaFAU\/docsprojetos\">\n\t\t\t\tRelat\u00f3rios Semestrais\t\t\t\t\t\t\t\t<\/a>\n\t\t\t\t\t\t\t<\/h3>\n\t\t\t\t\t<\/div>\n\t\t\t\t<div class=\"service-content-wrap\">S\u00e3o disponibilizados em PDF e por projeto de acordo com as informa\u00e7\u00f5es repassadas pelos Coordenadores.<\/div>\n\t\t\t\t\t\t<a class=\"service-more\" href=\"http:\/\/transparencia.fundacoesufpel.com.br\/PortalTransparenciaFAU\/docsprojetos\">acesse<\/a>\n\t\t\t<\/div>\n<\/div>\n<\/div><\/div><div id=\"pgc-1360-3-1\"  class=\"panel-grid-cell\" ><div id=\"panel-1360-3-1-0\" class=\"so-panel widget widget_themegrill_flash_service tg-widget tg-single-service panel-first-child panel-last-child\" data-index=\"8\" >\n<div class=\"tg-service-widget tg-service-layout-1\">\n\t<div class=\"service-wrapper\">\n\t\t<div class=\"service-icon-title-wrapper clearfix\">\n\t\t\t\t\t\t<div class=\"service-icon-wrap\"><i class=\"fa fa-file-text-o\"><\/i><\/div>\n\t\t\t\t\t\t\t\t\t\t\t\t<h3 class=\"service-title-wrap\">\n\t\t\t\t\t\t\t\t<a href=\"http:\/\/transparencia.fundacoesufpel.com.br\/PortalTransparenciaFAU\/docsprojetos\">\n\t\t\t\tInstrumentos Contratuais\t\t\t\t\t\t\t\t<\/a>\n\t\t\t\t\t\t\t<\/h3>\n\t\t\t\t\t<\/div>\n\t\t\t\t<div class=\"service-content-wrap\">Aqui ser\u00e1 poss\u00edvel visualizar as principais informa\u00e7\u00f5es sobre os Conv\u00eanios, Contratos, Termos e Acordos de Coopera\u00e7\u00e3o, bem como baixar em PDF os instrumentos e o Plano de Trabalho e eventuais ajustes e aditivos do projeto.<\/div>\n\t\t\t\t\t\t<a class=\"service-more\" href=\"http:\/\/transparencia.fundacoesufpel.com.br\/PortalTransparenciaFAU\/docsprojetos\">acesse<\/a>\n\t\t\t<\/div>\n<\/div>\n<\/div><\/div><\/div><\/div><div id=\"pg-1360-4\"  class=\"panel-grid panel-has-style\" ><div class=\"panel-row-style panel-row-style-for-1360-4\" ><div id=\"pgc-1360-4-0\"  class=\"panel-grid-cell\" ><div id=\"panel-1360-4-0-0\" class=\"so-panel widget widget_themegrill_flash_service tg-widget tg-single-service panel-first-child panel-last-child\" data-index=\"9\" >\n<div class=\"tg-service-widget tg-service-layout-1\">\n\t<div class=\"service-wrapper\">\n\t\t<div class=\"service-icon-title-wrapper clearfix\">\n\t\t\t\t\t\t<div class=\"service-icon-wrap\"><i class=\"fa fa-calendar\"><\/i><\/div>\n\t\t\t\t\t\t\t\t\t\t\t\t<h3 class=\"service-title-wrap\">\n\t\t\t\t\t\t\t\t<a href=\"http:\/\/transparencia.fundacoesufpel.com.br\/PortalTransparenciaFAU\/docsprojetos\">\n\t\t\t\tPresta\u00e7\u00f5es de Contas\t\t\t\t\t\t\t\t<\/a>\n\t\t\t\t\t\t\t<\/h3>\n\t\t\t\t\t<\/div>\n\t\t\t\t<div class=\"service-content-wrap\">Ap\u00f3s 65 dias da conclus\u00e3o e encerramento da vig\u00eancia do projeto, \u00e9 poss\u00edvel acessar a presta\u00e7\u00e3o de contas do instrumento e baix\u00e1-la em PDF.<\/div>\n\t\t\t\t\t\t<a class=\"service-more\" href=\"http:\/\/transparencia.fundacoesufpel.com.br\/PortalTransparenciaFAU\/docsprojetos\">acesse<\/a>\n\t\t\t<\/div>\n<\/div>\n<\/div><\/div><div id=\"pgc-1360-4-1\"  class=\"panel-grid-cell\" ><div id=\"panel-1360-4-1-0\" class=\"so-panel widget widget_themegrill_flash_service tg-widget tg-single-service panel-first-child panel-last-child\" data-index=\"10\" >\n<div class=\"tg-service-widget tg-service-layout-1\">\n\t<div class=\"service-wrapper\">\n\t\t<div class=\"service-icon-title-wrapper clearfix\">\n\t\t\t\t\t\t<div class=\"service-icon-wrap\"><i class=\"fa fa-dollar\"><\/i><\/div>\n\t\t\t\t\t\t\t\t\t\t\t\t<h3 class=\"service-title-wrap\">\n\t\t\t\t\t\t\t\t<a href=\"http:\/\/transparencia.fundacoesufpel.com.br\/PortalTransparenciaFAU\/pagamentos\">\n\t\t\t\tRela\u00e7\u00e3o de Pagamentos\t\t\t\t\t\t\t\t<\/a>\n\t\t\t\t\t\t\t<\/h3>\n\t\t\t\t\t<\/div>\n\t\t\t\t<div class=\"service-content-wrap\">A rela\u00e7\u00e3o de pagamentos \u00e9 disponibilizada de forma separada por projeto e por Pagamentos a Servidores da Institui\u00e7\u00e3o, Pagamentos a Pessoas F\u00edsicas, Pagamentos a Pessoas Jur\u00eddicas e Outros. Cabe destacar que as informa\u00e7\u00f5es s\u00e3o visualizadas somente quando h\u00e1 pagamentos para o projeto que est\u00e1 sendo consultado. Ap\u00f3s a consulta ser\u00e1 poss\u00edvel baixar a rela\u00e7\u00e3o em PDF e Excel.<\/div>\n\t\t\t\t\t\t<a class=\"service-more\" href=\"http:\/\/transparencia.fundacoesufpel.com.br\/PortalTransparenciaFAU\/pagamentos\">acesse<\/a>\n\t\t\t<\/div>\n<\/div>\n<\/div><\/div><\/div><\/div><div id=\"pg-1360-5\"  class=\"panel-grid panel-has-style\" ><div class=\"panel-row-style panel-row-style-for-1360-5\" ><div id=\"pgc-1360-5-0\"  class=\"panel-grid-cell\" ><div id=\"panel-1360-5-0-0\" class=\"so-panel widget widget_themegrill_flash_service tg-widget tg-single-service panel-first-child panel-last-child\" data-index=\"11\" >\n<div class=\"tg-service-widget tg-service-layout-1\">\n\t<div class=\"service-wrapper\">\n\t\t<div class=\"service-icon-title-wrapper clearfix\">\n\t\t\t\t\t\t<div class=\"service-icon-wrap\"><i class=\"fa fa-exchange\"><\/i><\/div>\n\t\t\t\t\t\t\t\t\t\t\t\t<h3 class=\"service-title-wrap\">\n\t\t\t\t\t\t\t\t<a href=\"https:\/\/fundacoesufpel.com.br\/fau\/pagamento-bolsistas\/\">\n\t\t\t\tPagamentos Bolsistas\t\t\t\t\t\t\t\t<\/a>\n\t\t\t\t\t\t\t<\/h3>\n\t\t\t\t\t<\/div>\n\t\t\t\t<div class=\"service-content-wrap\">O pagamento de bolsistas \u00e9 disponibilizado em PDF de forma geral e mensal, informando a rela\u00e7\u00e3o de bolsas pagas por todos os projetos por m\u00eas.<\/div>\n\t\t\t\t\t\t<a class=\"service-more\" href=\"https:\/\/fundacoesufpel.com.br\/fau\/pagamento-bolsistas\/\">acesse<\/a>\n\t\t\t<\/div>\n<\/div>\n<\/div><\/div><div id=\"pgc-1360-5-1\"  class=\"panel-grid-cell\" ><div id=\"panel-1360-5-1-0\" class=\"so-panel widget widget_themegrill_flash_service tg-widget tg-single-service panel-first-child panel-last-child\" data-index=\"12\" >\n<div class=\"tg-service-widget tg-service-layout-1\">\n\t<div class=\"service-wrapper\">\n\t\t<div class=\"service-icon-title-wrapper clearfix\">\n\t\t\t\t\t\t<div class=\"service-icon-wrap\"><i class=\"fa fa-calendar-plus-o\"><\/i><\/div>\n\t\t\t\t\t\t\t\t\t\t\t\t<h3 class=\"service-title-wrap\">\n\t\t\t\t\t\t\t\t<a href=\"https:\/\/fundacoesufpel.com.br\/fau\/prestacao-de-contas-anterior-ao-portal-da-transparencia\/\">\n\t\t\t\tPresta\u00e7\u00f5es de Contas anterior a 2018\t\t\t\t\t\t\t\t<\/a>\n\t\t\t\t\t\t\t<\/h3>\n\t\t\t\t\t<\/div>\n\t\t\t\t<div class=\"service-content-wrap\">Trata-se da disponibiliza\u00e7\u00e3o da presta\u00e7\u00e3o de contas final de Conv\u00eanios e Contratos iniciados e\/ou finalizados anterior ao ano de 2018, o qual n\u00e3o eram executados pelo o Sistema de Administra\u00e7\u00e3o e Gest\u00e3o Integrada \u2013 SAGI.<\/div>\n\t\t\t\t\t\t<a class=\"service-more\" href=\"https:\/\/fundacoesufpel.com.br\/fau\/prestacao-de-contas-anterior-ao-portal-da-transparencia\/\">acesse<\/a>\n\t\t\t<\/div>\n<\/div>\n<\/div><\/div><\/div><\/div><\/div>","protected":false},"excerpt":{"rendered":"<p>Atrav\u00e9s dos menus identificados ao lado e detalhados abaixo, voc\u00ea conseguir\u00e1 acessar as informa\u00e7\u00f5es sobre a execu\u00e7\u00e3o dos projetos administrados [&hellip;]<\/p>\n","protected":false},"author":1,"featured_media":0,"parent":0,"menu_order":0,"comment_status":"closed","ping_status":"closed","template":"page-templates\/full-width.php","meta":{"jetpack_post_was_ever_published":false,"footnotes":""},"class_list":["post-1360","page","type-page","status-publish","hentry"],"jetpack_sharing_enabled":false,"jetpack_likes_enabled":false,"jetpack-related-posts":[],"jetpack_shortlink":"https:\/\/wp.me\/Pcrxge-lW","_links":{"self":[{"href":"https:\/\/fundacoesufpel.com.br\/fau\/wp-json\/wp\/v2\/pages\/1360","targetHints":{"allow":["GET"]}}],"collection":[{"href":"https:\/\/fundacoesufpel.com.br\/fau\/wp-json\/wp\/v2\/pages"}],"about":[{"href":"https:\/\/fundacoesufpel.com.br\/fau\/wp-json\/wp\/v2\/types\/page"}],"author":[{"embeddable":true,"href":"https:\/\/fundacoesufpel.com.br\/fau\/wp-json\/wp\/v2\/users\/1"}],"replies":[{"embeddable":true,"href":"https:\/\/fundacoesufpel.com.br\/fau\/wp-json\/wp\/v2\/comments?post=1360"}],"version-history":[{"count":13,"href":"https:\/\/fundacoesufpel.com.br\/fau\/wp-json\/wp\/v2\/pages\/1360\/revisions"}],"predecessor-version":[{"id":3033,"href":"https:\/\/fundacoesufpel.com.br\/fau\/wp-json\/wp\/v2\/pages\/1360\/revisions\/3033"}],"wp:attachment":[{"href":"https:\/\/fundacoesufpel.com.br\/fau\/wp-json\/wp\/v2\/media?parent=1360"}],"curies":[{"name":"wp","href":"https:\/\/api.w.org\/{rel}","templated":true}]}}